{"id":1092,"date":"2024-04-09T18:43:18","date_gmt":"2024-04-09T21:43:18","guid":{"rendered":"https:\/\/anibalsilveira.org\/?page_id=1092"},"modified":"2024-05-03T10:28:56","modified_gmt":"2024-05-03T13:28:56","slug":"patogenese-uma-introducao-ao-pensamento-de-anibal-silveira","status":"publish","type":"page","link":"https:\/\/anibalsilveira.org\/en\/patogenese-uma-introducao-ao-pensamento-de-anibal-silveira\/","title":{"rendered":"Patog\u00eanese. Uma introdu\u00e7\u00e3o ao pensamento de Anibal Silveira."},"content":{"rendered":"<p class=\"has-text-align-center\">Patog\u00eanese. Uma introdu\u00e7\u00e3o ao pensamento de Anibal Silveira. Paulo Palladini, 2010<\/p>\n\n\n\n<div data-wp-interactive=\"core\/file\" class=\"wp-block-file\"><object data-wp-bind--hidden=\"!state.hasPdfPreview\" hidden class=\"wp-block-file__embed\" data=\"https:\/\/anibalsilveira.org\/wp-content\/uploads\/2024\/05\/PDF-Patoge\u0302nese.pdf\" type=\"application\/pdf\" style=\"width:100%;height:600px\" aria-label=\"Embed of Incorporado de PDF-Patoge\u0302nese..\"><\/object><a id=\"wp-block-file--media-000fe0e9-5a63-458c-9c5c-d8a93ca1e487\" href=\"https:\/\/anibalsilveira.org\/wp-content\/uploads\/2024\/05\/PDF-Patoge\u0302nese.pdf\" target=\"_blank\" rel=\"noreferrer noopener\">PDF-Patoge\u0302nese<\/a><\/div>","protected":false},"excerpt":{"rendered":"<p>Patog\u00eanese. Uma introdu\u00e7\u00e3o ao pensamento de Anibal Silveira. Paulo Palladini, 2010<\/p>","protected":false},"author":8,"featured_media":0,"parent":0,"menu_order":0,"comment_status":"closed","ping_status":"closed","template":"","meta":{"footnotes":""},"categories":[],"tags":[],"class_list":["post-1092","page","type-page","status-publish","hentry"],"_links":{"self":[{"href":"https:\/\/anibalsilveira.org\/en\/wp-json\/wp\/v2\/pages\/1092","targetHints":{"allow":["GET"]}}],"collection":[{"href":"https:\/\/anibalsilveira.org\/en\/wp-json\/wp\/v2\/pages"}],"about":[{"href":"https:\/\/anibalsilveira.org\/en\/wp-json\/wp\/v2\/types\/page"}],"author":[{"embeddable":true,"href":"https:\/\/anibalsilveira.org\/en\/wp-json\/wp\/v2\/users\/8"}],"replies":[{"embeddable":true,"href":"https:\/\/anibalsilveira.org\/en\/wp-json\/wp\/v2\/comments?post=1092"}],"version-history":[{"count":6,"href":"https:\/\/anibalsilveira.org\/en\/wp-json\/wp\/v2\/pages\/1092\/revisions"}],"predecessor-version":[{"id":2080,"href":"https:\/\/anibalsilveira.org\/en\/wp-json\/wp\/v2\/pages\/1092\/revisions\/2080"}],"wp:attachment":[{"href":"https:\/\/anibalsilveira.org\/en\/wp-json\/wp\/v2\/media?parent=1092"}],"wp:term":[{"taxonomy":"category","embeddable":true,"href":"https:\/\/anibalsilveira.org\/en\/wp-json\/wp\/v2\/categories?post=1092"},{"taxonomy":"post_tag","embeddable":true,"href":"https:\/\/anibalsilveira.org\/en\/wp-json\/wp\/v2\/tags?post=1092"}],"curies":[{"name":"wp","href":"https:\/\/api.w.org\/{rel}","templated":true}]}}