{"id":1163,"date":"2024-04-12T19:29:40","date_gmt":"2024-04-12T22:29:40","guid":{"rendered":"https:\/\/anibalsilveira.org\/?page_id=1163"},"modified":"2024-07-09T20:12:57","modified_gmt":"2024-07-09T23:12:57","slug":"artigos-e-apontamentos-de-anibal-silveira-relacionados-com-a-psicopatologia-geral-e-especial","status":"publish","type":"page","link":"https:\/\/anibalsilveira.org\/en\/artigos-e-apontamentos-de-anibal-silveira-relacionados-com-a-psicopatologia-geral-e-especial\/","title":{"rendered":"Artigos e apontamentos de aulas An\u00edbal Silveira relacionados com a Psicopatologia Geral"},"content":{"rendered":"<p class=\"has-text-align-right\"><strong>Organizadores:<br>Fl\u00e1vio Vivacqua<br>Francisco Drumond Marcondes de Moura<br>Paulo Palladini<br>Roberto Fasano Net<\/strong>o<\/p>\n\n\n\n<p class=\"has-text-align-left\">Esta colet\u00e2nea de textos foi organizada e sistematizada tendo como ponto de partida o material compilado de aulas que An\u00edbal Silveira proferiu sobre esse tema, no per\u00edodo de 1935 a 1979. No caso de ter sido poss\u00edvel identificar a data e o local de cada aula e, eventualmente, quem procedeu a anota\u00e7\u00e3o, essa indica\u00e7\u00e3o foi registrada na Nota de Rodap\u00e9 de cada aula.<\/p>\n\n\n\n<h4 class=\"wp-block-heading\"><strong><span style=\"text-decoration: underline;\">Artigos<\/span>:<\/strong><\/h4>\n\n\n\n<ul class=\"wp-block-list\">\n<li><strong>Heredopatologia no dom\u00ednio das doen\u00e7as mentais<\/strong><\/li>\n\n\n\n<li><strong>O aspecto heredol\u00f3gico na classifica\u00e7\u00e3o das doen\u00e7as mentais<\/strong><\/li>\n\n\n\n<li><strong>Psicopato<\/strong><strong>l<\/strong><strong>ogia dos <\/strong><strong>del\u00edrios<\/strong><\/li>\n<\/ul>\n\n\n\n<h4 class=\"wp-block-heading\"><strong><span style=\"text-decoration: underline;\">Apontamentos de aulas<\/span>:<\/strong><\/h4>\n\n\n\n<ol class=\"wp-block-list\">\n<li><strong>Conceito e delimita\u00e7\u00e3o de Psicopatologia<\/strong><\/li>\n\n\n\n<li><strong>Patog\u00eanese dos sintomas e do quadro cl\u00ednico, em psiquiatria. Distin\u00e7\u00e3o necess\u00e1ria.<\/strong><\/li>\n\n\n\n<li><strong>Conceito de ciclo heredol\u00f3gico. Esbo\u00e7o de classifica\u00e7\u00e3o das condi\u00e7\u00f5es mentais m\u00f3rbidas.<\/strong><\/li>\n\n\n\n<li><strong>Psicopatologia. Ciclo heredol\u00f3gico em particular.<\/strong><\/li>\n\n\n\n<li><a href=\"https:\/\/anibalsilveira.org\/acepcao-de-ambiente-e-de-mundo-interno\/\"><strong>Acep\u00e7\u00e3o de ambiente e de mundo interno.Aprecia\u00e7\u00e3o do meio familiar, pelo aspecto evolutivo.<\/strong><\/a><\/li>\n\n\n\n<li><strong>Acep\u00e7\u00e3o de ambiente, gen\u00e9tica e aprendizado. Comportamento subjetivo<\/strong><\/li>\n\n\n\n<li><a href=\"https:\/\/anibalsilveira.org\/comportamento-subjetivo-e-comportamento-explicito\/\"><strong>Comportamento subjetivo e comportamento expl\u00edcito<\/strong><\/a><\/li>\n\n\n\n<li><strong>Patog\u00eanese do p\u00e2nico e da c\u00f3lera<\/strong><\/li>\n\n\n\n<li><strong>Dist\u00farbios afetivos em n\u00edvel instintivo. Doen\u00e7a psicossom\u00e1tica<\/strong><\/li>\n\n\n\n<li><strong>Transtorno da integra\u00e7\u00e3o afetivo-instintiva da personalidade<\/strong><\/li>\n\n\n\n<li><strong>G\u00eanese afetiva dos dist\u00farbios da psicopatia e na encefalite epid\u00eamica.<\/strong><\/li>\n\n\n\n<li><strong>Altera\u00e7\u00f5es agudas na esfera afetiva: p\u00e2nico e c\u00f3lera, pelo prisma da patog\u00eanese.<\/strong><\/li>\n\n\n\n<li><strong>Estado Crepuscular e Estado \u201cSegundo\u201d, pelo aspecto da din\u00e2mica subjetiva<\/strong><\/li>\n\n\n\n<li><strong>Estado crepuscular. \u201cEstado segundo\u201d. Despersonaliza\u00e7\u00e3o.<\/strong><\/li>\n\n\n\n<li><strong>Din\u00e2mica psicol\u00f3gica da despersonaliza\u00e7\u00e3o<\/strong><\/li>\n\n\n\n<li><strong>Ilus\u00f5es sensoriais. Dinamismo diferencial.<\/strong><\/li>\n\n\n\n<li><strong>Fen\u00f4menos de automatismo mental de Cl\u00e9rambault, quanto \u00e0 patog\u00eanese.<\/strong><\/li>\n\n\n\n<li><strong>Dinamismo patol\u00f3gico nos v\u00e1rios tipos de automatismo mental de Cl\u00e9rambault<\/strong><\/li>\n\n\n\n<li><strong>Din\u00e2mica patog\u00eanica das alucina\u00e7\u00f5es auditivas.<\/strong><\/li>\n\n\n\n<li><strong>Significado das alucina\u00e7\u00f5es visuais, quanto \u00e0 patog\u00eanese. Confronto com os fen\u00f4menos eid\u00e9ticos.<\/strong><\/li>\n\n\n\n<li><strong>\u201cDel\u00edrio\u201d on\u00edrico e fixa\u00e7\u00e3o p\u00f3s-on\u00edrica. Hip\u00f3tese quanto \u00e0 patog\u00eanese<\/strong><\/li>\n\n\n\n<li><strong>Fabula\u00e7\u00f5es ocasionais e fabula\u00e7\u00f5es est\u00e1veis, pelo aspecto patogen\u00e9tico.<\/strong><\/li>\n\n\n\n<li><strong>Patog\u00eanese da fabula\u00e7\u00e3o e das concep\u00e7\u00f5es delirantes<\/strong><\/li>\n\n\n\n<li><strong>Patog\u00eanese das fabula\u00e7\u00f5es. Altera\u00e7\u00f5es da express\u00e3o verbal<\/strong><\/li>\n\n\n\n<li><strong>Psicopatog\u00eanese da Confus\u00e3o Mental<\/strong><\/li>\n\n\n\n<li><strong>Dinamismos psicol\u00f3gicos na confus\u00e3o mental<\/strong><\/li>\n\n\n\n<li><strong>Dinamismos nos dist\u00farbios da elabora\u00e7\u00e3o : patog\u00eanese da fabula\u00e7\u00e3o e dos del\u00edrios<\/strong><\/li>\n\n\n\n<li><strong>G\u00eanese das manifesta\u00e7\u00f5es do del\u00edrio on\u00edrico<\/strong><\/li>\n\n\n\n<li><strong>Del\u00edrio no sentido estrito. Patog\u00eanese diferencial<\/strong><\/li>\n\n\n\n<li><strong>Psicopatologia das concep\u00e7\u00f5es delirantes<\/strong><\/li>\n\n\n\n<li><strong>Estudo patogen\u00e9tico das altera\u00e7\u00f5es da express\u00e3o verbal.<\/strong><\/li>\n\n\n\n<li><strong>Dinamismos patogen\u00e9ticos nas altera\u00e7\u00f5es da comunica\u00e7\u00e3o<\/strong><\/li>\n\n\n\n<li><strong>Din\u00e2mica funcional na patologia cerebral \u201corg\u00e2nica\u201d. Conhecimentos atuais<\/strong><\/li>\n\n\n\n<li><strong>Psicog\u00eanese dos quadros mentais e de sintomas vegetativos.<\/strong><\/li>\n\n\n\n<li><strong>Regress\u00e3o afetivo-emocional como dinamismo geral no car\u00e1ter neur\u00f3tico.<\/strong><\/li>\n\n\n\n<li><strong>Estrutura e dinamismo nas neuroses do grupo ansioso-f\u00f3bico e nas do grupo obsessivo<\/strong><\/li>\n\n\n\n<li><strong>Ilus\u00f5es sensoriais<\/strong><\/li>\n\n\n\n<li><strong>Fen\u00f4menos eid\u00e9ticos<\/strong><\/li>\n\n\n\n<li><strong>Patog\u00eanese do automatismo mental de Cl\u00e9rambault<\/strong><\/li>\n\n\n\n<li><strong>Patog\u00eanese das alucina\u00e7\u00f5es auditivas<\/strong><\/li>\n\n\n\n<li><strong>Dist\u00farbios da cona\u00e7\u00e3o e da l\u00f3gica, no estado de p\u00e2nico e na c\u00f3lera, nas obsess\u00f5es<\/strong><\/li>\n\n\n\n<li><strong>Alucina\u00e7\u00f5es visuais<\/strong><\/li>\n\n\n\n<li><strong>Din\u00e2mica subjetiva das Ilus\u00f5es, do falso reconhecimento e da sensa\u00e7\u00e3o de estranheza<\/strong><\/li>\n\n\n\n<li><strong>Distin\u00e7\u00e3o entre alucina\u00e7\u00f5es visuais e fen\u00f4menos eid\u00e9ticos<\/strong><\/li>\n\n\n\n<li><strong>Din\u00e2mica psicol\u00f3gica nas diferentes modalidades de alucina\u00e7\u00f5es. Patog\u00eanese<\/strong><\/li>\n\n\n\n<li><strong>Altera\u00e7\u00f5es do pensamento. Dinamismo diferencial<\/strong><\/li>\n\n\n\n<li><strong>Estrutura e dinamismo patol\u00f3gico nas concep\u00e7\u00f5es delirantes<\/strong><\/li>\n\n\n\n<li><strong>Desordens do trabalho mental sob a forma de pensamento paral\u00f3gico, al\u00f3gico<\/strong><\/li>\n\n\n\n<li><strong>Altera\u00e7\u00f5es da mem\u00f3ria, do pensamento abstrato a partir do c\u00e9rebro<\/strong><\/li>\n<\/ol>","protected":false},"excerpt":{"rendered":"<p>Organizadores:Fl\u00e1vio VivacquaFrancisco Drumond Marcondes de MouraPaulo PalladiniRoberto Fasano Neto Esta colet\u00e2nea de textos foi organizada e sistematizada tendo como ponto de partida o material compilado de aulas que An\u00edbal Silveira proferiu sobre esse tema, no per\u00edodo de 1935 a 1979. No caso de ter sido poss\u00edvel identificar a data e o local de cada aula [&hellip;]<\/p>\n","protected":false},"author":8,"featured_media":0,"parent":0,"menu_order":0,"comment_status":"closed","ping_status":"closed","template":"","meta":{"footnotes":""},"categories":[],"tags":[],"class_list":["post-1163","page","type-page","status-publish","hentry"],"_links":{"self":[{"href":"https:\/\/anibalsilveira.org\/en\/wp-json\/wp\/v2\/pages\/1163","targetHints":{"allow":["GET"]}}],"collection":[{"href":"https:\/\/anibalsilveira.org\/en\/wp-json\/wp\/v2\/pages"}],"about":[{"href":"https:\/\/anibalsilveira.org\/en\/wp-json\/wp\/v2\/types\/page"}],"author":[{"embeddable":true,"href":"https:\/\/anibalsilveira.org\/en\/wp-json\/wp\/v2\/users\/8"}],"replies":[{"embeddable":true,"href":"https:\/\/anibalsilveira.org\/en\/wp-json\/wp\/v2\/comments?post=1163"}],"version-history":[{"count":32,"href":"https:\/\/anibalsilveira.org\/en\/wp-json\/wp\/v2\/pages\/1163\/revisions"}],"predecessor-version":[{"id":2922,"href":"https:\/\/anibalsilveira.org\/en\/wp-json\/wp\/v2\/pages\/1163\/revisions\/2922"}],"wp:attachment":[{"href":"https:\/\/anibalsilveira.org\/en\/wp-json\/wp\/v2\/media?parent=1163"}],"wp:term":[{"taxonomy":"category","embeddable":true,"href":"https:\/\/anibalsilveira.org\/en\/wp-json\/wp\/v2\/categories?post=1163"},{"taxonomy":"post_tag","embeddable":true,"href":"https:\/\/anibalsilveira.org\/en\/wp-json\/wp\/v2\/tags?post=1163"}],"curies":[{"name":"wp","href":"https:\/\/api.w.org\/{rel}","templated":true}]}}