{"id":1167,"date":"2024-04-12T19:30:54","date_gmt":"2024-04-12T22:30:54","guid":{"rendered":"https:\/\/anibalsilveira.org\/?page_id=1167"},"modified":"2024-06-18T20:02:29","modified_gmt":"2024-06-18T23:02:29","slug":"patologia-cerebral-e-a-psiquiatria-segundo-kleist","status":"publish","type":"page","link":"https:\/\/anibalsilveira.org\/en\/patologia-cerebral-e-a-psiquiatria-segundo-kleist\/","title":{"rendered":"Patologia Cerebral e a Psiquiatria segundo Kleist"},"content":{"rendered":"<ul class=\"wp-block-list\">\n<li><a href=\"https:\/\/anibalsilveira.org\/gehirnpathologie\/\"><strong>Gehirnpathologie<\/strong><\/a><\/li>\n\n\n\n<li><strong><a href=\"https:\/\/anibalsilveira.org\/artigos-de-kleist\/\">Artigos de Kleist<\/a><\/strong><\/li>\n\n\n\n<li><a href=\"https:\/\/anibalsilveira.org\/coletanea-de-artigos-sobre-a-psiquiatria-na-acepcao-de-kleist\/\"><strong>Artigos de An\u00edbal Silveira sobre a Psiquiatria na acep\u00e7\u00e3o de Kleist<\/strong><\/a><\/li>\n\n\n\n<li><a href=\"https:\/\/anibalsilveira.org\/coletanea-de-artigos-de-outros-autores-sobre-a-obra-de-kleist\/\"><strong>Artigos de outros autores sobre a obra de Kleist<\/strong><\/a><\/li>\n<\/ul>","protected":false},"excerpt":{"rendered":"","protected":false},"author":8,"featured_media":0,"parent":0,"menu_order":0,"comment_status":"closed","ping_status":"closed","template":"","meta":{"footnotes":""},"categories":[],"tags":[],"class_list":["post-1167","page","type-page","status-publish","hentry"],"_links":{"self":[{"href":"https:\/\/anibalsilveira.org\/en\/wp-json\/wp\/v2\/pages\/1167","targetHints":{"allow":["GET"]}}],"collection":[{"href":"https:\/\/anibalsilveira.org\/en\/wp-json\/wp\/v2\/pages"}],"about":[{"href":"https:\/\/anibalsilveira.org\/en\/wp-json\/wp\/v2\/types\/page"}],"author":[{"embeddable":true,"href":"https:\/\/anibalsilveira.org\/en\/wp-json\/wp\/v2\/users\/8"}],"replies":[{"embeddable":true,"href":"https:\/\/anibalsilveira.org\/en\/wp-json\/wp\/v2\/comments?post=1167"}],"version-history":[{"count":15,"href":"https:\/\/anibalsilveira.org\/en\/wp-json\/wp\/v2\/pages\/1167\/revisions"}],"predecessor-version":[{"id":2551,"href":"https:\/\/anibalsilveira.org\/en\/wp-json\/wp\/v2\/pages\/1167\/revisions\/2551"}],"wp:attachment":[{"href":"https:\/\/anibalsilveira.org\/en\/wp-json\/wp\/v2\/media?parent=1167"}],"wp:term":[{"taxonomy":"category","embeddable":true,"href":"https:\/\/anibalsilveira.org\/en\/wp-json\/wp\/v2\/categories?post=1167"},{"taxonomy":"post_tag","embeddable":true,"href":"https:\/\/anibalsilveira.org\/en\/wp-json\/wp\/v2\/tags?post=1167"}],"curies":[{"name":"wp","href":"https:\/\/api.w.org\/{rel}","templated":true}]}}