{"id":1171,"date":"2024-04-12T19:31:59","date_gmt":"2024-04-12T22:31:59","guid":{"rendered":"https:\/\/anibalsilveira.org\/?page_id=1171"},"modified":"2024-06-18T18:50:04","modified_gmt":"2024-06-18T21:50:04","slug":"coletanea-de-artigos-sobre-a-psiquiatria-na-acepcao-de-kleist","status":"publish","type":"page","link":"https:\/\/anibalsilveira.org\/en\/coletanea-de-artigos-sobre-a-psiquiatria-na-acepcao-de-kleist\/","title":{"rendered":"Artigos de An\u00edbal Silveira sobre a Psiquiatria na acep\u00e7\u00e3o de Kleist"},"content":{"rendered":"<ol class=\"wp-block-list\"><li>Karl Kleist<\/li><li>Karl Kleist, um dos fundadores da Psiquiatria<\/li><li>Karl Kleist. In Memorian<\/li><li>Caracteriza\u00e7\u00e3o da patologia cerebral, da psicopatologia e da heredopatologia em Kleist<\/li><li>Esquizofrenia e psicoses degenerativas de Kleist. Patogenia e psicopatologia diferenciais<\/li><\/ol>","protected":false},"excerpt":{"rendered":"<p>Karl Kleist Karl Kleist, um dos fundadores da Psiquiatria Karl Kleist. In Memorian Caracteriza\u00e7\u00e3o da patologia cerebral, da psicopatologia e da heredopatologia em Kleist Esquizofrenia e psicoses degenerativas de Kleist. Patogenia e psicopatologia diferenciais<\/p>","protected":false},"author":8,"featured_media":0,"parent":0,"menu_order":0,"comment_status":"closed","ping_status":"closed","template":"","meta":{"footnotes":""},"categories":[],"tags":[],"class_list":["post-1171","page","type-page","status-publish","hentry"],"_links":{"self":[{"href":"https:\/\/anibalsilveira.org\/en\/wp-json\/wp\/v2\/pages\/1171","targetHints":{"allow":["GET"]}}],"collection":[{"href":"https:\/\/anibalsilveira.org\/en\/wp-json\/wp\/v2\/pages"}],"about":[{"href":"https:\/\/anibalsilveira.org\/en\/wp-json\/wp\/v2\/types\/page"}],"author":[{"embeddable":true,"href":"https:\/\/anibalsilveira.org\/en\/wp-json\/wp\/v2\/users\/8"}],"replies":[{"embeddable":true,"href":"https:\/\/anibalsilveira.org\/en\/wp-json\/wp\/v2\/comments?post=1171"}],"version-history":[{"count":3,"href":"https:\/\/anibalsilveira.org\/en\/wp-json\/wp\/v2\/pages\/1171\/revisions"}],"predecessor-version":[{"id":2523,"href":"https:\/\/anibalsilveira.org\/en\/wp-json\/wp\/v2\/pages\/1171\/revisions\/2523"}],"wp:attachment":[{"href":"https:\/\/anibalsilveira.org\/en\/wp-json\/wp\/v2\/media?parent=1171"}],"wp:term":[{"taxonomy":"category","embeddable":true,"href":"https:\/\/anibalsilveira.org\/en\/wp-json\/wp\/v2\/categories?post=1171"},{"taxonomy":"post_tag","embeddable":true,"href":"https:\/\/anibalsilveira.org\/en\/wp-json\/wp\/v2\/tags?post=1171"}],"curies":[{"name":"wp","href":"https:\/\/api.w.org\/{rel}","templated":true}]}}