{"id":134,"date":"2022-06-21T12:38:32","date_gmt":"2022-06-21T15:38:32","guid":{"rendered":"http:\/\/anibalsilveira.org\/?page_id=134"},"modified":"2022-11-07T18:11:54","modified_gmt":"2022-11-07T21:11:54","slug":"genetica-e-patogenese-das-psicoses-endogenas","status":"publish","type":"page","link":"https:\/\/anibalsilveira.org\/en\/genetica-e-patogenese-das-psicoses-endogenas\/","title":{"rendered":"Gen\u00e9tica e Patog\u00eanese das Psicoses End\u00f3genas"},"content":{"rendered":"<h4 class=\"wp-block-heading\">Import\u00e2ncia do diagn\u00f3stico orientado pela patog\u00eanese na pesquisa da base fisiogen\u00e9tica das psicoses end\u00f3genas<\/h4>\n\n\n\n<h4 class=\"wp-block-heading\">A pesquisa da base gen\u00e9tica das psicoses end\u00f3genas no contexto do Projeto Genoma Humano<\/h4>\n\n\n\n<h4 class=\"wp-block-heading\">Artigos e aulas de An\u00edbal Silveira sobre a Gen\u00e9tica e Psiquiatria<\/h4>","protected":false},"excerpt":{"rendered":"<p>Import\u00e2ncia do diagn\u00f3stico orientado pela patog\u00eanese na pesquisa da base fisiogen\u00e9tica das psicoses end\u00f3genas A pesquisa da base gen\u00e9tica das psicoses end\u00f3genas no contexto do Projeto Genoma Humano Artigos e aulas de An\u00edbal Silveira sobre a Gen\u00e9tica e Psiquiatria<\/p>","protected":false},"author":1,"featured_media":0,"parent":0,"menu_order":0,"comment_status":"closed","ping_status":"closed","template":"templates\/template-full-width.php","meta":{"footnotes":""},"categories":[],"tags":[],"class_list":["post-134","page","type-page","status-publish","hentry"],"_links":{"self":[{"href":"https:\/\/anibalsilveira.org\/en\/wp-json\/wp\/v2\/pages\/134","targetHints":{"allow":["GET"]}}],"collection":[{"href":"https:\/\/anibalsilveira.org\/en\/wp-json\/wp\/v2\/pages"}],"about":[{"href":"https:\/\/anibalsilveira.org\/en\/wp-json\/wp\/v2\/types\/page"}],"author":[{"embeddable":true,"href":"https:\/\/anibalsilveira.org\/en\/wp-json\/wp\/v2\/users\/1"}],"replies":[{"embeddable":true,"href":"https:\/\/anibalsilveira.org\/en\/wp-json\/wp\/v2\/comments?post=134"}],"version-history":[{"count":5,"href":"https:\/\/anibalsilveira.org\/en\/wp-json\/wp\/v2\/pages\/134\/revisions"}],"predecessor-version":[{"id":768,"href":"https:\/\/anibalsilveira.org\/en\/wp-json\/wp\/v2\/pages\/134\/revisions\/768"}],"wp:attachment":[{"href":"https:\/\/anibalsilveira.org\/en\/wp-json\/wp\/v2\/media?parent=134"}],"wp:term":[{"taxonomy":"category","embeddable":true,"href":"https:\/\/anibalsilveira.org\/en\/wp-json\/wp\/v2\/categories?post=134"},{"taxonomy":"post_tag","embeddable":true,"href":"https:\/\/anibalsilveira.org\/en\/wp-json\/wp\/v2\/tags?post=134"}],"curies":[{"name":"wp","href":"https:\/\/api.w.org\/{rel}","templated":true}]}}