{"id":1817,"date":"2024-04-22T18:46:55","date_gmt":"2024-04-22T21:46:55","guid":{"rendered":"https:\/\/anibalsilveira.org\/?page_id=1817"},"modified":"2024-05-27T15:30:34","modified_gmt":"2024-05-27T18:30:34","slug":"personality-traits-and-related-conditions-for-the-assessment-of-genetic-circles","status":"publish","type":"page","link":"https:\/\/anibalsilveira.org\/en\/personality-traits-and-related-conditions-for-the-assessment-of-genetic-circles\/","title":{"rendered":"Personality traits and related conditions, for the assessment of genetic circles"},"content":{"rendered":"<p class=\"has-text-align-center\"><strong>PERSONALITY TRAITS AND RELATED CONDITIONS, FOR THE ASSESSMENT OF GENETIC CIRCLES<\/strong><sup data-fn=\"b6f5e5c0-1f42-4d67-aa0d-698ad8294400\" class=\"fn\"><a href=\"#b6f5e5c0-1f42-4d67-aa0d-698ad8294400\" id=\"b6f5e5c0-1f42-4d67-aa0d-698ad8294400-link\">1<\/a><\/sup><\/p>\n\n\n\n<p class=\"has-text-align-right\"><strong><sup>An\u00edbal Silveira<br>Department of Psychiatry, Faculty of Medicine, Jundia\u00ed, SP, Brazil<\/sup><\/strong><\/p>\n\n\n\n<p>From 1930 through 1952 we studied at Juqueri State Hospital, near S\u00e3o Paulo, 4.766 patients, whose heredological records enabled us to evolve a four grade scale of genetical taint. Thereafter, in our routine work at a Health Cl\u00ednic, in S\u00e3o Paulo City, we could scan out by 1966, under such criterion, 6.110 among 7.025 not mentally disturbed counseless &#8211; ranging from infants to adults. A survey of the collected data suggests a gradiente of 6 levels \u2013 instead of the conventional 3 ones, for assessment of genetic circles. These levels would range from constitucional mental illness down to psychic trends evidence only at occasional breakdowns. Within epilepsy area we found, besides seizures and paroxysms, 1) 8 categories of clinical patterns: 3 kinds of endogenous benign psychoses described by Kleist; asthenic, unstable and explosive personalities; compulsion neuroses; conversion hysteria; 2) 6 types of abnormal traits: irritability, obstinacy, perseveration, suggestibility, mysticism, fanatismo; 3) toxic twilight states or stupor; 4) 9 related familial clinical conditions: headache, somnanbulism or childhood hyperactivity, pavor nocturns, enuresis, dysgenesis \u2013 somatic or neural \u2013 abortion, stillbirth, eclampsia, death at childbirth. Such traits, arrived at empirically, were later on verified as statistiocally significant by a female collaborator.<\/p>\n\n\n<ol class=\"wp-block-footnotes\"><li id=\"b6f5e5c0-1f42-4d67-aa0d-698ad8294400\">II nd World Congress of Biological Psyquiatry, Barcelona, Spain, september\/1978 <a href=\"#b6f5e5c0-1f42-4d67-aa0d-698ad8294400-link\" aria-label=\"Jump to footnote reference 1\">\u21a9\ufe0e<\/a><\/li><\/ol>","protected":false},"excerpt":{"rendered":"<p>PERSONALITY TRAITS AND RELATED CONDITIONS, FOR THE ASSESSMENT OF GENETIC CIRCLES An\u00edbal SilveiraDepartment of Psychiatry, Faculty of Medicine, Jundia\u00ed, SP, Brazil From 1930 through 1952 we studied at Juqueri State Hospital, near S\u00e3o Paulo, 4.766 patients, whose heredological records enabled us to evolve a four grade scale of genetical taint. Thereafter, in our routine work [&hellip;]<\/p>\n","protected":false},"author":8,"featured_media":0,"parent":0,"menu_order":0,"comment_status":"closed","ping_status":"closed","template":"","meta":{"footnotes":"[{\"content\":\"II nd World Congress of Biological Psyquiatry, Barcelona, Spain, september\/1978\",\"id\":\"b6f5e5c0-1f42-4d67-aa0d-698ad8294400\"}]"},"categories":[],"tags":[],"class_list":["post-1817","page","type-page","status-publish","hentry"],"_links":{"self":[{"href":"https:\/\/anibalsilveira.org\/en\/wp-json\/wp\/v2\/pages\/1817","targetHints":{"allow":["GET"]}}],"collection":[{"href":"https:\/\/anibalsilveira.org\/en\/wp-json\/wp\/v2\/pages"}],"about":[{"href":"https:\/\/anibalsilveira.org\/en\/wp-json\/wp\/v2\/types\/page"}],"author":[{"embeddable":true,"href":"https:\/\/anibalsilveira.org\/en\/wp-json\/wp\/v2\/users\/8"}],"replies":[{"embeddable":true,"href":"https:\/\/anibalsilveira.org\/en\/wp-json\/wp\/v2\/comments?post=1817"}],"version-history":[{"count":4,"href":"https:\/\/anibalsilveira.org\/en\/wp-json\/wp\/v2\/pages\/1817\/revisions"}],"predecessor-version":[{"id":2273,"href":"https:\/\/anibalsilveira.org\/en\/wp-json\/wp\/v2\/pages\/1817\/revisions\/2273"}],"wp:attachment":[{"href":"https:\/\/anibalsilveira.org\/en\/wp-json\/wp\/v2\/media?parent=1817"}],"wp:term":[{"taxonomy":"category","embeddable":true,"href":"https:\/\/anibalsilveira.org\/en\/wp-json\/wp\/v2\/categories?post=1817"},{"taxonomy":"post_tag","embeddable":true,"href":"https:\/\/anibalsilveira.org\/en\/wp-json\/wp\/v2\/tags?post=1817"}],"curies":[{"name":"wp","href":"https:\/\/api.w.org\/{rel}","templated":true}]}}