{"id":1972,"date":"2024-04-25T19:53:40","date_gmt":"2024-04-25T22:53:40","guid":{"rendered":"https:\/\/anibalsilveira.org\/?page_id=1972"},"modified":"2024-05-06T20:16:22","modified_gmt":"2024-05-06T23:16:22","slug":"parafrenia-na-acepcao-de-kleist","status":"publish","type":"page","link":"https:\/\/anibalsilveira.org\/en\/parafrenia-na-acepcao-de-kleist\/","title":{"rendered":"Parafrenia na acep\u00e7\u00e3o de Kleist."},"content":{"rendered":"<p class=\"has-text-align-center\"><strong>Parafrenia na acep\u00e7\u00e3o de Kleist. Estudo de 6 casos\u00b9. <\/strong><\/p>\n\n\n\n<p class=\"has-text-align-right\"><strong><sub>Francisco Drumond de Moura, Dora Martinic, Terezinha Oliveira, Alberto Pontes<br>Departamento de Psiquiatria, Faculdade de Medicina de Jundia\u00ed<\/sub><\/strong><\/p>\n\n\n\n<p>\u00c9 necess\u00e1rio, quando se fala em Parafrenia, precisar o crit\u00e9rio adotado para interpretar o quadro cl\u00ednico. A parafrenia na acep\u00e7\u00e3o de Kleist corresponde a um grupo distinto, em um sentido um pouco diferentes dos outros autores. A diferen\u00e7a fundamental entre eles \u00e9 que Kleist se baseia na patog\u00eanese do quadro cl\u00ednico enquanto os autores em geral o fazem apenas pelo aspecto descritivo. A parafrenia de Kleist corresponde a um grupo de tr\u00eas tipos bem definidos: Del\u00edrio Circunscrito, Psicose Progressiva de Interpreta\u00e7\u00e3o e Psicose Progressiva de Refer\u00eancia. Esses 3 tipos s\u00e3o formas que Kleist denominou at\u00edpicas ou extensivas, porque envolvem no seu decurso outras esferas da personalidade, que n\u00e3o aquela atingida no in\u00edcio da doen\u00e7a. Essas formas s\u00e3o assistem\u00e1ticas, de in\u00edcio tardio, com quadro cl\u00ednico claramente evidenciado do ponto de vista da patog\u00eanese, com evolu\u00e7\u00e3o lenta e com pequena deteriora\u00e7\u00e3o mental na fase residual. No trabalho s\u00e3o apresentados 6 casos estudados do ponto de vista da patog\u00eanese, distribu\u00eddos em 2 casos para cada forma. Um dos casos de Psicose Progressiva de Interpreta\u00e7\u00e3o apresentou-se, inicialmente, como uma das formas diat\u00e9ticas. Foi estudado tamb\u00e9m um caso de Del\u00edrio Circunscrito de Roxo, devido ao seu aparecimento mais tardio, semelhante \u00e0 parafrenia.&nbsp;<\/p>\n\n\n\n<p>\u00b9<strong><sub><sup>Trabalho apresentado no 4\u00ba Congresso Brasileiro de Psiquiatria, Fortaleza\/CE, setembro de 1976<\/sup><\/sub><\/strong><\/p>","protected":false},"excerpt":{"rendered":"<p>Parafrenia na acep\u00e7\u00e3o de Kleist. Estudo de 6 casos\u00b9. Francisco Drumond de Moura, Dora Martinic, Terezinha Oliveira, Alberto PontesDepartamento de Psiquiatria, Faculdade de Medicina de Jundia\u00ed \u00c9 necess\u00e1rio, quando se fala em Parafrenia, precisar o crit\u00e9rio adotado para interpretar o quadro cl\u00ednico. A parafrenia na acep\u00e7\u00e3o de Kleist corresponde a um grupo distinto, em um [&hellip;]<\/p>\n","protected":false},"author":8,"featured_media":0,"parent":0,"menu_order":0,"comment_status":"closed","ping_status":"closed","template":"","meta":{"footnotes":""},"categories":[],"tags":[],"class_list":["post-1972","page","type-page","status-publish","hentry"],"_links":{"self":[{"href":"https:\/\/anibalsilveira.org\/en\/wp-json\/wp\/v2\/pages\/1972","targetHints":{"allow":["GET"]}}],"collection":[{"href":"https:\/\/anibalsilveira.org\/en\/wp-json\/wp\/v2\/pages"}],"about":[{"href":"https:\/\/anibalsilveira.org\/en\/wp-json\/wp\/v2\/types\/page"}],"author":[{"embeddable":true,"href":"https:\/\/anibalsilveira.org\/en\/wp-json\/wp\/v2\/users\/8"}],"replies":[{"embeddable":true,"href":"https:\/\/anibalsilveira.org\/en\/wp-json\/wp\/v2\/comments?post=1972"}],"version-history":[{"count":4,"href":"https:\/\/anibalsilveira.org\/en\/wp-json\/wp\/v2\/pages\/1972\/revisions"}],"predecessor-version":[{"id":2129,"href":"https:\/\/anibalsilveira.org\/en\/wp-json\/wp\/v2\/pages\/1972\/revisions\/2129"}],"wp:attachment":[{"href":"https:\/\/anibalsilveira.org\/en\/wp-json\/wp\/v2\/media?parent=1972"}],"wp:term":[{"taxonomy":"category","embeddable":true,"href":"https:\/\/anibalsilveira.org\/en\/wp-json\/wp\/v2\/categories?post=1972"},{"taxonomy":"post_tag","embeddable":true,"href":"https:\/\/anibalsilveira.org\/en\/wp-json\/wp\/v2\/tags?post=1972"}],"curies":[{"name":"wp","href":"https:\/\/api.w.org\/{rel}","templated":true}]}}