{"id":1976,"date":"2024-04-25T19:54:47","date_gmt":"2024-04-25T22:54:47","guid":{"rendered":"https:\/\/anibalsilveira.org\/?page_id=1976"},"modified":"2024-05-20T14:13:01","modified_gmt":"2024-05-20T17:13:01","slug":"la-pesquisa-de-alteraciones-geneticas-en-la-esquizofrenia-em-correlacion-com-los-sistemas-neuroquimicos","status":"publish","type":"page","link":"https:\/\/anibalsilveira.org\/en\/la-pesquisa-de-alteraciones-geneticas-en-la-esquizofrenia-em-correlacion-com-los-sistemas-neuroquimicos\/","title":{"rendered":"La pesquisa de alteraciones gen\u00e9ticas en la esquizofrenia, em correlaci\u00f3n com los sistemas neuroqu\u00edmicos."},"content":{"rendered":"<p class=\"has-text-align-center\"><strong>La pesquisa de alteraciones gen\u00e9ticas en la esquizofrenia, em correlaci\u00f3n com los sistemas neuroqu\u00edmicos\u00b9.<\/strong><\/p>\n\n\n\n<p class=\"has-text-align-right\"><strong><sub>Francisco Drumond de Moura<br>Departamento de Psiquiatria, Faculdade de Medicina de Jundiai<\/sub><\/strong><\/p>\n\n\n\n<p>El crit\u00e9rio patog\u00e9nico, que subentiende la participaci\u00f3n gen\u00e9tica, para estudiar los cuadros esquizofrenicos, permiti\u00f3 a Kleist aislar 26 formas distintas de esquizofrenia. Empleando igual crit\u00e9rio, Silveira, en el Brasil, confirm\u00f3 dichas concepciones. Asi, la diversificaci\u00f3n de las modalidades del grupo esquizofr\u00e9nico decorre de los distintos dinamismos gen\u00e9ticos en juego, que se traduzem en el desarrollo de la enfermedad por el comprometimiento de una o m\u00e1s esferas de la personalidad, o de uno o m\u00e1s sistemas cerebrales. Esos conceptos de esferas y sistemas vienen de la teoria de la Personalidad de Auguste Comte, caracterizada por la acepci\u00f3n organol\u00f3gica din\u00e1mica. Diesocho funcciones subjectivas componen la estructura de la personalidad, dispuestas en 3 esferas -Afectiva, Activa y Intelectual-, y corresponden en el plano estructural a \u00f3rganos cerebrales distintos, interconectados por cadenas celulares espec\u00edficas &#8211; los sistemas cerebrales-, ubicados en 3 regiones: Parieto-0ccipital, Parieto-temporal y Frontal. Que esos sistemas celulares constituyen sistemas neuroqu\u00edmicos \u00e9s nuestra hip\u00f3tesis, cuya verificaci\u00f3n, todavia, dependr\u00e1 de individualizar pr\u00e9viamente los sistemas cerebrales correspondientes. El crit\u00e9rio gen\u00e9tico para selecci\u00f3n de los pacientes, desde el punto de vista de la patog\u00e9nesis de sus s\u00edntomas principales, \u00fanico m\u00e9dio de individualizarlos, possibilitar\u00e1 asimismo, una apreciaci\u00f3n m\u00e1s segura de los resultados, reduciendolos a \u00fan patr\u00f3n general.<\/p>\n\n\n\n<p>\u00b9<strong><sub><sup>Trabalho apresentado no II Congresso Mundial de Psiquiatria Biol\u00f3gica, Barcelona, Espanha, setembro\/1978.<\/sup><\/sub><\/strong><\/p>","protected":false},"excerpt":{"rendered":"<p>La pesquisa de alteraciones gen\u00e9ticas en la esquizofrenia, em correlaci\u00f3n com los sistemas neuroqu\u00edmicos\u00b9. Francisco Drumond de MouraDepartamento de Psiquiatria, Faculdade de Medicina de Jundiai El crit\u00e9rio patog\u00e9nico, que subentiende la participaci\u00f3n gen\u00e9tica, para estudiar los cuadros esquizofrenicos, permiti\u00f3 a Kleist aislar 26 formas distintas de esquizofrenia. Empleando igual crit\u00e9rio, Silveira, en el Brasil, confirm\u00f3 [&hellip;]<\/p>\n","protected":false},"author":8,"featured_media":0,"parent":0,"menu_order":0,"comment_status":"closed","ping_status":"closed","template":"","meta":{"footnotes":""},"categories":[],"tags":[],"class_list":["post-1976","page","type-page","status-publish","hentry"],"_links":{"self":[{"href":"https:\/\/anibalsilveira.org\/en\/wp-json\/wp\/v2\/pages\/1976","targetHints":{"allow":["GET"]}}],"collection":[{"href":"https:\/\/anibalsilveira.org\/en\/wp-json\/wp\/v2\/pages"}],"about":[{"href":"https:\/\/anibalsilveira.org\/en\/wp-json\/wp\/v2\/types\/page"}],"author":[{"embeddable":true,"href":"https:\/\/anibalsilveira.org\/en\/wp-json\/wp\/v2\/users\/8"}],"replies":[{"embeddable":true,"href":"https:\/\/anibalsilveira.org\/en\/wp-json\/wp\/v2\/comments?post=1976"}],"version-history":[{"count":4,"href":"https:\/\/anibalsilveira.org\/en\/wp-json\/wp\/v2\/pages\/1976\/revisions"}],"predecessor-version":[{"id":2252,"href":"https:\/\/anibalsilveira.org\/en\/wp-json\/wp\/v2\/pages\/1976\/revisions\/2252"}],"wp:attachment":[{"href":"https:\/\/anibalsilveira.org\/en\/wp-json\/wp\/v2\/media?parent=1976"}],"wp:term":[{"taxonomy":"category","embeddable":true,"href":"https:\/\/anibalsilveira.org\/en\/wp-json\/wp\/v2\/categories?post=1976"},{"taxonomy":"post_tag","embeddable":true,"href":"https:\/\/anibalsilveira.org\/en\/wp-json\/wp\/v2\/tags?post=1976"}],"curies":[{"name":"wp","href":"https:\/\/api.w.org\/{rel}","templated":true}]}}