{"id":2084,"date":"2024-05-06T14:36:25","date_gmt":"2024-05-06T17:36:25","guid":{"rendered":"https:\/\/anibalsilveira.org\/?page_id=2084"},"modified":"2024-05-06T20:58:02","modified_gmt":"2024-05-06T23:58:02","slug":"a-saude-mental-do-trabalhador-relato-de-um-caso","status":"publish","type":"page","link":"https:\/\/anibalsilveira.org\/en\/a-saude-mental-do-trabalhador-relato-de-um-caso\/","title":{"rendered":"A Sa\u00fade mental do trabalhador. Relato de um caso."},"content":{"rendered":"<p class=\"has-text-align-center\"><strong>A Sa\u00fade mental do trabalhador. Relato de um caso\u00b9. <\/strong><\/p>\n\n\n\n<p class=\"has-text-align-right\"><strong><sub>Francisco Drumond Marcondes de Moura<br>Diretor, Ambulat\u00f3rio de Sa\u00fade Mental da Vila Brasil\u00e2ndia, S\u00e3o Paulo, SP<\/sub><\/strong><\/p>\n\n\n\n<p>Para referenciar a sua pr\u00e1tica cl\u00ednica um t\u00e9cnico de sa\u00fade mental necessita de uma teoria da personalidade, bem como de um instrumental t\u00e9cnico para aplic\u00e1-la. No entanto, tendo em vista a natureza social da individualidade humana cumpre questionar: este referencial permite discriminar os determinantes individuais e sociais do sofrimento ps\u00edquico? Como distinguir a participa\u00e7\u00e3o individual da produ\u00e7\u00e3o social da doen\u00e7a? Em nosso modo de ver, esta necessidade imp\u00f5e integrar ao instrumental te\u00f3rico e t\u00e9cnico referido a an\u00e1lise do processo de produ\u00e7\u00e3o. Esta subentende o conjunto de condi\u00e7\u00f5es objetivas e subjetivas da vida de rela\u00e7\u00e3o com o meio: a organiza\u00e7\u00e3o do trabalho; as rela\u00e7\u00f5es sociais de produ\u00e7\u00e3o; o padr\u00e3o de consumo e os mecanismos de sua reprodu\u00e7\u00e3o no cotidiano; a caracteriza\u00e7\u00e3o do momento hist\u00f3rico em que tudo isso se d\u00e1. Sob este ponto de vista mais amplo foi investigado o caso de um metal\u00fargico de S\u00e3o Paulo, em maio de 1985, ap\u00f3s 14 anos de trabalho e logo ap\u00f3s o retorno de f\u00e9rias coletivas, apresentou um quadro de cefaleia intensa e libera\u00e7\u00e3o desordenada de agressividade. Foi internado em hospital psiqui\u00e1trico tendo permanecido amarrado ao leito por 9 dias. Foi retirado a for\u00e7a pela fam\u00edlia e levado a Ambulat\u00f3rio de Sa\u00fade Mental. Inicialmente (em princ\u00edpio de agosto) foi medicado com 50mg di\u00e1rias de imipramina. Dezoito dias depois eclode um surto de feitio paranoide: \u00e9 ent\u00e3o medicado com haloperidol e clorpromazina. No in\u00edcio de outubro foi transferido para outro Ambulat\u00f3rio de Sa\u00fade Mental onde foi objeto da presente investiga\u00e7\u00e3o. A configura\u00e7\u00e3o do quadro sugeria a participa\u00e7\u00e3o de fatores ex\u00f3genos: a precariedade das condi\u00e7\u00f5es de trabalho (ru\u00eddo excessivo, p\u00f3 de alum\u00ednio) e a interven\u00e7\u00e3o iatrog\u00eanica do \u201ctratamento psiqui\u00e1trico\u201d, interna\u00e7\u00e3o irrespons\u00e1vel, medica\u00e7\u00e3o intempestiva e inadequada. A an\u00e1lise mais aprofundada revelou que a din\u00e2mica interpessoal no ambiente do trabalho, particularmente com o encarregado do seu setor, foi um dos fatores decisivos no desencadeamento da crise. Ficou claro tamb\u00e9m a participa\u00e7\u00e3o fundamental de certos aspectos de sua personalidade nesse processo.&nbsp;<\/p>\n\n\n\n<p><strong>\u00b9<sub>Trabalho apresentado na 39\u00aa Reuni\u00e3o Anual da Sociedade Brasileira para o Progresso da Ci\u00eancia -SBPC -, S\u00e3o Paulo, SP, julho de 1987<\/sub><\/strong><\/p>","protected":false},"excerpt":{"rendered":"<p>A Sa\u00fade mental do trabalhador. Relato de um caso\u00b9. Francisco Drumond Marcondes de MouraDiretor, Ambulat\u00f3rio de Sa\u00fade Mental da Vila Brasil\u00e2ndia, S\u00e3o Paulo, SP Para referenciar a sua pr\u00e1tica cl\u00ednica um t\u00e9cnico de sa\u00fade mental necessita de uma teoria da personalidade, bem como de um instrumental t\u00e9cnico para aplic\u00e1-la. No entanto, tendo em vista a [&hellip;]<\/p>\n","protected":false},"author":8,"featured_media":0,"parent":0,"menu_order":0,"comment_status":"closed","ping_status":"closed","template":"","meta":{"footnotes":""},"categories":[],"tags":[],"class_list":["post-2084","page","type-page","status-publish","hentry"],"_links":{"self":[{"href":"https:\/\/anibalsilveira.org\/en\/wp-json\/wp\/v2\/pages\/2084","targetHints":{"allow":["GET"]}}],"collection":[{"href":"https:\/\/anibalsilveira.org\/en\/wp-json\/wp\/v2\/pages"}],"about":[{"href":"https:\/\/anibalsilveira.org\/en\/wp-json\/wp\/v2\/types\/page"}],"author":[{"embeddable":true,"href":"https:\/\/anibalsilveira.org\/en\/wp-json\/wp\/v2\/users\/8"}],"replies":[{"embeddable":true,"href":"https:\/\/anibalsilveira.org\/en\/wp-json\/wp\/v2\/comments?post=2084"}],"version-history":[{"count":2,"href":"https:\/\/anibalsilveira.org\/en\/wp-json\/wp\/v2\/pages\/2084\/revisions"}],"predecessor-version":[{"id":2168,"href":"https:\/\/anibalsilveira.org\/en\/wp-json\/wp\/v2\/pages\/2084\/revisions\/2168"}],"wp:attachment":[{"href":"https:\/\/anibalsilveira.org\/en\/wp-json\/wp\/v2\/media?parent=2084"}],"wp:term":[{"taxonomy":"category","embeddable":true,"href":"https:\/\/anibalsilveira.org\/en\/wp-json\/wp\/v2\/categories?post=2084"},{"taxonomy":"post_tag","embeddable":true,"href":"https:\/\/anibalsilveira.org\/en\/wp-json\/wp\/v2\/tags?post=2084"}],"curies":[{"name":"wp","href":"https:\/\/api.w.org\/{rel}","templated":true}]}}