{"id":2094,"date":"2024-05-06T14:43:04","date_gmt":"2024-05-06T17:43:04","guid":{"rendered":"https:\/\/anibalsilveira.org\/?page_id=2094"},"modified":"2024-05-06T21:00:30","modified_gmt":"2024-05-07T00:00:30","slug":"bases-para-uma-reforma-psiquiatrica-brasileira","status":"publish","type":"page","link":"https:\/\/anibalsilveira.org\/en\/bases-para-uma-reforma-psiquiatrica-brasileira\/","title":{"rendered":"Bases para uma Reforma Psiqui\u00e1trica Brasileira."},"content":{"rendered":"<p class=\"has-text-align-center\"><strong>Bases para uma Reforma Psiqui\u00e1trica Brasileira\u00b9.<\/strong><\/p>\n\n\n\n<p class=\"has-text-align-right\"><strong><sub>Francisco Drumond Marcondes de Moura<br>Associa\u00e7\u00e3o dos Servidores da Secretaria de Estado da Sa\u00fade &#8211; ASSES<\/sub><\/strong><\/p>\n\n\n\n<p>As resolu\u00e7\u00f5es da 8\u00aa Confer\u00eancia Nacional de Sa\u00fade apontaram no sentido de uma ampla e profunda reestrutura\u00e7\u00e3o do atendimento \u00e0 sa\u00fade da popula\u00e7\u00e3o brasileira. Esse processo de reordenamento envolve v\u00e1rios aspectos: modifica\u00e7\u00e3o do modelo assistencial, assegurar a hegemonia do setor p\u00fablico, rediscutir a quest\u00e3o do financiamento do setor e uma modifica\u00e7\u00e3o do arcabou\u00e7o jur\u00eddico-legal que rege o setor. Este conjunto de medidas caracteriza o que se denomina Reforma Sanit\u00e1ria. No \u00e2mbito da assist\u00eancia psiqui\u00e1trica n\u00e3o foi apontada nenhuma resolu\u00e7\u00e3o espec\u00edfica, que caberia \u00e0 realiza\u00e7\u00e3o de uma confer\u00eancia espec\u00edfica que at\u00e9 a presente data (fevereiro de 1987) ainda n\u00e3o se deu. No entanto, em outubro de 1986, foi realizado em S\u00e3o Paulo o 2\u00ba Congresso de Trabalhadores em Sa\u00fade Mental do Estado, que avan\u00e7ou no sentido da proposi\u00e7\u00e3o de uma reestrutura\u00e7\u00e3o da assist\u00eancia psiqui\u00e1trica brasileira, caracterizando os fundamentos de um processo institucional que culminaria em uma Reforma Psiqui\u00e1trica brasileira. Segundo este ponto de vista, a reorienta\u00e7\u00e3o da assist\u00eancia \u00e0 sa\u00fade mental estaria vinculada \u00e0 modifica\u00e7\u00e3o mais geral proposta para o do setor sa\u00fade. Naturalmente, tendo em vista a sua especificidade, particularmente no que se refere \u00e0 legisla\u00e7\u00e3o psiqui\u00e1trica e as implica\u00e7\u00f5es jur\u00eddicas do doente mental (no \u00e2mbito do C\u00f3digo Civil e do C\u00f3digo Penal), algumas importantes diferen\u00e7as merecem ser assinaladas. No caso do doente mental, n\u00e3o ser\u00e1 suficiente estabelecer a obrigatoriedade e a responsabilidade do estado no seu tratamento. Ser\u00e1 necess\u00e1rio desmantelar com a legisla\u00e7\u00e3o em vigor que o descrimina. O modelo assistencial proposto pela legisla\u00e7\u00e3o de 1984 (decreto n\u00ba 24.559, ainda em vigor), tem que ser modificado radicalmente. No \u00e2mbito do C\u00f3digo Civil e do C\u00f3digo Penal t\u00eam que ser revistas as no\u00e7\u00f5es de incapacidade e de periculosidade presumida aos \u201cloucos de todos os g\u00eaneros\u201d. Para isto ser\u00e1 fundamental inscrever no texto constitucional a garantia de cidadania plena a todas as pessoas, independentemente de quaisquer condi\u00e7\u00f5es.<\/p>\n\n\n\n<p><strong>\u00b9<sub>Trabalho apresentado na 39\u00aa Reuni\u00e3o Anual da Sociedade Brasileira para o Progresso da Ci\u00eancia -SBPC -, S\u00e3o Paulo, SP, julho de 1987<\/sub><\/strong><\/p>","protected":false},"excerpt":{"rendered":"<p>Bases para uma Reforma Psiqui\u00e1trica Brasileira\u00b9. Francisco Drumond Marcondes de MouraAssocia\u00e7\u00e3o dos Servidores da Secretaria de Estado da Sa\u00fade &#8211; ASSES As resolu\u00e7\u00f5es da 8\u00aa Confer\u00eancia Nacional de Sa\u00fade apontaram no sentido de uma ampla e profunda reestrutura\u00e7\u00e3o do atendimento \u00e0 sa\u00fade da popula\u00e7\u00e3o brasileira. Esse processo de reordenamento envolve v\u00e1rios aspectos: modifica\u00e7\u00e3o do modelo [&hellip;]<\/p>\n","protected":false},"author":8,"featured_media":0,"parent":0,"menu_order":0,"comment_status":"closed","ping_status":"closed","template":"","meta":{"footnotes":""},"categories":[],"tags":[],"class_list":["post-2094","page","type-page","status-publish","hentry"],"_links":{"self":[{"href":"https:\/\/anibalsilveira.org\/en\/wp-json\/wp\/v2\/pages\/2094","targetHints":{"allow":["GET"]}}],"collection":[{"href":"https:\/\/anibalsilveira.org\/en\/wp-json\/wp\/v2\/pages"}],"about":[{"href":"https:\/\/anibalsilveira.org\/en\/wp-json\/wp\/v2\/types\/page"}],"author":[{"embeddable":true,"href":"https:\/\/anibalsilveira.org\/en\/wp-json\/wp\/v2\/users\/8"}],"replies":[{"embeddable":true,"href":"https:\/\/anibalsilveira.org\/en\/wp-json\/wp\/v2\/comments?post=2094"}],"version-history":[{"count":3,"href":"https:\/\/anibalsilveira.org\/en\/wp-json\/wp\/v2\/pages\/2094\/revisions"}],"predecessor-version":[{"id":2171,"href":"https:\/\/anibalsilveira.org\/en\/wp-json\/wp\/v2\/pages\/2094\/revisions\/2171"}],"wp:attachment":[{"href":"https:\/\/anibalsilveira.org\/en\/wp-json\/wp\/v2\/media?parent=2094"}],"wp:term":[{"taxonomy":"category","embeddable":true,"href":"https:\/\/anibalsilveira.org\/en\/wp-json\/wp\/v2\/categories?post=2094"},{"taxonomy":"post_tag","embeddable":true,"href":"https:\/\/anibalsilveira.org\/en\/wp-json\/wp\/v2\/tags?post=2094"}],"curies":[{"name":"wp","href":"https:\/\/api.w.org\/{rel}","templated":true}]}}