{"id":2109,"date":"2024-05-06T19:28:13","date_gmt":"2024-05-06T22:28:13","guid":{"rendered":"https:\/\/anibalsilveira.org\/?page_id=2109"},"modified":"2024-05-06T20:55:02","modified_gmt":"2024-05-06T23:55:02","slug":"o-juqueri-ha-saidas-i-entre-a-custodia-e-a-recuperacao-da-identidade-dos-loucos","status":"publish","type":"page","link":"https:\/\/anibalsilveira.org\/en\/o-juqueri-ha-saidas-i-entre-a-custodia-e-a-recuperacao-da-identidade-dos-loucos\/","title":{"rendered":"O Juqueri: h\u00e1 sa\u00eddas? I. Entre a cust\u00f3dia e a recupera\u00e7\u00e3o da identidade dos loucos."},"content":{"rendered":"<p class=\"has-text-align-center\"><strong>O Juqueri: h\u00e1 sa\u00eddas? I. Entre a cust\u00f3dia e a recupera\u00e7\u00e3o da identidade dos loucos\u00b9.<\/strong><\/p>\n\n\n\n<p class=\"has-text-align-right\"><strong><sub>Francisco Drumond Marcondes de Moura,<br>Elisabete Mangia, F\u00e1tima Oliver, e Odile Brender<br>Diretoria Cl\u00ednica, Complexo Hospitalar de Juqueri, Franco da Rocha, SP<\/sub><\/strong><\/p>\n\n\n\n<p>Durante 6 meses \u2013 de maio a outubro de 1983 \u2013 um Equipe, funcionalmente ligada ao n\u00edvel da Diretoria Cl\u00ednica do Complexo Hospitalar do Juqueri, se dedicou \u00e0 organiza\u00e7\u00e3o de um Projeto de transforma\u00e7\u00e3o da institui\u00e7\u00e3o. Ao mesmo tempo, devido \u00e0 dimens\u00e3o do projeto, se desenvolveu um trabalho sistem\u00e1tico de articula\u00e7\u00e3o com grupos externos visando suprir a defici\u00eancia interna de quadros necess\u00e1rios para concretiz\u00e1-lo. O projeto tinha como princ\u00edpios: resgatar os Direitos Humanos dos internados, garantir e estimular a participa\u00e7\u00e3o de todos e priorizar o trabalho terap\u00eautico. O objetivo expl\u00edcito era: modificar o estatuto do internado, investigar pr\u00e1ticas alternativas e abrir espa\u00e7os para pesquisas sociol\u00f3gicas, antropol\u00f3gicas e biol\u00f3gicas. Foi estabelecido como prioridades: a melhoraria das condi\u00e7\u00f5es de vidas e a personaliza\u00e7\u00e3o dos espa\u00e7os de viv\u00eancia. O trabalho no \u00e2mbito da Terapia Ocupacional e a regionaliza\u00e7\u00e3o dos recursos dispon\u00edveis tanto na \u00e1rea psiqui\u00e1trica quanto na m\u00e9dico-geral. Como medidas urgentes ficou delineado: a implanta\u00e7\u00e3o de uma pol\u00edtica de treinamento, remanejamento de funcion\u00e1rios da burocracia, abrir espa\u00e7o para a organiza\u00e7\u00e3o do trabalho terap\u00eautico e estabelecer canais de financiamento de projetos. Basicamente o Projeto consistiu: na cria\u00e7\u00e3o de v\u00e1rios espa\u00e7os externos aos pavilh\u00f5es \u2013 os Centros de Conviv\u00eancia \u2013 que teriam o papel de estimular o resgate dos dinamismos ligados com a sociabilidade: para promover a ocupa\u00e7\u00e3o da maioria dos internados foi proposto um Projeto Agropecu\u00e1rio fundamentado na agricultura org\u00e2nica; para humanizar as condi\u00e7\u00f5es de cust\u00f3dia foi proposto a transforma\u00e7\u00e3o dos v\u00e1rios pavilh\u00f5es em espa\u00e7os autogeridos \u2013 os Lares Abrigados. Finalmente, a partir de um estudo aprofundado das necessidades da popula\u00e7\u00e3o internada, foi proposto a cria\u00e7\u00e3o de Unidades Especiais de Interven\u00e7\u00e3o: m\u00e9dico-geral, psiqui\u00e1trica, geri\u00e1trica, neurol\u00f3gica, fisioter\u00e1pica, psicol\u00f3gica e de convalescentes. As grandes dificuldades encontradas na implanta\u00e7\u00e3o do Projeto tornaram necess\u00e1ria uma interven\u00e7\u00e3o na institui\u00e7\u00e3o a partir de fevereiro de 1984.<\/p>\n\n\n\n<p><strong>\u00b9<sub>Trabalho apresentado na 36\u00aa Reuni\u00e3o Anual da Sociedade Brasileira para o Progresso da Ci\u00eancia -SBPC -, S\u00e3o Paulo &#8211; SP, julho de 1984<\/sub><\/strong><\/p>","protected":false},"excerpt":{"rendered":"<p>O Juqueri: h\u00e1 sa\u00eddas? I. Entre a cust\u00f3dia e a recupera\u00e7\u00e3o da identidade dos loucos\u00b9. Francisco Drumond Marcondes de Moura,Elisabete Mangia, F\u00e1tima Oliver, e Odile BrenderDiretoria Cl\u00ednica, Complexo Hospitalar de Juqueri, Franco da Rocha, SP Durante 6 meses \u2013 de maio a outubro de 1983 \u2013 um Equipe, funcionalmente ligada ao n\u00edvel da Diretoria Cl\u00ednica [&hellip;]<\/p>\n","protected":false},"author":8,"featured_media":0,"parent":0,"menu_order":0,"comment_status":"closed","ping_status":"closed","template":"","meta":{"footnotes":""},"categories":[],"tags":[],"class_list":["post-2109","page","type-page","status-publish","hentry"],"_links":{"self":[{"href":"https:\/\/anibalsilveira.org\/en\/wp-json\/wp\/v2\/pages\/2109","targetHints":{"allow":["GET"]}}],"collection":[{"href":"https:\/\/anibalsilveira.org\/en\/wp-json\/wp\/v2\/pages"}],"about":[{"href":"https:\/\/anibalsilveira.org\/en\/wp-json\/wp\/v2\/types\/page"}],"author":[{"embeddable":true,"href":"https:\/\/anibalsilveira.org\/en\/wp-json\/wp\/v2\/users\/8"}],"replies":[{"embeddable":true,"href":"https:\/\/anibalsilveira.org\/en\/wp-json\/wp\/v2\/comments?post=2109"}],"version-history":[{"count":2,"href":"https:\/\/anibalsilveira.org\/en\/wp-json\/wp\/v2\/pages\/2109\/revisions"}],"predecessor-version":[{"id":2164,"href":"https:\/\/anibalsilveira.org\/en\/wp-json\/wp\/v2\/pages\/2109\/revisions\/2164"}],"wp:attachment":[{"href":"https:\/\/anibalsilveira.org\/en\/wp-json\/wp\/v2\/media?parent=2109"}],"wp:term":[{"taxonomy":"category","embeddable":true,"href":"https:\/\/anibalsilveira.org\/en\/wp-json\/wp\/v2\/categories?post=2109"},{"taxonomy":"post_tag","embeddable":true,"href":"https:\/\/anibalsilveira.org\/en\/wp-json\/wp\/v2\/tags?post=2109"}],"curies":[{"name":"wp","href":"https:\/\/api.w.org\/{rel}","templated":true}]}}