{"id":2147,"date":"2024-05-06T20:37:57","date_gmt":"2024-05-06T23:37:57","guid":{"rendered":"https:\/\/anibalsilveira.org\/?page_id=2147"},"modified":"2024-05-13T19:58:00","modified_gmt":"2024-05-13T22:58:00","slug":"introduccion-a-la-psicopatologia-general-segun-los-criterios-patogeneticos-de-anibal-silveira","status":"publish","type":"page","link":"https:\/\/anibalsilveira.org\/en\/introduccion-a-la-psicopatologia-general-segun-los-criterios-patogeneticos-de-anibal-silveira\/","title":{"rendered":"INTRODUCCI\u00d3N A LA PSICOPATOLOG\u00cdA GENERAL SEG\u00daN LOS CRITERIOS PATOGEN\u00c9TICOS DE AN\u00cdBAL SILVEIRA"},"content":{"rendered":"<p class=\"has-text-align-center\">INTRODUCCI\u00d3N A LA PSICOPATOLOG\u00cdA GENERAL<br>SEG\u00daN LOS CRITERIOS PATOGEN\u00c9TICOS DE AN\u00cdBAL SILVEIRA<\/p>\n\n\n\n<p class=\"has-text-align-right\"><strong><br>Roberto Fasano Neto<\/strong><\/p>\n\n\n\n<div data-wp-interactive=\"core\/file\" class=\"wp-block-file\"><object data-wp-bind--hidden=\"!state.hasPdfPreview\" hidden class=\"wp-block-file__embed\" data=\"https:\/\/anibalsilveira.org\/wp-content\/uploads\/2024\/05\/Versao-em-espanhol-de-meu-livro-de-Psicopatologia.pdf\" type=\"application\/pdf\" style=\"width:100%;height:600px\" aria-label=\"Embed of INTRODUCCI&Oacute;N A LA PSICOPATOLOG&Iacute;A GENERAL&lt;br&gt;SEG&Uacute;N LOS CRITERIOS PATOGEN&Eacute;TICOS DE&lt;br&gt;AN&Iacute;BAL SILVEIRA&lt;br&gt;Roberto Fasano Neto.\"><\/object><a id=\"wp-block-file--media-f3412dc8-41a2-4b73-aafe-d84749437c05\" href=\"https:\/\/anibalsilveira.org\/wp-content\/uploads\/2024\/05\/Versao-em-espanhol-de-meu-livro-de-Psicopatologia.pdf\">INTRODUCCI\u00d3N A LA PSICOPATOLOG\u00cdA GENERAL<br>SEG\u00daN LOS CRITERIOS PATOGEN\u00c9TICOS DE<br>AN\u00cdBAL SILVEIRA<br>Roberto Fasano Neto<\/a><a href=\"https:\/\/anibalsilveira.org\/wp-content\/uploads\/2024\/05\/Versao-em-espanhol-de-meu-livro-de-Psicopatologia.pdf\" class=\"wp-block-file__button wp-element-button\" download aria-describedby=\"wp-block-file--media-f3412dc8-41a2-4b73-aafe-d84749437c05\">Baixar<\/a><\/div>","protected":false},"excerpt":{"rendered":"<p>INTRODUCCI\u00d3N A LA PSICOPATOLOG\u00cdA GENERALSEG\u00daN LOS CRITERIOS PATOGEN\u00c9TICOS DE AN\u00cdBAL SILVEIRA Roberto Fasano Neto<\/p>","protected":false},"author":8,"featured_media":0,"parent":0,"menu_order":0,"comment_status":"closed","ping_status":"closed","template":"","meta":{"footnotes":""},"categories":[],"tags":[],"class_list":["post-2147","page","type-page","status-publish","hentry"],"_links":{"self":[{"href":"https:\/\/anibalsilveira.org\/en\/wp-json\/wp\/v2\/pages\/2147","targetHints":{"allow":["GET"]}}],"collection":[{"href":"https:\/\/anibalsilveira.org\/en\/wp-json\/wp\/v2\/pages"}],"about":[{"href":"https:\/\/anibalsilveira.org\/en\/wp-json\/wp\/v2\/types\/page"}],"author":[{"embeddable":true,"href":"https:\/\/anibalsilveira.org\/en\/wp-json\/wp\/v2\/users\/8"}],"replies":[{"embeddable":true,"href":"https:\/\/anibalsilveira.org\/en\/wp-json\/wp\/v2\/comments?post=2147"}],"version-history":[{"count":11,"href":"https:\/\/anibalsilveira.org\/en\/wp-json\/wp\/v2\/pages\/2147\/revisions"}],"predecessor-version":[{"id":2188,"href":"https:\/\/anibalsilveira.org\/en\/wp-json\/wp\/v2\/pages\/2147\/revisions\/2188"}],"wp:attachment":[{"href":"https:\/\/anibalsilveira.org\/en\/wp-json\/wp\/v2\/media?parent=2147"}],"wp:term":[{"taxonomy":"category","embeddable":true,"href":"https:\/\/anibalsilveira.org\/en\/wp-json\/wp\/v2\/categories?post=2147"},{"taxonomy":"post_tag","embeddable":true,"href":"https:\/\/anibalsilveira.org\/en\/wp-json\/wp\/v2\/tags?post=2147"}],"curies":[{"name":"wp","href":"https:\/\/api.w.org\/{rel}","templated":true}]}}