{"id":2231,"date":"2024-05-19T10:57:46","date_gmt":"2024-05-19T13:57:46","guid":{"rendered":"https:\/\/anibalsilveira.org\/?page_id=2231"},"modified":"2024-05-19T10:57:46","modified_gmt":"2024-05-19T13:57:46","slug":"proposta-alternativa-de-abordagem-do-epileptico","status":"publish","type":"page","link":"https:\/\/anibalsilveira.org\/en\/proposta-alternativa-de-abordagem-do-epileptico\/","title":{"rendered":"Proposta alternativa de abordagem do epil\u00e9ptico."},"content":{"rendered":"<p class=\"has-text-align-center\">PROPOSTA ALTERNATIVA DE ABORDAGEM DO EPIL\u00c9PTICO\u00b9<\/p>\n\n\n\n<p class=\"has-text-align-right\"><sub><strong>Dirce Marques e Francisco Drumond Marcondes de Moura<br>Ambulat\u00f3rio de Sa\u00fade Mental da Vila Brasil\u00e2ndia, S\u00e3o Paulo, SP<\/strong><\/sub><\/p>\n\n\n\n<p>Este trabalho relata um aspecto do processo de implanta\u00e7\u00e3o de um servi\u00e7o de sa\u00fade mental na regi\u00e3o noroeste da cidade de S\u00e3o Paulo. A massa da popula\u00e7\u00e3o ali residente vive em prec\u00e1rias condi\u00e7\u00f5es de vida, com uma inser\u00e7\u00e3o pouco qualificada no processo produtivo e com \u00edndices elevados de subemprego e desemprego. Uma an\u00e1lise do perfil de morbidade da popula\u00e7\u00e3o atendida, nos tr\u00eas primeiros meses de funcionamento do servi\u00e7o, revelou uma alta preval\u00eancia (30%) de pessoas com convuls\u00e3o ou em tratamento com anticonvulsivante. Este fato imp\u00f4s a cria\u00e7\u00e3o de uma resposta institucional que, sem perder de vista a necessidade da interven\u00e7\u00e3o terap\u00eautica, rompesse com a pr\u00e1tica de n\u00e3o abordar as implica\u00e7\u00f5es sociais ligadas com essa condi\u00e7\u00e3o cl\u00ednica. Para a cria\u00e7\u00e3o desta nova abordagem partiu-se de dois pressupostos: <strong><span style=\"text-decoration: underline;\">elevar o n\u00edvel de informa\u00e7\u00e3o<\/span><\/strong> da popula\u00e7\u00e3o sobre a convuls\u00e3o, os seus equivalentes, a sua preven\u00e7\u00e3o e tratamento;<strong><span style=\"text-decoration: underline;\"> caracteriza\u00e7\u00e3o da epilepsia como um processo de natureza n\u00e3o puramente biol\u00f3gica<\/span><\/strong>, mas din\u00e2mica, ligada ao modo de produ\u00e7\u00e3o e de reprodu\u00e7\u00e3o das rela\u00e7\u00f5es sociais: no plano familiar, comunit\u00e1rio e na expropria\u00e7\u00e3o da for\u00e7a de trabalho. A atividade terap\u00eautica se desenvolveu em grupos semanais. Empregou-se recursos visuais com informa\u00e7\u00e3o sobre: anatomia cerebral, significado da EEGrafia e um esquema mostrando a interpenetra\u00e7\u00e3o dos fatores biol\u00f3gicos e psicol\u00f3gicos no desencadeamento da convuls\u00e3o e os mecanismos e possibilidades de seu controle. Verificou-se a import\u00e2ncia da reuni\u00e3o com familiares para compartilhar a mesma experi\u00eancia, de forma a modificar a sua atitude perante o problema. Al\u00e9m disto ficou claro a necessidade de estabelecer crit\u00e9rios para a participa\u00e7\u00e3o no programa. Finalmente, este processo inicial, de busca de um caminho novo, culminou com a sistematiza\u00e7\u00e3o de toda a experi\u00eancia e com a organiza\u00e7\u00e3o de um processo de interven\u00e7\u00e3o, com dura\u00e7\u00e3o de 2 meses (total de 8 sess\u00f5es), ao fim do qual a pessoa tinha alta do programa.<\/p>\n\n\n\n<p><strong>\u00b9<\/strong><sub><sup><strong>Trabalho apresentado na 39\u00aa Reuni\u00e3o Anual da Sociedade Brasileira para o Progresso da Ci\u00eancia -SBPC -, Bras\u00edlia, DF, julho de 1987<\/strong><\/sup><\/sub><\/p>","protected":false},"excerpt":{"rendered":"<p>PROPOSTA ALTERNATIVA DE ABORDAGEM DO EPIL\u00c9PTICO\u00b9 Dirce Marques e Francisco Drumond Marcondes de MouraAmbulat\u00f3rio de Sa\u00fade Mental da Vila Brasil\u00e2ndia, S\u00e3o Paulo, SP Este trabalho relata um aspecto do processo de implanta\u00e7\u00e3o de um servi\u00e7o de sa\u00fade mental na regi\u00e3o noroeste da cidade de S\u00e3o Paulo. A massa da popula\u00e7\u00e3o ali residente vive em prec\u00e1rias [&hellip;]<\/p>\n","protected":false},"author":8,"featured_media":0,"parent":0,"menu_order":0,"comment_status":"closed","ping_status":"closed","template":"","meta":{"footnotes":""},"categories":[],"tags":[],"class_list":["post-2231","page","type-page","status-publish","hentry"],"_links":{"self":[{"href":"https:\/\/anibalsilveira.org\/en\/wp-json\/wp\/v2\/pages\/2231","targetHints":{"allow":["GET"]}}],"collection":[{"href":"https:\/\/anibalsilveira.org\/en\/wp-json\/wp\/v2\/pages"}],"about":[{"href":"https:\/\/anibalsilveira.org\/en\/wp-json\/wp\/v2\/types\/page"}],"author":[{"embeddable":true,"href":"https:\/\/anibalsilveira.org\/en\/wp-json\/wp\/v2\/users\/8"}],"replies":[{"embeddable":true,"href":"https:\/\/anibalsilveira.org\/en\/wp-json\/wp\/v2\/comments?post=2231"}],"version-history":[{"count":1,"href":"https:\/\/anibalsilveira.org\/en\/wp-json\/wp\/v2\/pages\/2231\/revisions"}],"predecessor-version":[{"id":2234,"href":"https:\/\/anibalsilveira.org\/en\/wp-json\/wp\/v2\/pages\/2231\/revisions\/2234"}],"wp:attachment":[{"href":"https:\/\/anibalsilveira.org\/en\/wp-json\/wp\/v2\/media?parent=2231"}],"wp:term":[{"taxonomy":"category","embeddable":true,"href":"https:\/\/anibalsilveira.org\/en\/wp-json\/wp\/v2\/categories?post=2231"},{"taxonomy":"post_tag","embeddable":true,"href":"https:\/\/anibalsilveira.org\/en\/wp-json\/wp\/v2\/tags?post=2231"}],"curies":[{"name":"wp","href":"https:\/\/api.w.org\/{rel}","templated":true}]}}