{"id":2274,"date":"2024-05-27T15:40:30","date_gmt":"2024-05-27T18:40:30","guid":{"rendered":"https:\/\/anibalsilveira.org\/?page_id=2274"},"modified":"2024-05-27T15:40:30","modified_gmt":"2024-05-27T18:40:30","slug":"principios-da-pesquisa-neuropatologica-dos-dinamismos-psicopatologicos","status":"publish","type":"page","link":"https:\/\/anibalsilveira.org\/en\/principios-da-pesquisa-neuropatologica-dos-dinamismos-psicopatologicos\/","title":{"rendered":"PRINC\u00cdPIOS DA PESQUISA NEUROPATOL\u00d3GICA DOS DINAMISMOS PSICOPATOL\u00d3GICOS"},"content":{"rendered":"<p class=\"has-text-align-center\"><strong>PRINC\u00cdPIOS DA PESQUISA NEUROPATOL\u00d3GICA DOS DINAMISMOS PSICOPATOL\u00d3GICOS<\/strong><sup data-fn=\"7943bc26-e2a3-44da-9a80-1132c03c914b\" class=\"fn\"><a href=\"#7943bc26-e2a3-44da-9a80-1132c03c914b\" id=\"7943bc26-e2a3-44da-9a80-1132c03c914b-link\">1<\/a><\/sup><\/p>\n\n\n\n<p class=\"has-text-align-right\"><strong><sup>Francisco Drumond Marcondes de Moura,<br>Marco Marcondes de Moura e Marisa Marcondes de Moura<br>Hospital Psiqui\u00e1trico de Juquery, Franco da Rocha, SP<\/sup><\/strong><\/p>\n\n\n\n<p>Visando estabelecer a correla\u00e7\u00e3o de sintomas psiqui\u00e1tricos com zonas corticais atingidas, de pacientes com neuross\u00edfilis, uma quest\u00e3o fundamental foi levantada: era necess\u00e1rio subordinar a pesquisa neuropatol\u00f3gica \u00e0 pesquisa e sistematiza\u00e7\u00e3o pr\u00e9via dos aspectos cl\u00ednicos de cada paciente. Em uma palavra: subordinar o estudo do c\u00e9rebro ao estudo do paciente. Estabelecido assim, a partir dos dados cl\u00ednicos, a hip\u00f3tese \u201clocalizat\u00f3ria\u201d para cada caso proceder-se-ia as investiga\u00e7\u00f5es do tecido nervoso \u2013 quanto a distribui\u00e7\u00e3o topogr\u00e1fica das les\u00f5es e quanto \u00e0 mielo arquitetura das \u00e1reas atingidas. Esse procedimento \u2013 que pode ser aplicado no estudo da patog\u00eanese cerebral de qualquer grupo de doentes mentais \u2013 imp\u00f5e que sejam caracterizadas aquelas fun\u00e7\u00f5es elementares de cuja altera\u00e7\u00e3o funcional depende a patog\u00eanese dos sintomas estudados. Como rar\u00edssimas vezes um sintoma atinge uma \u00fanica fun\u00e7\u00e3o elementar temos que, em regra, os sintomas psiqui\u00e1tricos traduzem dinamismo funcional com a participa\u00e7\u00e3o de conjunto de fun\u00e7\u00f5es elementares (Silveira). Assim, aspectos como mem\u00f3ria, orienta\u00e7\u00e3o subjetiva, concep\u00e7\u00f5es, consci\u00eancia, que frequentemente s\u00e3o confundidos com fun\u00e7\u00f5es ps\u00edquicas, constituem dinamismos complexos que implicam no funcionamento integrado de todas as fun\u00e7\u00f5es corticais superiores. Em 7 pacientes selecionados para o estudo do c\u00e9rebro procedemos \u00e0 an\u00e1lise dos seus sintomas \u2013 que foram agrupados segundo a ordem de frequ\u00eancia (Quadro 1), e segundo a patog\u00eanese cerebral presum\u00edvel (Quadro 2).\u00a0 Nos 7 casos predominou o quadro de tipo intelectual \u2013 por altera\u00e7\u00e3o intr\u00ednseca dos campos corticais frontais e por altera\u00e7\u00f5es secund\u00e1rias aos campos parieto-temporais. As fun\u00e7\u00f5es elementares intelectuais mais frequentemente atingidas foram a observa\u00e7\u00e3o concreta (desorienta\u00e7\u00e3o no lugar) e elabora\u00e7\u00e3o indutiva (incoer\u00eancias e fabula\u00e7\u00f5es).<\/p>\n\n\n<ol class=\"wp-block-footnotes\"><li id=\"7943bc26-e2a3-44da-9a80-1132c03c914b\">Trabalho apresentado na 34\u00aa Reuni\u00e3o Anual da Sociedade Brasileira para o Progresso da Ci\u00eancia -SBPC -, Campinas, S\u00e3o Paulo, julho de 1982 <a href=\"#7943bc26-e2a3-44da-9a80-1132c03c914b-link\" aria-label=\"Jump to footnote reference 1\">\u21a9\ufe0e<\/a><\/li><\/ol>","protected":false},"excerpt":{"rendered":"<p>PRINC\u00cdPIOS DA PESQUISA NEUROPATOL\u00d3GICA DOS DINAMISMOS PSICOPATOL\u00d3GICOS Francisco Drumond Marcondes de Moura,Marco Marcondes de Moura e Marisa Marcondes de MouraHospital Psiqui\u00e1trico de Juquery, Franco da Rocha, SP Visando estabelecer a correla\u00e7\u00e3o de sintomas psiqui\u00e1tricos com zonas corticais atingidas, de pacientes com neuross\u00edfilis, uma quest\u00e3o fundamental foi levantada: era necess\u00e1rio subordinar a pesquisa neuropatol\u00f3gica \u00e0 pesquisa [&hellip;]<\/p>\n","protected":false},"author":8,"featured_media":0,"parent":0,"menu_order":0,"comment_status":"closed","ping_status":"closed","template":"","meta":{"footnotes":"[{\"content\":\"Trabalho apresentado na 34\u00aa Reuni\u00e3o Anual da Sociedade Brasileira para o Progresso da Ci\u00eancia -SBPC -, Campinas, S\u00e3o Paulo, julho de 1982\",\"id\":\"7943bc26-e2a3-44da-9a80-1132c03c914b\"}]"},"categories":[],"tags":[],"class_list":["post-2274","page","type-page","status-publish","hentry"],"_links":{"self":[{"href":"https:\/\/anibalsilveira.org\/en\/wp-json\/wp\/v2\/pages\/2274","targetHints":{"allow":["GET"]}}],"collection":[{"href":"https:\/\/anibalsilveira.org\/en\/wp-json\/wp\/v2\/pages"}],"about":[{"href":"https:\/\/anibalsilveira.org\/en\/wp-json\/wp\/v2\/types\/page"}],"author":[{"embeddable":true,"href":"https:\/\/anibalsilveira.org\/en\/wp-json\/wp\/v2\/users\/8"}],"replies":[{"embeddable":true,"href":"https:\/\/anibalsilveira.org\/en\/wp-json\/wp\/v2\/comments?post=2274"}],"version-history":[{"count":1,"href":"https:\/\/anibalsilveira.org\/en\/wp-json\/wp\/v2\/pages\/2274\/revisions"}],"predecessor-version":[{"id":2278,"href":"https:\/\/anibalsilveira.org\/en\/wp-json\/wp\/v2\/pages\/2274\/revisions\/2278"}],"wp:attachment":[{"href":"https:\/\/anibalsilveira.org\/en\/wp-json\/wp\/v2\/media?parent=2274"}],"wp:term":[{"taxonomy":"category","embeddable":true,"href":"https:\/\/anibalsilveira.org\/en\/wp-json\/wp\/v2\/categories?post=2274"},{"taxonomy":"post_tag","embeddable":true,"href":"https:\/\/anibalsilveira.org\/en\/wp-json\/wp\/v2\/tags?post=2274"}],"curies":[{"name":"wp","href":"https:\/\/api.w.org\/{rel}","templated":true}]}}