{"id":2291,"date":"2024-06-06T18:42:54","date_gmt":"2024-06-06T21:42:54","guid":{"rendered":"https:\/\/anibalsilveira.org\/?page_id=2291"},"modified":"2024-07-01T19:04:21","modified_gmt":"2024-07-01T22:04:21","slug":"saude-mental-e-trabalho","status":"publish","type":"page","link":"https:\/\/anibalsilveira.org\/en\/saude-mental-e-trabalho\/","title":{"rendered":"Saude Mental e Trabalho"},"content":{"rendered":"<p><strong><span style=\"text-decoration: underline;\">Aspectos te\u00f3ricos e metodol\u00f3gicos<\/span><\/strong><\/p>\n\n\n\n<ul class=\"wp-block-list\">\n<li><a href=\"https:\/\/anibalsilveira.org\/aspectos-conceituais-sobre-a-producao-social-da-doenca-mental-reflexoes-preliminares\/\"><strong>Aspectos conceituais sobre a produ\u00e7\u00e3o social da doen\u00e7a mental: reflex\u00f5es preliminares.(1986)<\/strong><\/a><\/li>\n\n\n\n<li><a href=\"https:\/\/anibalsilveira.org\/dificuldades-metodologicas-na-apreensao-do-sofrimento-mental-de-uma-populacao-trabalhadora\/\"><strong>Dificuldades metodol\u00f3gicas na apreens\u00e3o do sofrimento mental de uma popula\u00e7\u00e3o trabalhadora.(1986)<\/strong><\/a><\/li>\n\n\n\n<li><strong><strong>A expropria\u00e7\u00e3o da sociabilidade, 1988.<\/strong><\/strong><\/li>\n\n\n\n<li><strong><a href=\"https:\/\/anibalsilveira.org\/patogenese-social-do-sofrimento-psiquico-2004\/\">Patog\u00eanese social do sofrimento ps\u00edquico, 2004. <\/a><\/strong><\/li>\n\n\n\n<li><strong><a href=\"https:\/\/anibalsilveira.org\/caracterizacao-das-principais-cargas-objetivas-de-trabalho-exposicao-a-agentes-neuro-toxicos-metais-solventes-organicos-dentre-outros-ruido-excessivo-temperaturas-elevadas-dentre-outros\/\" data-type=\"page\" data-id=\"2615\">Caracteriza\u00e7\u00e3o das principais cargas ps\u00edquicas de trabalho: viol\u00eancia moral, viv\u00eancia de grave risco \u00e0 vida, automatiza\u00e7\u00e3o e repetitividade, monotonia, degrada\u00e7\u00e3o, limita\u00e7\u00e3o deliberada, isolamento social, sobrecarga e desgaste emocional, 2004.\u00a0 <\/a><\/strong><\/li>\n\n\n\n<li><strong><a href=\"https:\/\/anibalsilveira.org\/caracterizacao-das-principais-cargas-objetivas-de-trabalho-exposicao-a-agentes-neuro-toxicos-metais-solventes-organicos-dentre-outros-ruido-excessivo-temperaturas-elevadas-dentre-outros-2\/\" data-type=\"page\" data-id=\"2728\">Caracteriza\u00e7\u00e3o das principais cargas objetivas de trabalho: exposi\u00e7\u00e3o a agentes neuro t\u00f3xicos (metais, solventes org\u00e2nicos, dentre outros), ruido excessivo, temperaturas elevadas, dentre outros, 2004. <\/a><\/strong><\/li>\n\n\n\n<li><strong><a href=\"https:\/\/anibalsilveira.org\/metodologia-de-pesquisa-de-morbidade-referida-em-grupos-homogeneos-de-trabalhadores-ou-populacoes-expostas-a-fatores-de-risco-especificos\/\">Metodologia da pesquisa de morbidade referida, 2008<\/a><\/strong><\/li>\n\n\n\n<li><strong><a href=\"https:\/\/anibalsilveira.org\/o-grupo-focal-como-ferramenta-de-avaliacao-da-relacao-entre-agravos-a-saude-relacionados-ao-trabalho\/\" data-type=\"page\" data-id=\"2734\">Metodologia do Grupo Focal, 2008 <\/a><\/strong><\/li>\n\n\n\n<li><strong><a href=\"https:\/\/anibalsilveira.org\/apontamentos-teoricos-e-tecnicos-para-a-investigacao-da-relacao-entre-agravos-a-saude-mental-e-o-trabalho-2024\/\" data-type=\"page\" data-id=\"2741\">Apontamentos te\u00f3ricos e t\u00e9cnicos para a investiga\u00e7\u00e3o da rela\u00e7\u00e3o entre agravos \u00e0 sa\u00fade mental e o trabalho, 2024.<\/a><\/strong><\/li>\n\n\n\n<li><strong>Processo de valoriza\u00e7\u00e3o e processo de trabalho na patog\u00eanese do sofrimento ps\u00edquico, 2024&nbsp;<\/strong><\/li>\n\n\n\n<li><strong>Intera\u00e7\u00e3o da singularidade do trabalhador com os fatores patog\u00eanicos de car\u00e1ter social e coletivo, na configura\u00e7\u00e3o de um determinado complexo sintom\u00e1tico, 2024.<\/strong><\/li>\n\n\n\n<li><strong>Distin\u00e7\u00e3o entre fatores patog\u00eanicos de car\u00e1ter subjetivo e objetivo. Distin\u00e7\u00e3o dos quadros relacionados com o impacto sobre a din\u00e2mica ps\u00edquica com os quadros relacionados ao impacto sobre a din\u00e2mica cerebral, 2024.<\/strong><\/li>\n\n\n\n<li><strong>Dinamismos psicol\u00f3gicos envolvidos na patog\u00eanese do Burnout, 2025<\/strong><\/li>\n<\/ul>\n\n\n\n<p><strong>Abordagens e pr\u00e1ticas de interven\u00e7\u00e3o<\/strong><\/p>\n\n\n\n<ul class=\"wp-block-list\">\n<li><strong><a href=\"https:\/\/anibalsilveira.org\/a-saude-mental-do-trabalhador-relato-de-um-caso\/\"><strong>A Sa\u00fade mental do trabalhador. Relato de um caso.(1987)<\/strong><\/a><\/strong><\/li>\n\n\n\n<li><strong><a href=\"https:\/\/anibalsilveira.org\/praticas-grupais-em-saude-mental-e-saude-do-trabalhador-a-experiencia-com-grupos-de-referencia\/\"><strong>Pr\u00e1ticas grupais em sa\u00fade mental e sa\u00fade do trabalhador: a experi\u00eancia com grupos de refer\u00eancia, 2008.<\/strong><\/a><\/strong><\/li>\n\n\n\n<li><a href=\"https:\/\/anibalsilveira.org\/o-processo-grupal-segundo-pichon-riviere\/\" data-type=\"page\" data-id=\"2588\"><strong>O processo grupal segundo Pichon Rivi\u00e8re<\/strong><\/a><\/li>\n\n\n\n<li><strong><a href=\"https:\/\/anibalsilveira.org\/o-grupo-na-acepcao-de-didier-anzieu\/\" data-type=\"page\" data-id=\"2622\">O Grupo na acep\u00e7\u00e3o de Didier Anzieu <\/a><\/strong><\/li>\n\n\n\n<li><strong><a href=\"https:\/\/anibalsilveira.org\/concepcao-do-grupo-de-referencia\/\" data-type=\"page\" data-id=\"2630\">Concep\u00e7\u00e3o do Grupo de Refer\u00eancia <\/a><\/strong><\/li>\n\n\n\n<li><strong>O sofrimento ps\u00edquico dos carteiros, 2013.<\/strong><\/li>\n<\/ul>\n\n\n\n<p><strong>Bibliografia relacionada ao campo da sa\u00fade mental e trabalho<\/strong><\/p>\n\n\n\n<ul class=\"wp-block-list\">\n<li><strong><strong><a href=\"https:\/\/anibalsilveira.org\/bibliografia-campo-da-saude-mental-e-trabalho\/\">Bibliografia relacionada ao campo da sa\u00fade mental e trabalho, 2008<\/a><\/strong><\/strong><\/li>\n\n\n\n<li><strong><a href=\"https:\/\/anibalsilveira.org\/suicidio-e-trabalho-problemas-conceituais-e-metodologicos-que-cercam-a-investigacao-dessa-relacao-2010\/\">Suic\u00eddio e Trabalho: Problemas Conceituais e Metodol\u00f3gicos que Cercam a Investiga\u00e7\u00e3o dessa Rela\u00e7\u00e3o, 2010<\/a><\/strong><\/li>\n<\/ul>","protected":false},"excerpt":{"rendered":"<p>Aspectos te\u00f3ricos e metodol\u00f3gicos Abordagens e pr\u00e1ticas de interven\u00e7\u00e3o Bibliografia relacionada ao campo da sa\u00fade mental e trabalho<\/p>","protected":false},"author":8,"featured_media":0,"parent":0,"menu_order":0,"comment_status":"closed","ping_status":"closed","template":"","meta":{"footnotes":""},"categories":[],"tags":[],"class_list":["post-2291","page","type-page","status-publish","hentry"],"_links":{"self":[{"href":"https:\/\/anibalsilveira.org\/en\/wp-json\/wp\/v2\/pages\/2291","targetHints":{"allow":["GET"]}}],"collection":[{"href":"https:\/\/anibalsilveira.org\/en\/wp-json\/wp\/v2\/pages"}],"about":[{"href":"https:\/\/anibalsilveira.org\/en\/wp-json\/wp\/v2\/types\/page"}],"author":[{"embeddable":true,"href":"https:\/\/anibalsilveira.org\/en\/wp-json\/wp\/v2\/users\/8"}],"replies":[{"embeddable":true,"href":"https:\/\/anibalsilveira.org\/en\/wp-json\/wp\/v2\/comments?post=2291"}],"version-history":[{"count":17,"href":"https:\/\/anibalsilveira.org\/en\/wp-json\/wp\/v2\/pages\/2291\/revisions"}],"predecessor-version":[{"id":2780,"href":"https:\/\/anibalsilveira.org\/en\/wp-json\/wp\/v2\/pages\/2291\/revisions\/2780"}],"wp:attachment":[{"href":"https:\/\/anibalsilveira.org\/en\/wp-json\/wp\/v2\/media?parent=2291"}],"wp:term":[{"taxonomy":"category","embeddable":true,"href":"https:\/\/anibalsilveira.org\/en\/wp-json\/wp\/v2\/categories?post=2291"},{"taxonomy":"post_tag","embeddable":true,"href":"https:\/\/anibalsilveira.org\/en\/wp-json\/wp\/v2\/tags?post=2291"}],"curies":[{"name":"wp","href":"https:\/\/api.w.org\/{rel}","templated":true}]}}