{"id":2295,"date":"2024-06-06T18:43:42","date_gmt":"2024-06-06T21:43:42","guid":{"rendered":"https:\/\/anibalsilveira.org\/?page_id=2295"},"modified":"2024-07-09T19:19:33","modified_gmt":"2024-07-09T22:19:33","slug":"atencao-psicossocial","status":"publish","type":"page","link":"https:\/\/anibalsilveira.org\/en\/atencao-psicossocial\/","title":{"rendered":"Aten\u00e7\u00e3o Psicossocial"},"content":{"rendered":"<h4 class=\"wp-block-heading\"><strong><span style=\"text-decoration: underline;\">Aspectos conceituais:<\/span><\/strong><\/h4>\n\n\n\n<ul class=\"wp-block-list\">\n<li><strong><a href=\"https:\/\/anibalsilveira.org\/apontamentos-teoricos-e-tecnicos-para-a-investigacao-da-relacao-entre-agravos-a-saude-mental-e-o-trabalho-2024\/\" data-type=\"page\" data-id=\"2741\">Apontamentos te\u00f3ricos e t\u00e9cnicos para a investiga\u00e7\u00e3o da rela\u00e7\u00e3o entre agravos \u00e0 sa\u00fade mental e o trabalho, 2024.<\/a><\/strong><\/li>\n\n\n\n<li><strong><a href=\"https:\/\/anibalsilveira.org\/patogenese-social-do-sofrimento-psiquico-2004\/\" data-type=\"page\" data-id=\"2761\">Patog\u00eanese social do sofrimento ps\u00edquico, 2024<\/a><\/strong><\/li>\n<\/ul>\n\n\n\n<h4 class=\"wp-block-heading\"><strong><span style=\"text-decoration: underline;\">Linhas de cuidado e experi\u00eancias alternativas:<\/span><\/strong><\/h4>\n\n\n\n<ul class=\"wp-block-list\">\n<li><a href=\"https:\/\/anibalsilveira.org\/quem-ganha-com-a-loucura\/\" data-type=\"page\" data-id=\"2118\"><strong>Quem ganha com a loucura?<\/strong><\/a><\/li>\n\n\n\n<li><a href=\"https:\/\/anibalsilveira.org\/o-juqueri-ha-saidas-i-entre-a-custodia-e-a-recuperacao-da-identidade-dos-loucos\/\" data-type=\"page\" data-id=\"2109\"><strong>O Juqueri: h\u00e1 sa\u00eddas? I. Entre a cust\u00f3dia e a recupera\u00e7\u00e3o da identidade dos loucos.<\/strong><\/a><\/li>\n\n\n\n<li><a href=\"https:\/\/anibalsilveira.org\/o-juqueri-ha-saidas-ii-experiencia-alternativa-em-um-macroasilo\/\" data-type=\"page\" data-id=\"2113\"><strong>O Juqueri: h\u00e1 sa\u00eddas? II. Experi\u00eancia alternativa em um macroasilo.<\/strong><\/a><\/li>\n\n\n\n<li><a href=\"https:\/\/anibalsilveira.org\/lar-abrigado-no-juqueri-um-inicio\/\" data-type=\"page\" data-id=\"2260\"><strong>Lar Abrigado no Juqueri: um in\u00edcio.<\/strong><\/a><\/li>\n\n\n\n<li><strong><a href=\"https:\/\/anibalsilveira.org\/dois-anos-e-meio-de-lar-abrigado-no-juqueri\/\" data-type=\"page\" data-id=\"2693\">Dois anos e meio de Lar Abrigado no Juqueri, 1986.<\/a><\/strong><\/li>\n\n\n\n<li><strong><a href=\"https:\/\/anibalsilveira.org\/juqueri-transformacao-impossivel-1990\/\">Juqueri: transforma\u00e7\u00e3o imposs\u00edvel? 1990.<\/a><\/strong><\/li>\n\n\n\n<li><strong><a href=\"https:\/\/anibalsilveira.org\/cuidado-psicossocial-na-atencao-basica-2006\/\">Cuidado psicossocial na Aten\u00e7\u00e3o B\u00e1sica, 2006<\/a><\/strong><\/li>\n\n\n\n<li><strong><a href=\"https:\/\/anibalsilveira.org\/programa-de-apoio-as-gestantes-e-puerperas-com-risco-de-sofrimento-psiquico-2006\/\">Programa de apoio \u00e0s gestantes e pu\u00e9rperas com risco de sofrimento ps\u00edquico, 2006<\/a><\/strong><\/li>\n\n\n\n<li><a href=\"https:\/\/anibalsilveira.org\/praticas-grupais-em-saude-mental-e-saude-do-trabalhador-a-experiencia-com-grupos-de-referencia\/\" data-type=\"page\" data-id=\"2377\"><strong>Pr\u00e1ticas grupais em sa\u00fade mental e sa\u00fade do trabalhador:&nbsp;a experi\u00eancia com Grupos de Refer\u00eancia.<\/strong><\/a><\/li>\n\n\n\n<li><strong><a href=\"https:\/\/anibalsilveira.org\/o-processo-grupal-segundo-pichon-riviere\/\" data-type=\"page\" data-id=\"2588\">O processo grupal segundo Pichon Rivi\u00e8re<\/a><\/strong><\/li>\n\n\n\n<li><strong><a href=\"https:\/\/anibalsilveira.org\/formulario-de-observacao-do-grupo-operativo-2008\/\">Formul\u00e1rio de Observa\u00e7\u00e3o do Grupo Operativo, 2008<\/a><\/strong><\/li>\n\n\n\n<li><strong><a href=\"https:\/\/anibalsilveira.org\/o-grupo-na-acepcao-de-didier-anzieu\/\" data-type=\"page\" data-id=\"2622\">O Grupo na acep\u00e7\u00e3o de Didier Anzieu<\/a><\/strong><\/li>\n\n\n\n<li><strong><a href=\"https:\/\/anibalsilveira.org\/concepcao-do-grupo-de-referencia\/\" data-type=\"page\" data-id=\"2630\">Concep\u00e7\u00e3o do Grupo de Refer\u00eancia&nbsp;<\/a><\/strong><\/li>\n\n\n\n<li><strong><a href=\"https:\/\/anibalsilveira.org\/formulario-do-grupo-de-referencia-2008\/\">Formul\u00e1rio do Grupo de Refer\u00eancia, 2008<\/a><\/strong><\/li>\n\n\n\n<li><strong><a href=\"https:\/\/anibalsilveira.org\/programa-de-prevencao-e-de-monitoramento-dos-agravos-a-saude-dos-trabalhadores-e-das-trabalhadoras-do-sus-relacionados-ao-trabalho-2013\/\">Programa de preven\u00e7\u00e3o e de monitoramento dos agravos, \u00e0 sa\u00fade dos trabalhadores e das trabalhadoras do SUS, relacionados ao trabalho, 2013<\/a><\/strong><\/li>\n\n\n\n<li><strong><a href=\"https:\/\/anibalsilveira.org\/programa-de-gestao-da-qualidade-de-vida-no-trabalho-pgqvt-tabelas-2013\/\">Programa de Gest\u00e3o da Qualidade de Vida no Trabalho &#8211; PGQVT &#8211; Tabelas, 2013<\/a><\/strong><\/li>\n\n\n\n<li><strong><a href=\"https:\/\/anibalsilveira.org\/enfrentamento-da-demanda-por-internacao-compulsoria-no-ambito-do-projeto-cinapsi-no-municipio-de-rio-claro-2013\/\">Enfrentamento da demanda por interna\u00e7\u00e3o compuls\u00f3ria no \u00e2mbito do Projeto CINAPSI no munic\u00edpio de Rio Claro, 2013<\/a><\/strong><\/li>\n\n\n\n<li><strong><a href=\"https:\/\/anibalsilveira.org\/atelie-terapeutico-2014\/\">Ateli\u00ea Terap\u00eautico, 2014<\/a><\/strong><\/li>\n\n\n\n<li><strong><a href=\"https:\/\/anibalsilveira.org\/a-construcao-do-mote-na-terapia-comunitaria\/\">A constru\u00e7\u00e3o do mote na Terapia Comunit\u00e1ria, 2015<\/a><\/strong><\/li>\n\n\n\n<li><strong><a href=\"https:\/\/anibalsilveira.org\/sofrimento-psiquico-grave-reconhecimento-e-estrategias-de-cuidado-2017\/\">Sofrimento ps\u00edquico grave: reconhecimento e estrat\u00e9gias de cuidado, 2017<\/a><\/strong><\/li>\n\n\n\n<li><strong><a href=\"https:\/\/anibalsilveira.org\/roteiro-para-proceder-ao-estudo-de-caso-sob-o-prisma-da-teoria-sociologica-da-personalidade-2022\/\">Roteiro para proceder ao estudo de caso sob o prisma da Teoria Sociol\u00f3gica da Personalidade, 2022<\/a><\/strong><\/li>\n\n\n\n<li><a href=\"https:\/\/anibalsilveira.org\/abordagens-de-atencao-a-crise-de-base-comunitaria-e-familiar-3\/\"><strong>Abordagem de aten\u00e7\u00e3o \u00e0 crise de base comunit\u00e1ria e familiar: a estrat\u00e9gia do Open Dialogue, 2024<\/strong><\/a><\/li>\n<\/ul>\n\n\n\n<h4 class=\"wp-block-heading\"><strong><span style=\"text-decoration: underline;\">Bibliografia relacionada com a Aten\u00e7\u00e3o Psicossocial&nbsp;<\/span><\/strong><\/h4>\n\n\n\n<ul class=\"wp-block-list\">\n<li><strong><a href=\"https:\/\/anibalsilveira.org\/prevencao-do-suicidio-na-atencao-primaria-2000\/\">Preven\u00e7\u00e3o do suic\u00eddio na Aten\u00e7\u00e3o Prim\u00e1ria, 2000<\/a><\/strong><\/li>\n\n\n\n<li><strong><a href=\"https:\/\/anibalsilveira.org\/prevencao-do-suicidio-oms-2006\/\">Preven\u00e7\u00e3o do Suic\u00eddio \u2013 OMS, 2006<\/a><\/strong><\/li>\n\n\n\n<li><strong><a href=\"https:\/\/anibalsilveira.org\/manual-prevencao-do-suicidio-ministerio-da-saude-opas-unicamp-2006\/\">Manual Preven\u00e7\u00e3o do Suic\u00eddio, Minist\u00e9rio da Sa\u00fade\/OPAS\/Unicamp, 2006<\/a><\/strong><\/li>\n\n\n\n<li><strong><a href=\"https:\/\/anibalsilveira.org\/saude-mental-na-atencao-basica-2011\/\">Sa\u00fade Mental na Aten\u00e7\u00e3o B\u00e1sica, 2011<\/a><\/strong><\/li>\n\n\n\n<li><strong><a href=\"https:\/\/anibalsilveira.org\/saude-publica-acao-para-a-prevencao-do-suicidio-oms-2012\/\">Sa\u00fade P\u00fablica \u2013 A\u00e7\u00e3o para a preven\u00e7\u00e3o do suic\u00eddio \u2013 OMS, 2012<\/a><\/strong><\/li>\n<\/ul>","protected":false},"excerpt":{"rendered":"<p>Aspectos conceituais: Linhas de cuidado e experi\u00eancias alternativas: Bibliografia relacionada com a Aten\u00e7\u00e3o Psicossocial&nbsp;<\/p>","protected":false},"author":8,"featured_media":0,"parent":0,"menu_order":0,"comment_status":"closed","ping_status":"closed","template":"","meta":{"footnotes":""},"categories":[],"tags":[],"class_list":["post-2295","page","type-page","status-publish","hentry"],"_links":{"self":[{"href":"https:\/\/anibalsilveira.org\/en\/wp-json\/wp\/v2\/pages\/2295","targetHints":{"allow":["GET"]}}],"collection":[{"href":"https:\/\/anibalsilveira.org\/en\/wp-json\/wp\/v2\/pages"}],"about":[{"href":"https:\/\/anibalsilveira.org\/en\/wp-json\/wp\/v2\/types\/page"}],"author":[{"embeddable":true,"href":"https:\/\/anibalsilveira.org\/en\/wp-json\/wp\/v2\/users\/8"}],"replies":[{"embeddable":true,"href":"https:\/\/anibalsilveira.org\/en\/wp-json\/wp\/v2\/comments?post=2295"}],"version-history":[{"count":28,"href":"https:\/\/anibalsilveira.org\/en\/wp-json\/wp\/v2\/pages\/2295\/revisions"}],"predecessor-version":[{"id":2891,"href":"https:\/\/anibalsilveira.org\/en\/wp-json\/wp\/v2\/pages\/2295\/revisions\/2891"}],"wp:attachment":[{"href":"https:\/\/anibalsilveira.org\/en\/wp-json\/wp\/v2\/media?parent=2295"}],"wp:term":[{"taxonomy":"category","embeddable":true,"href":"https:\/\/anibalsilveira.org\/en\/wp-json\/wp\/v2\/categories?post=2295"},{"taxonomy":"post_tag","embeddable":true,"href":"https:\/\/anibalsilveira.org\/en\/wp-json\/wp\/v2\/tags?post=2295"}],"curies":[{"name":"wp","href":"https:\/\/api.w.org\/{rel}","templated":true}]}}