{"id":237,"date":"2022-06-22T12:38:20","date_gmt":"2022-06-22T15:38:20","guid":{"rendered":"https:\/\/anibalsilveira.org\/?page_id=237"},"modified":"2022-06-22T14:57:15","modified_gmt":"2022-06-22T17:57:15","slug":"formulario-de-inscricao","status":"publish","type":"page","link":"https:\/\/anibalsilveira.org\/en\/formulario-de-inscricao\/","title":{"rendered":"Formul\u00e1rio de inscri\u00e7\u00e3o"},"content":{"rendered":"\n<h2 class=\"wp-block-heading\">Pronto(a) para se associar?<\/h2>\n\n\n\n<p>Para se associar \u00e9 necess\u00e1rio preencher o Formul\u00e1rio de Ades\u00e3o abaixo, que ser\u00e1 encaminhada \u00e0 Diretoria para an\u00e1lise e aprova\u00e7\u00e3o.<\/p>\n\n\n<div class=\"wpforms-container \" id=\"wpforms-289\"><form id=\"wpforms-form-289\" class=\"wpforms-validate wpforms-form wpforms-ajax-form\" data-formid=\"289\" method=\"post\" enctype=\"multipart\/form-data\" action=\"\/en\/wp-json\/wp\/v2\/pages\/237\" data-token=\"c9b4e75c6083597582e0d3d7d6a05778\"><noscript class=\"wpforms-error-noscript\">Please enable JavaScript in your browser to complete this form.<\/noscript><div class=\"wpforms-field-container\"><div id=\"wpforms-289-field_0-container\" class=\"wpforms-field wpforms-field-name\" data-field-id=\"0\"><label class=\"wpforms-field-label\" for=\"wpforms-289-field_0\">Nome completo <span class=\"wpforms-required-label\">*<\/span><\/label><input type=\"text\" id=\"wpforms-289-field_0\" class=\"wpforms-field-large wpforms-field-required\" name=\"wpforms[fields][0]\" placeholder=\"Digite seu nome completo\" required><\/div><div id=\"wpforms-289-field_1-container\" class=\"wpforms-field wpforms-field-email\" data-field-id=\"1\"><label class=\"wpforms-field-label\" for=\"wpforms-289-field_1\">E-mail <span class=\"wpforms-required-label\">*<\/span><\/label><input type=\"email\" id=\"wpforms-289-field_1\" class=\"wpforms-field-large wpforms-field-required\" name=\"wpforms[fields][1]\" placeholder=\"nome@provedor.com\" required><div class=\"wpforms-field-description\">Esse ser\u00e1 o endere\u00e7o de e-mail utilizado para acessar a \u00e1rea do associado no site.<\/div><\/div><div id=\"wpforms-289-field_22-container\" class=\"wpforms-field wpforms-field-phone\" data-field-id=\"22\"><label class=\"wpforms-field-label\" for=\"wpforms-289-field_22\">Telefone <span class=\"wpforms-required-label\">*<\/span><\/label><input type=\"tel\" id=\"wpforms-289-field_22\" class=\"wpforms-field-large wpforms-field-required wpforms-smart-phone-field\" data-rule-smart-phone-field=\"true\" name=\"wpforms[fields][22]\" placeholder=\"Digite seu telefone\" required><\/div><div id=\"wpforms-289-field_3-container\" class=\"wpforms-field wpforms-field-textarea\" data-field-id=\"3\"><label class=\"wpforms-field-label\" for=\"wpforms-289-field_3\">Endere\u00e7o <span class=\"wpforms-required-label\">*<\/span><\/label><textarea id=\"wpforms-289-field_3\" class=\"wpforms-field-small wpforms-field-required\" name=\"wpforms[fields][3]\" placeholder=\"Digite seu endere\u00e7o\" required><\/textarea><\/div><div id=\"wpforms-289-field_5-container\" class=\"wpforms-field wpforms-field-name wpforms-one-half wpforms-first\" data-field-id=\"5\"><label class=\"wpforms-field-label\" for=\"wpforms-289-field_5\">Forma\u00e7\u00e3o <span class=\"wpforms-required-label\">*<\/span><\/label><input type=\"text\" id=\"wpforms-289-field_5\" class=\"wpforms-field-large wpforms-field-required\" name=\"wpforms[fields][5]\" placeholder=\"Forma\u00e7\u00e3o\" required><\/div><div id=\"wpforms-289-field_6-container\" class=\"wpforms-field wpforms-field-name wpforms-one-half\" data-field-id=\"6\"><label class=\"wpforms-field-label\" for=\"wpforms-289-field_6\">Inser\u00e7\u00e3o atual <span class=\"wpforms-required-label\">*<\/span><\/label><input type=\"text\" id=\"wpforms-289-field_6\" class=\"wpforms-field-large wpforms-field-required\" name=\"wpforms[fields][6]\" placeholder=\"Inser\u00e7\u00e3o atual\" required><\/div><div id=\"wpforms-289-field_7-container\" class=\"wpforms-field wpforms-field-checkbox wpforms-conditional-trigger\" data-field-id=\"7\"><label class=\"wpforms-field-label\" for=\"wpforms-289-field_7\">Campos de interesse <span class=\"wpforms-required-label\">*<\/span><\/label><ul id=\"wpforms-289-field_7\" class=\"wpforms-field-required\"><li class=\"choice-1 depth-1\"><input type=\"checkbox\" id=\"wpforms-289-field_7_1\" name=\"wpforms[fields][7][]\" value=\"Psiquiatria\" required ><label class=\"wpforms-field-label-inline\" for=\"wpforms-289-field_7_1\">Psiquiatria<\/label><\/li><li class=\"choice-2 depth-1\"><input type=\"checkbox\" id=\"wpforms-289-field_7_2\" name=\"wpforms[fields][7][]\" value=\"Psicologia\" required ><label class=\"wpforms-field-label-inline\" for=\"wpforms-289-field_7_2\">Psicologia<\/label><\/li><li class=\"choice-3 depth-1\"><input type=\"checkbox\" id=\"wpforms-289-field_7_3\" name=\"wpforms[fields][7][]\" value=\"Neurologia\" required ><label class=\"wpforms-field-label-inline\" for=\"wpforms-289-field_7_3\">Neurologia<\/label><\/li><li class=\"choice-4 depth-1\"><input type=\"checkbox\" id=\"wpforms-289-field_7_4\" name=\"wpforms[fields][7][]\" value=\"Aten\u00e7\u00e3o Psicossocial\" required ><label class=\"wpforms-field-label-inline\" for=\"wpforms-289-field_7_4\">Aten\u00e7\u00e3o Psicossocial<\/label><\/li><li class=\"choice-5 depth-1\"><input type=\"checkbox\" id=\"wpforms-289-field_7_5\" name=\"wpforms[fields][7][]\" value=\"Aten\u00e7\u00e3o Prim\u00e1ria\" required ><label class=\"wpforms-field-label-inline\" for=\"wpforms-289-field_7_5\">Aten\u00e7\u00e3o Prim\u00e1ria<\/label><\/li><li class=\"choice-6 depth-1\"><input type=\"checkbox\" id=\"wpforms-289-field_7_6\" name=\"wpforms[fields][7][]\" value=\"Outros\" required ><label class=\"wpforms-field-label-inline\" for=\"wpforms-289-field_7_6\">Outros<\/label><\/li><\/ul><\/div><div id=\"wpforms-289-field_8-container\" class=\"wpforms-field wpforms-field-textarea wpforms-conditional-field wpforms-conditional-show\" data-field-id=\"8\" style=\"display:none;\"><label class=\"wpforms-field-label wpforms-label-hide\" for=\"wpforms-289-field_8\">Outros campos de interesse<\/label><textarea id=\"wpforms-289-field_8\" class=\"wpforms-field-small\" name=\"wpforms[fields][8]\" placeholder=\"Outros\" ><\/textarea><\/div><div id=\"wpforms-289-field_10-container\" class=\"wpforms-field wpforms-field-radio wpforms-conditional-trigger\" data-field-id=\"10\"><label class=\"wpforms-field-label\" for=\"wpforms-289-field_10\">Tem interesse em atuar como tutor no processo de Forma\u00e7\u00e3o ou de Supervis\u00e3o do CEPAS? <span class=\"wpforms-required-label\">*<\/span><\/label><ul id=\"wpforms-289-field_10\" class=\"wpforms-field-required\"><li class=\"choice-1 depth-1\"><input type=\"radio\" id=\"wpforms-289-field_10_1\" name=\"wpforms[fields][10]\" value=\"Sim\" required ><label class=\"wpforms-field-label-inline\" for=\"wpforms-289-field_10_1\">Sim<\/label><\/li><li class=\"choice-2 depth-1\"><input type=\"radio\" id=\"wpforms-289-field_10_2\" name=\"wpforms[fields][10]\" value=\"N\u00e3o\" required ><label class=\"wpforms-field-label-inline\" for=\"wpforms-289-field_10_2\">N\u00e3o<\/label><\/li><\/ul><\/div><div id=\"wpforms-289-field_11-container\" class=\"wpforms-field wpforms-field-textarea wpforms-conditional-field wpforms-conditional-show\" data-field-id=\"11\" style=\"display:none;\"><label class=\"wpforms-field-label\" for=\"wpforms-289-field_11\">Em qual \u00e1rea\/campo <span class=\"wpforms-required-label\">*<\/span><\/label><textarea id=\"wpforms-289-field_11\" class=\"wpforms-field-small wpforms-field-required\" name=\"wpforms[fields][11]\" placeholder=\"Digite aqui a \u00e1rea\/campo\" required><\/textarea><\/div><div id=\"wpforms-289-field_19-container\" class=\"wpforms-field wpforms-field-html\" data-field-id=\"19\"><div id=\"wpforms-289-field_19\"><div class=\"wp-container-10 wp-block-column\" style=\"flex-basis:33.33%\">\r\n<div class=\"wp-container-9 wp-block-group has-background\" style=\"background-color:#eef0f0\"><div class=\"wp-block-group__inner-container\">\r\n<h5 class=\"mt-0 mb-3\"><strong>Contribui\u00e7\u00e3o<\/strong><\/h5>\r\n<div style=\"font-size: 16px\">\r\n  Valor da contribui\u00e7\u00e3o mensal (*): R$ 100,00\r\n<br>(*) transfer\u00eancia por PIX da Associa\u00e7\u00e3o, todo o dia 10 de cada m\u00eas.\r\n<\/div>\r\n<\/div><\/div>\r\n<\/div><\/div><\/div><div id=\"wpforms-289-field_20-container\" class=\"wpforms-field wpforms-field-text\" data-field-id=\"20\"><label class=\"wpforms-field-label\" for=\"wpforms-289-field_20\">Local <span class=\"wpforms-required-label\">*<\/span><\/label><input type=\"text\" id=\"wpforms-289-field_20\" class=\"wpforms-field-large wpforms-field-required\" name=\"wpforms[fields][20]\" placeholder=\"Cidade\" required><\/div><div id=\"wpforms-289-field_24-container\" class=\"wpforms-field wpforms-field-hidden\" data-field-id=\"24\"><input type=\"hidden\" id=\"wpforms-289-field_24\" name=\"wpforms[fields][24]\" value=\"23\/04\/2026\"><\/div><div id=\"wpforms-289-field_9-container\" class=\"wpforms-field wpforms-field-signature\" data-field-id=\"9\"><label class=\"wpforms-field-label\" for=\"wpforms-289-field_9\">Sua assinatura <span class=\"wpforms-required-label\">*<\/span><\/label><div class=\"wpforms-signature-wrap wpforms-field-large\"><canvas class=\"wpforms-signature-canvas\" id=\"wpforms-289-field_9-signature\" data-color=\"#000000\"><\/canvas><button class=\"wpforms-signature-clear\" title=\"Clear Signature\">Clear Signature<\/button><\/div><input type=\"text\" id=\"wpforms-289-field_9\" class=\"wpforms-signature-input wpforms-screen-reader-element wpforms-field-required\" name=\"wpforms[fields][9]\" required><div class=\"wpforms-field-description\">Utilize o mouse ou o dedo para fazer sua assinatura. Caso erre, basta tocar no \u24e7 para come\u00e7ar novamente.<\/div><\/div><\/div><div class=\"wpforms-recaptcha-container wpforms-is-recaptcha\"><div class=\"g-recaptcha\" data-sitekey=\"6LetbToUAAAAALUJHcM6nxB0P805B6jzb_cLdbIy\" data-size=\"invisible\"><\/div><\/div><div class=\"wpforms-submit-container\"><input type=\"hidden\" name=\"wpforms[id]\" value=\"289\"><input type=\"hidden\" name=\"wpforms[author]\" value=\"1\"><button type=\"submit\" name=\"wpforms[submit]\" id=\"wpforms-submit-289\" class=\"wpforms-submit\" data-alt-text=\"Enviando...\" data-submit-text=\"Enviar Formul\u00e1rio\" aria-live=\"assertive\" value=\"wpforms-submit\">Enviar Formul\u00e1rio<\/button><img loading=\"lazy\" decoding=\"async\" src=\"https:\/\/anibalsilveira.org\/wp-content\/plugins\/wpforms\/assets\/images\/submit-spin.svg\" class=\"wpforms-submit-spinner\" style=\"display: none;\" width=\"26\" height=\"26\" alt=\"\"><\/div><\/form><\/div>  <!-- .wpforms-container -->","protected":false},"excerpt":{"rendered":"<p>Pronto(a) para se associar? Para se associar \u00e9 necess\u00e1rio preencher o Formul\u00e1rio de Ades\u00e3o abaixo, que ser\u00e1 encaminhada \u00e0 Diretoria para an\u00e1lise e aprova\u00e7\u00e3o.<\/p>","protected":false},"author":1,"featured_media":0,"parent":0,"menu_order":0,"comment_status":"closed","ping_status":"closed","template":"templates\/template-full-width.php","meta":{"footnotes":""},"categories":[],"tags":[],"class_list":["post-237","page","type-page","status-publish","hentry"],"_links":{"self":[{"href":"https:\/\/anibalsilveira.org\/en\/wp-json\/wp\/v2\/pages\/237","targetHints":{"allow":["GET"]}}],"collection":[{"href":"https:\/\/anibalsilveira.org\/en\/wp-json\/wp\/v2\/pages"}],"about":[{"href":"https:\/\/anibalsilveira.org\/en\/wp-json\/wp\/v2\/types\/page"}],"author":[{"embeddable":true,"href":"https:\/\/anibalsilveira.org\/en\/wp-json\/wp\/v2\/users\/1"}],"replies":[{"embeddable":true,"href":"https:\/\/anibalsilveira.org\/en\/wp-json\/wp\/v2\/comments?post=237"}],"version-history":[{"count":2,"href":"https:\/\/anibalsilveira.org\/en\/wp-json\/wp\/v2\/pages\/237\/revisions"}],"predecessor-version":[{"id":293,"href":"https:\/\/anibalsilveira.org\/en\/wp-json\/wp\/v2\/pages\/237\/revisions\/293"}],"wp:attachment":[{"href":"https:\/\/anibalsilveira.org\/en\/wp-json\/wp\/v2\/media?parent=237"}],"wp:term":[{"taxonomy":"category","embeddable":true,"href":"https:\/\/anibalsilveira.org\/en\/wp-json\/wp\/v2\/categories?post=237"},{"taxonomy":"post_tag","embeddable":true,"href":"https:\/\/anibalsilveira.org\/en\/wp-json\/wp\/v2\/tags?post=237"}],"curies":[{"name":"wp","href":"https:\/\/api.w.org\/{rel}","templated":true}]}}