{"id":2500,"date":"2024-06-18T18:34:49","date_gmt":"2024-06-18T21:34:49","guid":{"rendered":"https:\/\/anibalsilveira.org\/?page_id=2500"},"modified":"2024-06-18T18:48:24","modified_gmt":"2024-06-18T21:48:24","slug":"artigos-de-kleist","status":"publish","type":"page","link":"https:\/\/anibalsilveira.org\/en\/artigos-de-kleist\/","title":{"rendered":"Artigos de Kleist"},"content":{"rendered":"<ul class=\"wp-block-list\">\n<li><a href=\"https:\/\/anibalsilveira.org\/funcoes-psiquicas-e-tronco-cerebral\/\"><strong>Fun\u00e7\u00f5es ps\u00edquicas e tronco cerebral, 1954<\/strong><\/a><\/li>\n\n\n\n<li><strong><a href=\"https:\/\/anibalsilveira.org\/natureza-e-localizacao-da-paralogia\/\">Natureza e localiza\u00e7\u00e3o da Paralogia, 1922<\/a><\/strong><\/li>\n\n\n\n<li><strong><a href=\"https:\/\/anibalsilveira.org\/estados-crepusculares-episodicos\/\">Estados crepusculares epis\u00f3dicos<\/a><\/strong><\/li>\n<\/ul>","protected":false},"excerpt":{"rendered":"","protected":false},"author":8,"featured_media":0,"parent":0,"menu_order":0,"comment_status":"closed","ping_status":"closed","template":"","meta":{"footnotes":""},"categories":[],"tags":[],"class_list":["post-2500","page","type-page","status-publish","hentry"],"_links":{"self":[{"href":"https:\/\/anibalsilveira.org\/en\/wp-json\/wp\/v2\/pages\/2500","targetHints":{"allow":["GET"]}}],"collection":[{"href":"https:\/\/anibalsilveira.org\/en\/wp-json\/wp\/v2\/pages"}],"about":[{"href":"https:\/\/anibalsilveira.org\/en\/wp-json\/wp\/v2\/types\/page"}],"author":[{"embeddable":true,"href":"https:\/\/anibalsilveira.org\/en\/wp-json\/wp\/v2\/users\/8"}],"replies":[{"embeddable":true,"href":"https:\/\/anibalsilveira.org\/en\/wp-json\/wp\/v2\/comments?post=2500"}],"version-history":[{"count":4,"href":"https:\/\/anibalsilveira.org\/en\/wp-json\/wp\/v2\/pages\/2500\/revisions"}],"predecessor-version":[{"id":2520,"href":"https:\/\/anibalsilveira.org\/en\/wp-json\/wp\/v2\/pages\/2500\/revisions\/2520"}],"wp:attachment":[{"href":"https:\/\/anibalsilveira.org\/en\/wp-json\/wp\/v2\/media?parent=2500"}],"wp:term":[{"taxonomy":"category","embeddable":true,"href":"https:\/\/anibalsilveira.org\/en\/wp-json\/wp\/v2\/categories?post=2500"},{"taxonomy":"post_tag","embeddable":true,"href":"https:\/\/anibalsilveira.org\/en\/wp-json\/wp\/v2\/tags?post=2500"}],"curies":[{"name":"wp","href":"https:\/\/api.w.org\/{rel}","templated":true}]}}