{"id":2630,"date":"2024-06-25T20:06:59","date_gmt":"2024-06-25T23:06:59","guid":{"rendered":"https:\/\/anibalsilveira.org\/?page_id=2630"},"modified":"2024-06-25T20:06:59","modified_gmt":"2024-06-25T23:06:59","slug":"concepcao-do-grupo-de-referencia","status":"publish","type":"page","link":"https:\/\/anibalsilveira.org\/en\/concepcao-do-grupo-de-referencia\/","title":{"rendered":"Concep\u00e7\u00e3o do Grupo de Refer\u00eancia"},"content":{"rendered":"<div class=\"wp-block-file\"><a id=\"wp-block-file--media-9f7bb94d-4be1-49bf-a0ef-6bb67f3ce8ce\" href=\"https:\/\/anibalsilveira.org\/wp-content\/uploads\/2024\/06\/Concepcao-do-Grupo-de-Referencia.pptx\">Concepcao-do-Grupo-de-Referencia<\/a><a href=\"https:\/\/anibalsilveira.org\/wp-content\/uploads\/2024\/06\/Concepcao-do-Grupo-de-Referencia.pptx\" class=\"wp-block-file__button wp-element-button\" download aria-describedby=\"wp-block-file--media-9f7bb94d-4be1-49bf-a0ef-6bb67f3ce8ce\">Baixar<\/a><\/div>","protected":false},"excerpt":{"rendered":"","protected":false},"author":8,"featured_media":0,"parent":0,"menu_order":0,"comment_status":"closed","ping_status":"closed","template":"","meta":{"footnotes":""},"categories":[],"tags":[],"class_list":["post-2630","page","type-page","status-publish","hentry"],"_links":{"self":[{"href":"https:\/\/anibalsilveira.org\/en\/wp-json\/wp\/v2\/pages\/2630","targetHints":{"allow":["GET"]}}],"collection":[{"href":"https:\/\/anibalsilveira.org\/en\/wp-json\/wp\/v2\/pages"}],"about":[{"href":"https:\/\/anibalsilveira.org\/en\/wp-json\/wp\/v2\/types\/page"}],"author":[{"embeddable":true,"href":"https:\/\/anibalsilveira.org\/en\/wp-json\/wp\/v2\/users\/8"}],"replies":[{"embeddable":true,"href":"https:\/\/anibalsilveira.org\/en\/wp-json\/wp\/v2\/comments?post=2630"}],"version-history":[{"count":1,"href":"https:\/\/anibalsilveira.org\/en\/wp-json\/wp\/v2\/pages\/2630\/revisions"}],"predecessor-version":[{"id":2634,"href":"https:\/\/anibalsilveira.org\/en\/wp-json\/wp\/v2\/pages\/2630\/revisions\/2634"}],"wp:attachment":[{"href":"https:\/\/anibalsilveira.org\/en\/wp-json\/wp\/v2\/media?parent=2630"}],"wp:term":[{"taxonomy":"category","embeddable":true,"href":"https:\/\/anibalsilveira.org\/en\/wp-json\/wp\/v2\/categories?post=2630"},{"taxonomy":"post_tag","embeddable":true,"href":"https:\/\/anibalsilveira.org\/en\/wp-json\/wp\/v2\/tags?post=2630"}],"curies":[{"name":"wp","href":"https:\/\/api.w.org\/{rel}","templated":true}]}}