{"id":2654,"date":"2024-06-25T20:27:56","date_gmt":"2024-06-25T23:27:56","guid":{"rendered":"https:\/\/anibalsilveira.org\/?page_id=2654"},"modified":"2024-06-25T20:31:33","modified_gmt":"2024-06-25T23:31:33","slug":"curso-teoria-da-personalidade-nov-dez-1969-caoc-srsp","status":"publish","type":"page","link":"https:\/\/anibalsilveira.org\/en\/curso-teoria-da-personalidade-nov-dez-1969-caoc-srsp\/","title":{"rendered":"Teoria da Personalidade &#8211; Curso &#8211; Nov-Dez\/1969 \u2013 CAOC\/SRSP"},"content":{"rendered":"<p><strong>Centro Acad\u00eamico Oswaldo Cruz\/FMUSP<br>Sociedade Rorschach de S\u00e3o Paulo<\/strong><\/p>\n\n\n\n<ol class=\"wp-block-list\">\n<li><strong>Escolas e M\u00e9todos em Psicologia (3\/10\/69)<\/strong><\/li>\n\n\n\n<li><strong>Concep\u00e7\u00e3o neurobiol\u00f3gica de von Monakow (10\/10\/69)<\/strong><\/li>\n\n\n\n<li><strong>Compara\u00e7\u00e3o entre as Teorias de Comte, Freud e Monakow (17\/10\/69)<\/strong><\/li>\n\n\n\n<li><strong>Teoria de Comte (24\/10\/69)<\/strong><\/li>\n\n\n\n<li><strong>Fun\u00e7\u00f5es de liga\u00e7\u00e3o com o mundo interno objetivo (31\/10\/69)<\/strong><\/li>\n\n\n\n<li><strong>Fun\u00e7\u00f5es de liga\u00e7\u00e3o com o mundo externo (07\/11\/69)<\/strong><\/li>\n\n\n\n<li><strong>Afetividade (14\/11\/69)<\/strong><\/li>\n\n\n\n<li><strong>Cona\u00e7\u00e3o (21\/11\/69)<\/strong><\/li>\n\n\n\n<li><strong>Teoria das Imagens (28\/11\/69)<\/strong><\/li>\n\n\n\n<li><strong>Intelig\u00eancia (5\/12\/69)<\/strong><\/li>\n\n\n\n<li><strong>Aplica\u00e7\u00e3o da Teoria de Comte na pr\u00e1tica cl\u00ednica (12\/12\/69)<\/strong><\/li>\n<\/ol>","protected":false},"excerpt":{"rendered":"<p>Centro Acad\u00eamico Oswaldo Cruz\/FMUSPSociedade Rorschach de S\u00e3o Paulo<\/p>","protected":false},"author":8,"featured_media":0,"parent":0,"menu_order":0,"comment_status":"closed","ping_status":"closed","template":"","meta":{"footnotes":""},"categories":[],"tags":[],"class_list":["post-2654","page","type-page","status-publish","hentry"],"_links":{"self":[{"href":"https:\/\/anibalsilveira.org\/en\/wp-json\/wp\/v2\/pages\/2654","targetHints":{"allow":["GET"]}}],"collection":[{"href":"https:\/\/anibalsilveira.org\/en\/wp-json\/wp\/v2\/pages"}],"about":[{"href":"https:\/\/anibalsilveira.org\/en\/wp-json\/wp\/v2\/types\/page"}],"author":[{"embeddable":true,"href":"https:\/\/anibalsilveira.org\/en\/wp-json\/wp\/v2\/users\/8"}],"replies":[{"embeddable":true,"href":"https:\/\/anibalsilveira.org\/en\/wp-json\/wp\/v2\/comments?post=2654"}],"version-history":[{"count":3,"href":"https:\/\/anibalsilveira.org\/en\/wp-json\/wp\/v2\/pages\/2654\/revisions"}],"predecessor-version":[{"id":2661,"href":"https:\/\/anibalsilveira.org\/en\/wp-json\/wp\/v2\/pages\/2654\/revisions\/2661"}],"wp:attachment":[{"href":"https:\/\/anibalsilveira.org\/en\/wp-json\/wp\/v2\/media?parent=2654"}],"wp:term":[{"taxonomy":"category","embeddable":true,"href":"https:\/\/anibalsilveira.org\/en\/wp-json\/wp\/v2\/categories?post=2654"},{"taxonomy":"post_tag","embeddable":true,"href":"https:\/\/anibalsilveira.org\/en\/wp-json\/wp\/v2\/tags?post=2654"}],"curies":[{"name":"wp","href":"https:\/\/api.w.org\/{rel}","templated":true}]}}