{"id":2673,"date":"2024-06-25T20:59:29","date_gmt":"2024-06-25T23:59:29","guid":{"rendered":"https:\/\/anibalsilveira.org\/?page_id=2673"},"modified":"2024-06-25T21:01:02","modified_gmt":"2024-06-26T00:01:02","slug":"referencias-bibliograficas-sobre-a-teoria-sociologica-da-personalidade","status":"publish","type":"page","link":"https:\/\/anibalsilveira.org\/en\/referencias-bibliograficas-sobre-a-teoria-sociologica-da-personalidade\/","title":{"rendered":"Refer\u00eancias Bibliograficas sobre a Teoria Sociol\u00f3gica da Personalidade"},"content":{"rendered":"<ol class=\"wp-block-list\">\n<li><strong>Estudo psicol\u00f3gico de epil\u00e9pticos, Faculdade de Ci\u00eancias M\u00e9dicas, Tese de Doutorado, Universidade Estadual de Campinas \u2013 UNICAMP, Lucia Coelho, 1972.<\/strong><\/li>\n\n\n\n<li><strong>L\u2019 epistemologie d\u2019Auguste Comte comme foundament de une science concr\u00e8te: psychologie positive, Universit\u00e9 Aix-Marseille I, Lucia Coelho, 1976.<\/strong><\/li>\n\n\n\n<li><strong>Epilepsia e Personalidade, \u00c1tica, S\u00e3o Paulo. Lucia Coelho, 1980.<\/strong><\/li>\n\n\n\n<li><strong>Fundamentos epistemol\u00f3gicos de uma Psicologia Positiva, \u00c1tica, S\u00e3o Paulo, Lucia Coelho, 1982<\/strong><\/li>\n\n\n\n<li><strong>Sobre instinto. An\u00e1lise de teorias contempor\u00e2neas baseada na concep\u00e7\u00e3o de An\u00edbal Silveira, Tese de Mestrado em Psicologia Cl\u00ednica, Instituto Metodista de Ensino Superior, S\u00e3o Bernardo do Campo, Ruy Mendes, 1984.<\/strong><\/li>\n\n\n\n<li><strong>A possess\u00e3o por Exu, o pensamento m\u00e1gico e os fatores de Rorschach, Roberto Fasano, 1993.<\/strong><\/li>\n\n\n\n<li><strong>Comportamento violento: aspectos te\u00f3ricos. An\u00e1lise da apreens\u00e3o e representa\u00e7\u00e3o de imagens em protocolos de Rorschach de examinandos violentos, Instituto de Psicologia da Universidade de S\u00e3o Paulo, Psicologia Social, Roberto Fasano, 1994.<\/strong><\/li>\n\n\n\n<li><strong>Din\u00e2mica ps\u00edquica e atividade cerebral: a constru\u00e7\u00e3o de um modelo te\u00f3rico de personalidade Vol I, Terceira Margem, S\u00e3o Paulo, Lucia Coelho, 2014.<\/strong><\/li>\n<\/ol>","protected":false},"excerpt":{"rendered":"","protected":false},"author":8,"featured_media":0,"parent":0,"menu_order":0,"comment_status":"closed","ping_status":"closed","template":"","meta":{"footnotes":""},"categories":[],"tags":[],"class_list":["post-2673","page","type-page","status-publish","hentry"],"_links":{"self":[{"href":"https:\/\/anibalsilveira.org\/en\/wp-json\/wp\/v2\/pages\/2673","targetHints":{"allow":["GET"]}}],"collection":[{"href":"https:\/\/anibalsilveira.org\/en\/wp-json\/wp\/v2\/pages"}],"about":[{"href":"https:\/\/anibalsilveira.org\/en\/wp-json\/wp\/v2\/types\/page"}],"author":[{"embeddable":true,"href":"https:\/\/anibalsilveira.org\/en\/wp-json\/wp\/v2\/users\/8"}],"replies":[{"embeddable":true,"href":"https:\/\/anibalsilveira.org\/en\/wp-json\/wp\/v2\/comments?post=2673"}],"version-history":[{"count":2,"href":"https:\/\/anibalsilveira.org\/en\/wp-json\/wp\/v2\/pages\/2673\/revisions"}],"predecessor-version":[{"id":2679,"href":"https:\/\/anibalsilveira.org\/en\/wp-json\/wp\/v2\/pages\/2673\/revisions\/2679"}],"wp:attachment":[{"href":"https:\/\/anibalsilveira.org\/en\/wp-json\/wp\/v2\/media?parent=2673"}],"wp:term":[{"taxonomy":"category","embeddable":true,"href":"https:\/\/anibalsilveira.org\/en\/wp-json\/wp\/v2\/categories?post=2673"},{"taxonomy":"post_tag","embeddable":true,"href":"https:\/\/anibalsilveira.org\/en\/wp-json\/wp\/v2\/tags?post=2673"}],"curies":[{"name":"wp","href":"https:\/\/api.w.org\/{rel}","templated":true}]}}