{"id":2721,"date":"2024-07-01T17:14:23","date_gmt":"2024-07-01T20:14:23","guid":{"rendered":"https:\/\/anibalsilveira.org\/?page_id=2721"},"modified":"2024-07-01T17:14:23","modified_gmt":"2024-07-01T20:14:23","slug":"prevencao-do-suicidio-proposta-de-intervencao","status":"publish","type":"page","link":"https:\/\/anibalsilveira.org\/en\/prevencao-do-suicidio-proposta-de-intervencao\/","title":{"rendered":"Preven\u00e7\u00e3o do suic\u00eddio: proposta de interven\u00e7\u00e3o"},"content":{"rendered":"<div class=\"wp-block-file\"><a id=\"wp-block-file--media-a83d81be-eed4-4485-b3a2-79c33d46966a\" href=\"https:\/\/anibalsilveira.org\/wp-content\/uploads\/2024\/07\/Prevencao-Suicidio.pptx\">Prevencao-Suicidio<\/a><a href=\"https:\/\/anibalsilveira.org\/wp-content\/uploads\/2024\/07\/Prevencao-Suicidio.pptx\" class=\"wp-block-file__button wp-element-button\" download aria-describedby=\"wp-block-file--media-a83d81be-eed4-4485-b3a2-79c33d46966a\">Baixar<\/a><\/div>","protected":false},"excerpt":{"rendered":"","protected":false},"author":8,"featured_media":0,"parent":0,"menu_order":0,"comment_status":"closed","ping_status":"closed","template":"","meta":{"footnotes":""},"categories":[],"tags":[],"class_list":["post-2721","page","type-page","status-publish","hentry"],"_links":{"self":[{"href":"https:\/\/anibalsilveira.org\/en\/wp-json\/wp\/v2\/pages\/2721","targetHints":{"allow":["GET"]}}],"collection":[{"href":"https:\/\/anibalsilveira.org\/en\/wp-json\/wp\/v2\/pages"}],"about":[{"href":"https:\/\/anibalsilveira.org\/en\/wp-json\/wp\/v2\/types\/page"}],"author":[{"embeddable":true,"href":"https:\/\/anibalsilveira.org\/en\/wp-json\/wp\/v2\/users\/8"}],"replies":[{"embeddable":true,"href":"https:\/\/anibalsilveira.org\/en\/wp-json\/wp\/v2\/comments?post=2721"}],"version-history":[{"count":1,"href":"https:\/\/anibalsilveira.org\/en\/wp-json\/wp\/v2\/pages\/2721\/revisions"}],"predecessor-version":[{"id":2726,"href":"https:\/\/anibalsilveira.org\/en\/wp-json\/wp\/v2\/pages\/2721\/revisions\/2726"}],"wp:attachment":[{"href":"https:\/\/anibalsilveira.org\/en\/wp-json\/wp\/v2\/media?parent=2721"}],"wp:term":[{"taxonomy":"category","embeddable":true,"href":"https:\/\/anibalsilveira.org\/en\/wp-json\/wp\/v2\/categories?post=2721"},{"taxonomy":"post_tag","embeddable":true,"href":"https:\/\/anibalsilveira.org\/en\/wp-json\/wp\/v2\/tags?post=2721"}],"curies":[{"name":"wp","href":"https:\/\/api.w.org\/{rel}","templated":true}]}}