{"id":2728,"date":"2024-07-01T17:18:15","date_gmt":"2024-07-01T20:18:15","guid":{"rendered":"https:\/\/anibalsilveira.org\/?page_id=2728"},"modified":"2024-07-01T17:18:15","modified_gmt":"2024-07-01T20:18:15","slug":"caracterizacao-das-principais-cargas-objetivas-de-trabalho-exposicao-a-agentes-neuro-toxicos-metais-solventes-organicos-dentre-outros-ruido-excessivo-temperaturas-elevadas-dentre-outros-2","status":"publish","type":"page","link":"https:\/\/anibalsilveira.org\/en\/caracterizacao-das-principais-cargas-objetivas-de-trabalho-exposicao-a-agentes-neuro-toxicos-metais-solventes-organicos-dentre-outros-ruido-excessivo-temperaturas-elevadas-dentre-outros-2\/","title":{"rendered":"Caracteriza\u00e7\u00e3o das principais cargas objetivas de trabalho: exposi\u00e7\u00e3o a agentes neuro t\u00f3xicos (metais, solventes org\u00e2nicos, dentre outros), ruido excessivo, temperaturas elevadas, dentre outros."},"content":{"rendered":"<div class=\"wp-block-file\"><a id=\"wp-block-file--media-15c90881-bd85-4d67-ad41-bd9438967f03\" href=\"https:\/\/anibalsilveira.org\/wp-content\/uploads\/2024\/07\/Cargas-objetivas-de-trabalho.ppt\">Cargas-objetivas-de-trabalho<\/a><a href=\"https:\/\/anibalsilveira.org\/wp-content\/uploads\/2024\/07\/Cargas-objetivas-de-trabalho.ppt\" class=\"wp-block-file__button wp-element-button\" download aria-describedby=\"wp-block-file--media-15c90881-bd85-4d67-ad41-bd9438967f03\">Baixar<\/a><\/div>","protected":false},"excerpt":{"rendered":"","protected":false},"author":8,"featured_media":0,"parent":0,"menu_order":0,"comment_status":"closed","ping_status":"closed","template":"","meta":{"footnotes":""},"categories":[],"tags":[],"class_list":["post-2728","page","type-page","status-publish","hentry"],"_links":{"self":[{"href":"https:\/\/anibalsilveira.org\/en\/wp-json\/wp\/v2\/pages\/2728","targetHints":{"allow":["GET"]}}],"collection":[{"href":"https:\/\/anibalsilveira.org\/en\/wp-json\/wp\/v2\/pages"}],"about":[{"href":"https:\/\/anibalsilveira.org\/en\/wp-json\/wp\/v2\/types\/page"}],"author":[{"embeddable":true,"href":"https:\/\/anibalsilveira.org\/en\/wp-json\/wp\/v2\/users\/8"}],"replies":[{"embeddable":true,"href":"https:\/\/anibalsilveira.org\/en\/wp-json\/wp\/v2\/comments?post=2728"}],"version-history":[{"count":1,"href":"https:\/\/anibalsilveira.org\/en\/wp-json\/wp\/v2\/pages\/2728\/revisions"}],"predecessor-version":[{"id":2732,"href":"https:\/\/anibalsilveira.org\/en\/wp-json\/wp\/v2\/pages\/2728\/revisions\/2732"}],"wp:attachment":[{"href":"https:\/\/anibalsilveira.org\/en\/wp-json\/wp\/v2\/media?parent=2728"}],"wp:term":[{"taxonomy":"category","embeddable":true,"href":"https:\/\/anibalsilveira.org\/en\/wp-json\/wp\/v2\/categories?post=2728"},{"taxonomy":"post_tag","embeddable":true,"href":"https:\/\/anibalsilveira.org\/en\/wp-json\/wp\/v2\/tags?post=2728"}],"curies":[{"name":"wp","href":"https:\/\/api.w.org\/{rel}","templated":true}]}}