{"id":2767,"date":"2024-07-01T18:49:50","date_gmt":"2024-07-01T21:49:50","guid":{"rendered":"https:\/\/anibalsilveira.org\/?page_id=2767"},"modified":"2024-07-01T18:49:50","modified_gmt":"2024-07-01T21:49:50","slug":"metodologia-de-pesquisa-de-morbidade-referida-em-grupos-homogeneos-de-trabalhadores-ou-populacoes-expostas-a-fatores-de-risco-especificos","status":"publish","type":"page","link":"https:\/\/anibalsilveira.org\/en\/metodologia-de-pesquisa-de-morbidade-referida-em-grupos-homogeneos-de-trabalhadores-ou-populacoes-expostas-a-fatores-de-risco-especificos\/","title":{"rendered":"Metodologia de pesquisa de morbidade referida em grupos homog\u00eaneos de trabalhadores ou popula\u00e7\u00f5es expostas a fatores de risco espec\u00edficos"},"content":{"rendered":"<p class=\"has-text-align-center\"><strong>Metodologia de pesquisa de morbidade referida em grupos homog\u00eaneos de trabalhadores ou popula\u00e7\u00f5es expostas a fatores de risco espec\u00edficos<\/strong><\/p>\n\n\n\n<p class=\"has-text-align-right\"><strong><sup>Francisco Drumond Marcondes de Moura<\/sup><\/strong><\/p>\n\n\n\n<p>O objetivo da pesquisa de morbidade referida \u00e9 realizar um levantamento dos agravos \u00e0 sa\u00fade produzidos por determinados fatores de risco ou cargas de trabalho que afetam um determinado grupo homog\u00eaneo de trabalhadores: mec\u00e2nicos, gr\u00e1ficos, metal\u00fargicos, comerci\u00e1rios, pescadores, trabalhadores da sa\u00fade, banc\u00e1rios, coletores de ferro-velho, professores, motoristas, etc&#8230;<\/p>\n\n\n\n<p>Esse levantamento \u00e9 realizado a partir de informa\u00e7\u00f5es obtidas dos pr\u00f3prios trabalhadores, por isto \u00e9 denominada de morbidade referida: \u00e9 um indicativo do perfil de doen\u00e7as que podem estar atingindo um grande n\u00famero de trabalhadores e que pode ser verificada e validada por procedimentos de investiga\u00e7\u00e3o diagn\u00f3stica levada a cabo por trabalhadores da sa\u00fade, com forma\u00e7\u00e3o em sa\u00fade do trabalhador dos servi\u00e7os de diagn\u00f3stico da rede do SUS.&nbsp;<\/p>\n\n\n\n<p>A pesquisa de morbidade referida sempre deve envolver uma organiza\u00e7\u00e3o de trabalhadores \u2013 sindicatos ou organiza\u00e7\u00e3o de portadores de doen\u00e7as relacionadas ao trabalho, etc&#8230;<\/p>\n\n\n\n<p>A pesquisa valoriza o conhecimento que o trabalhador tem do seu trabalho e reconhece a sua capacidade de estabelecer hip\u00f3teses que forne\u00e7am pistas sobre a rela\u00e7\u00e3o entre determinados agravos \u00e0 sua sa\u00fade com determinados riscos ou cargas de trabalho presentes no seu trabalho.<\/p>\n\n\n\n<p>A partir da demanda de uma organiza\u00e7\u00e3o de trabalhadores ou da identifica\u00e7\u00e3o, em um determinado territ\u00f3rio, por qualquer dispositivo do SUS, de grupos de trabalhadores expostos a determinados agravos \u00e0 sua sa\u00fade, que podem ser objetos de uma pesquisa de morbidade referida, dever\u00e1 ser definida uma equipe t\u00e9cnica respons\u00e1vel pela coordena\u00e7\u00e3o do projeto que, inicialmente, proceder\u00e1 ao invent\u00e1rio sobre o que j\u00e1 se conhece sobre aquela situa\u00e7\u00e3o. Esta pesquisa bibliogr\u00e1fica levantar\u00e1 o ac\u00famulo nacional e internacional do conhecimento especializado sobre o problema.<\/p>\n\n\n\n<p>Esse conhecimento \u00e9 compartilhado com representantes das organiza\u00e7\u00f5es de trabalhadores e, em conjunto com eles, \u00e9 estabelecido uma seq\u00fc\u00eancia de encontros envolvendo os t\u00e9cnicos, os representantes sindicais e pelo menos 5 trabalhadores que possuam suficiente viv\u00eancia com o processo produtivo que se pretende investigar. Este grupo inicial acompanhar\u00e1 todo o processo de desenvolvimento da pesquisa, sendo por esta raz\u00e3o aqui denominado de Grupo de Acompanhamento.<\/p>\n\n\n\n<p>A tarefa inicial deste grupo ser\u00e1 o de construir um mapa de risco daquele processo produtivo, reconhecer e reconstruir coletivamente a organiza\u00e7\u00e3o deste trabalho, levantar os agravos e as queixas de sa\u00fade mais habituais e <strong><span style=\"text-decoration: underline;\">proceder \u00e0 elabora\u00e7\u00e3o de um question\u00e1rio<\/span><\/strong>, que seja capaz de apreender esta realidade quando for aplicado ao conjunto dos trabalhadores expostos ao mesmo processo produtivo. Este question\u00e1rio deve ser produzido em duas reuni\u00f5es, que ser\u00e3o gravadas para que nada se perca.\u00a0<\/p>\n\n\n\n<p>Um esbo\u00e7o inicial do question\u00e1rio ser\u00e1 produzido, pela equipe t\u00e9cnica do projeto, a partir dos materiais obtidos destes dois encontros, sendo discutido pelo Grupo de Acompanhamento de forma que seja avaliado se corresponde ao objetivo pretendido.&nbsp;<\/p>\n\n\n\n<p>Aprovado pelo Grupo o question\u00e1rio \u00e9 aplicado em 30 trabalhadores expostos aos mesmos agravos. Os question\u00e1rios dever\u00e3o ser aplicados pelos integrantes do Grupo de Acompanhamento.&nbsp;<\/p>\n\n\n\n<p>Os resultados destes 30 question\u00e1rios ser\u00e3o avaliados pelo Grupo de Acompanhamento quanto \u00e0 sua sensibilidade de apreender a rela\u00e7\u00e3o de causalidade entre o trabalho e o perfil de sa\u00fade\/doen\u00e7a dos trabalhadores.&nbsp;<\/p>\n\n\n\n<p>Ap\u00f3s passar por este teste inicial, o question\u00e1rio poder\u00e1 ser modificado, ampliado ou complementado, at\u00e9 atingir a uma forma considerada definitiva e replicado \u00e0s dezenas, centenas ou milhares, de acordo com o tamanho do grupo de trabalhadores em investiga\u00e7\u00e3o.<\/p>\n\n\n\n<p>A aplica\u00e7\u00e3o massiva do question\u00e1rio envolver\u00e1 os:<\/p>\n\n\n\n<ul class=\"wp-block-list\">\n<li>grupos de base territorial de abrang\u00eancia da pesquisa;<\/li>\n\n\n\n<li>trabalhadores envolvidos no Grupo de Acompanhamento;<\/li>\n\n\n\n<li>30 trabalhadores envolvidos no teste inicial do question\u00e1rio, conforme o caso.<\/li>\n<\/ul>\n\n\n\n<p>Os dados da pesquisa s\u00e3o sistematizados para discuss\u00e3o no Grupo de Acompanhamento, de forma a ser discutida uma apresenta\u00e7\u00e3o final dos resultados, a ser divulgado por variados meios para a base dos trabalhadores pesquisados (boletins, v\u00eddeos, assembl\u00e9ias municipais, assembl\u00e9ias gerais, etc&#8230;).<\/p>\n\n\n\n<p>Da mesma forma, o Grupo de Acompanhamento levantar\u00e1 as mudan\u00e7as que se fazem necess\u00e1rias no processo produtivo investigado, apontando para as alternativas conhecidas de modifica\u00e7\u00e3o ou aquelas sugeridas pelos pr\u00f3prios trabalhadores. Estas reivindica\u00e7\u00f5es de mudan\u00e7as devem compor o relat\u00f3rio final e serem divulgadas na base dos trabalhadores. A partir desse ponto a organiza\u00e7\u00e3o dos trabalhadores assume integralmente a coordena\u00e7\u00e3o do processo.&nbsp;<\/p>","protected":false},"excerpt":{"rendered":"<p>Metodologia de pesquisa de morbidade referida em grupos homog\u00eaneos de trabalhadores ou popula\u00e7\u00f5es expostas a fatores de risco espec\u00edficos Francisco Drumond Marcondes de Moura O objetivo da pesquisa de morbidade referida \u00e9 realizar um levantamento dos agravos \u00e0 sa\u00fade produzidos por determinados fatores de risco ou cargas de trabalho que afetam um determinado grupo homog\u00eaneo [&hellip;]<\/p>\n","protected":false},"author":8,"featured_media":0,"parent":0,"menu_order":0,"comment_status":"closed","ping_status":"closed","template":"","meta":{"footnotes":""},"categories":[],"tags":[],"class_list":["post-2767","page","type-page","status-publish","hentry"],"_links":{"self":[{"href":"https:\/\/anibalsilveira.org\/en\/wp-json\/wp\/v2\/pages\/2767","targetHints":{"allow":["GET"]}}],"collection":[{"href":"https:\/\/anibalsilveira.org\/en\/wp-json\/wp\/v2\/pages"}],"about":[{"href":"https:\/\/anibalsilveira.org\/en\/wp-json\/wp\/v2\/types\/page"}],"author":[{"embeddable":true,"href":"https:\/\/anibalsilveira.org\/en\/wp-json\/wp\/v2\/users\/8"}],"replies":[{"embeddable":true,"href":"https:\/\/anibalsilveira.org\/en\/wp-json\/wp\/v2\/comments?post=2767"}],"version-history":[{"count":1,"href":"https:\/\/anibalsilveira.org\/en\/wp-json\/wp\/v2\/pages\/2767\/revisions"}],"predecessor-version":[{"id":2770,"href":"https:\/\/anibalsilveira.org\/en\/wp-json\/wp\/v2\/pages\/2767\/revisions\/2770"}],"wp:attachment":[{"href":"https:\/\/anibalsilveira.org\/en\/wp-json\/wp\/v2\/media?parent=2767"}],"wp:term":[{"taxonomy":"category","embeddable":true,"href":"https:\/\/anibalsilveira.org\/en\/wp-json\/wp\/v2\/categories?post=2767"},{"taxonomy":"post_tag","embeddable":true,"href":"https:\/\/anibalsilveira.org\/en\/wp-json\/wp\/v2\/tags?post=2767"}],"curies":[{"name":"wp","href":"https:\/\/api.w.org\/{rel}","templated":true}]}}