{"id":2775,"date":"2024-07-01T19:04:15","date_gmt":"2024-07-01T22:04:15","guid":{"rendered":"https:\/\/anibalsilveira.org\/?page_id=2775"},"modified":"2024-07-01T19:04:15","modified_gmt":"2024-07-01T22:04:15","slug":"suicidio-e-trabalho-problemas-conceituais-e-metodologicos-que-cercam-a-investigacao-dessa-relacao-2010","status":"publish","type":"page","link":"https:\/\/anibalsilveira.org\/en\/suicidio-e-trabalho-problemas-conceituais-e-metodologicos-que-cercam-a-investigacao-dessa-relacao-2010\/","title":{"rendered":"Suic\u00eddio e Trabalho: Problemas Conceituais e Metodol\u00f3gicos que Cercam a Investiga\u00e7\u00e3o dessa Rela\u00e7\u00e3o, 2010"},"content":{"rendered":"<div data-wp-interactive=\"core\/file\" class=\"wp-block-file\"><object data-wp-bind--hidden=\"!state.hasPdfPreview\" hidden class=\"wp-block-file__embed\" data=\"https:\/\/anibalsilveira.org\/wp-content\/uploads\/2024\/07\/Suicidio-e-Trabalho.pdf\" type=\"application\/pdf\" style=\"width:100%;height:600px\" aria-label=\"Embed of Suicidio-e-Trabalho.\"><\/object><a id=\"wp-block-file--media-6759c082-b639-4419-a4f4-380e03b7cf85\" href=\"https:\/\/anibalsilveira.org\/wp-content\/uploads\/2024\/07\/Suicidio-e-Trabalho.pdf\">Suicidio-e-Trabalho<\/a><a href=\"https:\/\/anibalsilveira.org\/wp-content\/uploads\/2024\/07\/Suicidio-e-Trabalho.pdf\" class=\"wp-block-file__button wp-element-button\" download aria-describedby=\"wp-block-file--media-6759c082-b639-4419-a4f4-380e03b7cf85\">Baixar<\/a><\/div>","protected":false},"excerpt":{"rendered":"","protected":false},"author":8,"featured_media":0,"parent":0,"menu_order":0,"comment_status":"closed","ping_status":"closed","template":"","meta":{"footnotes":""},"categories":[],"tags":[],"class_list":["post-2775","page","type-page","status-publish","hentry"],"_links":{"self":[{"href":"https:\/\/anibalsilveira.org\/en\/wp-json\/wp\/v2\/pages\/2775","targetHints":{"allow":["GET"]}}],"collection":[{"href":"https:\/\/anibalsilveira.org\/en\/wp-json\/wp\/v2\/pages"}],"about":[{"href":"https:\/\/anibalsilveira.org\/en\/wp-json\/wp\/v2\/types\/page"}],"author":[{"embeddable":true,"href":"https:\/\/anibalsilveira.org\/en\/wp-json\/wp\/v2\/users\/8"}],"replies":[{"embeddable":true,"href":"https:\/\/anibalsilveira.org\/en\/wp-json\/wp\/v2\/comments?post=2775"}],"version-history":[{"count":1,"href":"https:\/\/anibalsilveira.org\/en\/wp-json\/wp\/v2\/pages\/2775\/revisions"}],"predecessor-version":[{"id":2779,"href":"https:\/\/anibalsilveira.org\/en\/wp-json\/wp\/v2\/pages\/2775\/revisions\/2779"}],"wp:attachment":[{"href":"https:\/\/anibalsilveira.org\/en\/wp-json\/wp\/v2\/media?parent=2775"}],"wp:term":[{"taxonomy":"category","embeddable":true,"href":"https:\/\/anibalsilveira.org\/en\/wp-json\/wp\/v2\/categories?post=2775"},{"taxonomy":"post_tag","embeddable":true,"href":"https:\/\/anibalsilveira.org\/en\/wp-json\/wp\/v2\/tags?post=2775"}],"curies":[{"name":"wp","href":"https:\/\/api.w.org\/{rel}","templated":true}]}}