{"id":2788,"date":"2024-07-02T18:49:44","date_gmt":"2024-07-02T21:49:44","guid":{"rendered":"https:\/\/anibalsilveira.org\/?page_id=2788"},"modified":"2024-07-02T18:49:44","modified_gmt":"2024-07-02T21:49:44","slug":"formulario-de-observacao-do-grupo-operativo-2008","status":"publish","type":"page","link":"https:\/\/anibalsilveira.org\/en\/formulario-de-observacao-do-grupo-operativo-2008\/","title":{"rendered":"Formul\u00e1rio de Observa\u00e7\u00e3o do Grupo Operativo, 2008"},"content":{"rendered":"<div data-wp-interactive=\"core\/file\" class=\"wp-block-file\"><object data-wp-bind--hidden=\"!state.hasPdfPreview\" hidden class=\"wp-block-file__embed\" data=\"https:\/\/anibalsilveira.org\/wp-content\/uploads\/2024\/07\/Formulario-de-Observacao.pdf\" type=\"application\/pdf\" style=\"width:100%;height:600px\" aria-label=\"Embed of Formulario-de-Observacao.\"><\/object><a id=\"wp-block-file--media-e4944ffc-77f3-43a9-bcaa-a8badde1c40e\" href=\"https:\/\/anibalsilveira.org\/wp-content\/uploads\/2024\/07\/Formulario-de-Observacao.pdf\">Formulario-de-Observacao<\/a><a href=\"https:\/\/anibalsilveira.org\/wp-content\/uploads\/2024\/07\/Formulario-de-Observacao.pdf\" class=\"wp-block-file__button wp-element-button\" download aria-describedby=\"wp-block-file--media-e4944ffc-77f3-43a9-bcaa-a8badde1c40e\">Baixar<\/a><\/div>","protected":false},"excerpt":{"rendered":"","protected":false},"author":8,"featured_media":0,"parent":0,"menu_order":0,"comment_status":"closed","ping_status":"closed","template":"","meta":{"footnotes":""},"categories":[],"tags":[],"class_list":["post-2788","page","type-page","status-publish","hentry"],"_links":{"self":[{"href":"https:\/\/anibalsilveira.org\/en\/wp-json\/wp\/v2\/pages\/2788","targetHints":{"allow":["GET"]}}],"collection":[{"href":"https:\/\/anibalsilveira.org\/en\/wp-json\/wp\/v2\/pages"}],"about":[{"href":"https:\/\/anibalsilveira.org\/en\/wp-json\/wp\/v2\/types\/page"}],"author":[{"embeddable":true,"href":"https:\/\/anibalsilveira.org\/en\/wp-json\/wp\/v2\/users\/8"}],"replies":[{"embeddable":true,"href":"https:\/\/anibalsilveira.org\/en\/wp-json\/wp\/v2\/comments?post=2788"}],"version-history":[{"count":1,"href":"https:\/\/anibalsilveira.org\/en\/wp-json\/wp\/v2\/pages\/2788\/revisions"}],"predecessor-version":[{"id":2792,"href":"https:\/\/anibalsilveira.org\/en\/wp-json\/wp\/v2\/pages\/2788\/revisions\/2792"}],"wp:attachment":[{"href":"https:\/\/anibalsilveira.org\/en\/wp-json\/wp\/v2\/media?parent=2788"}],"wp:term":[{"taxonomy":"category","embeddable":true,"href":"https:\/\/anibalsilveira.org\/en\/wp-json\/wp\/v2\/categories?post=2788"},{"taxonomy":"post_tag","embeddable":true,"href":"https:\/\/anibalsilveira.org\/en\/wp-json\/wp\/v2\/tags?post=2788"}],"curies":[{"name":"wp","href":"https:\/\/api.w.org\/{rel}","templated":true}]}}