{"id":2837,"date":"2024-07-03T19:57:18","date_gmt":"2024-07-03T22:57:18","guid":{"rendered":"https:\/\/anibalsilveira.org\/?page_id=2837"},"modified":"2024-07-03T19:57:18","modified_gmt":"2024-07-03T22:57:18","slug":"cuidado-psicossocial-na-atencao-basica-2006","status":"publish","type":"page","link":"https:\/\/anibalsilveira.org\/en\/cuidado-psicossocial-na-atencao-basica-2006\/","title":{"rendered":"Cuidado psicossocial na Aten\u00e7\u00e3o B\u00e1sica, 2006"},"content":{"rendered":"<div class=\"wp-block-file\"><a id=\"wp-block-file--media-5d183033-b84b-41a1-9b2d-fe20fa7b9435\" href=\"https:\/\/anibalsilveira.org\/wp-content\/uploads\/2024\/07\/Cuidado-psicossocial-na-Atencao-Basica.pptx\">Cuidado-psicossocial-na-Atencao-Basica<\/a><a href=\"https:\/\/anibalsilveira.org\/wp-content\/uploads\/2024\/07\/Cuidado-psicossocial-na-Atencao-Basica.pptx\" class=\"wp-block-file__button wp-element-button\" download aria-describedby=\"wp-block-file--media-5d183033-b84b-41a1-9b2d-fe20fa7b9435\">Baixar<\/a><\/div>","protected":false},"excerpt":{"rendered":"","protected":false},"author":8,"featured_media":0,"parent":0,"menu_order":0,"comment_status":"closed","ping_status":"closed","template":"","meta":{"footnotes":""},"categories":[],"tags":[],"class_list":["post-2837","page","type-page","status-publish","hentry"],"_links":{"self":[{"href":"https:\/\/anibalsilveira.org\/en\/wp-json\/wp\/v2\/pages\/2837","targetHints":{"allow":["GET"]}}],"collection":[{"href":"https:\/\/anibalsilveira.org\/en\/wp-json\/wp\/v2\/pages"}],"about":[{"href":"https:\/\/anibalsilveira.org\/en\/wp-json\/wp\/v2\/types\/page"}],"author":[{"embeddable":true,"href":"https:\/\/anibalsilveira.org\/en\/wp-json\/wp\/v2\/users\/8"}],"replies":[{"embeddable":true,"href":"https:\/\/anibalsilveira.org\/en\/wp-json\/wp\/v2\/comments?post=2837"}],"version-history":[{"count":1,"href":"https:\/\/anibalsilveira.org\/en\/wp-json\/wp\/v2\/pages\/2837\/revisions"}],"predecessor-version":[{"id":2841,"href":"https:\/\/anibalsilveira.org\/en\/wp-json\/wp\/v2\/pages\/2837\/revisions\/2841"}],"wp:attachment":[{"href":"https:\/\/anibalsilveira.org\/en\/wp-json\/wp\/v2\/media?parent=2837"}],"wp:term":[{"taxonomy":"category","embeddable":true,"href":"https:\/\/anibalsilveira.org\/en\/wp-json\/wp\/v2\/categories?post=2837"},{"taxonomy":"post_tag","embeddable":true,"href":"https:\/\/anibalsilveira.org\/en\/wp-json\/wp\/v2\/tags?post=2837"}],"curies":[{"name":"wp","href":"https:\/\/api.w.org\/{rel}","templated":true}]}}