{"id":2881,"date":"2024-07-09T19:14:20","date_gmt":"2024-07-09T22:14:20","guid":{"rendered":"https:\/\/anibalsilveira.org\/?page_id=2881"},"modified":"2024-07-09T19:14:20","modified_gmt":"2024-07-09T22:14:20","slug":"enfrentamento-da-demanda-por-internacao-compulsoria-no-ambito-do-projeto-cinapsi-no-municipio-de-rio-claro-2013","status":"publish","type":"page","link":"https:\/\/anibalsilveira.org\/en\/enfrentamento-da-demanda-por-internacao-compulsoria-no-ambito-do-projeto-cinapsi-no-municipio-de-rio-claro-2013\/","title":{"rendered":"Enfrentamento da demanda por interna\u00e7\u00e3o compuls\u00f3ria no \u00e2mbito do Projeto CINAPSI no munic\u00edpio de Rio Claro, 2013"},"content":{"rendered":"<div class=\"wp-block-file\"><a id=\"wp-block-file--media-4d24862c-5076-452d-b8cf-4c5a18b81f48\" href=\"https:\/\/anibalsilveira.org\/wp-content\/uploads\/2024\/07\/Enfrentamento-da-demanda-de-internacao-compulsoria-no-ambto-do-Projeto-CINAPSI-no-municipio-de-Rio-Claro.ppt\">Enfrentamento-da-demanda-de-internacao-compulsoria-no-ambto-do-Projeto-CINAPSI-no-municipio-de-Rio-Claro<\/a><a href=\"https:\/\/anibalsilveira.org\/wp-content\/uploads\/2024\/07\/Enfrentamento-da-demanda-de-internacao-compulsoria-no-ambto-do-Projeto-CINAPSI-no-municipio-de-Rio-Claro.ppt\" class=\"wp-block-file__button wp-element-button\" download aria-describedby=\"wp-block-file--media-4d24862c-5076-452d-b8cf-4c5a18b81f48\">Baixar<\/a><\/div>","protected":false},"excerpt":{"rendered":"","protected":false},"author":8,"featured_media":0,"parent":0,"menu_order":0,"comment_status":"closed","ping_status":"closed","template":"","meta":{"footnotes":""},"categories":[],"tags":[],"class_list":["post-2881","page","type-page","status-publish","hentry"],"_links":{"self":[{"href":"https:\/\/anibalsilveira.org\/en\/wp-json\/wp\/v2\/pages\/2881","targetHints":{"allow":["GET"]}}],"collection":[{"href":"https:\/\/anibalsilveira.org\/en\/wp-json\/wp\/v2\/pages"}],"about":[{"href":"https:\/\/anibalsilveira.org\/en\/wp-json\/wp\/v2\/types\/page"}],"author":[{"embeddable":true,"href":"https:\/\/anibalsilveira.org\/en\/wp-json\/wp\/v2\/users\/8"}],"replies":[{"embeddable":true,"href":"https:\/\/anibalsilveira.org\/en\/wp-json\/wp\/v2\/comments?post=2881"}],"version-history":[{"count":1,"href":"https:\/\/anibalsilveira.org\/en\/wp-json\/wp\/v2\/pages\/2881\/revisions"}],"predecessor-version":[{"id":2885,"href":"https:\/\/anibalsilveira.org\/en\/wp-json\/wp\/v2\/pages\/2881\/revisions\/2885"}],"wp:attachment":[{"href":"https:\/\/anibalsilveira.org\/en\/wp-json\/wp\/v2\/media?parent=2881"}],"wp:term":[{"taxonomy":"category","embeddable":true,"href":"https:\/\/anibalsilveira.org\/en\/wp-json\/wp\/v2\/categories?post=2881"},{"taxonomy":"post_tag","embeddable":true,"href":"https:\/\/anibalsilveira.org\/en\/wp-json\/wp\/v2\/tags?post=2881"}],"curies":[{"name":"wp","href":"https:\/\/api.w.org\/{rel}","templated":true}]}}