{"id":2923,"date":"2024-07-09T20:15:47","date_gmt":"2024-07-09T23:15:47","guid":{"rendered":"https:\/\/anibalsilveira.org\/?page_id=2923"},"modified":"2024-07-09T20:20:17","modified_gmt":"2024-07-09T23:20:17","slug":"artigos-e-apontamentos-de-aulas-de-anibal-silveira-relacionados-com-a-psicopatologia-especial","status":"publish","type":"page","link":"https:\/\/anibalsilveira.org\/en\/artigos-e-apontamentos-de-aulas-de-anibal-silveira-relacionados-com-a-psicopatologia-especial\/","title":{"rendered":"Artigos e apontamentos de aulas de An\u00edbal Silveira relacionados com a Psicopatologia Especial"},"content":{"rendered":"<p class=\"has-text-align-right\"><strong>Organizadores:<br>Fl\u00e1vio Vivacqua<br>Francisco Drumond Marcondes de Moura<br>Paulo Palladini<br>Roberto Fasano Net<\/strong>o<\/p>\n\n\n\n<p class=\"has-text-align-left\">Esta colet\u00e2nea de textos foi organizada e sistematizada tendo como ponto de partida o material compilado de aulas que An\u00edbal Silveira proferiu sobre esse tema, no per\u00edodo de 1935 a 1979. No caso de ter sido poss\u00edvel identificar a data e o local de cada aula e, eventualmente, quem procedeu a anota\u00e7\u00e3o, essa indica\u00e7\u00e3o foi registrada na Nota de Rodap\u00e9 de cada aula.<\/p>\n\n\n\n<h4 class=\"wp-block-heading\"><strong><span style=\"text-decoration: underline;\">Artigos<\/span>:<\/strong><\/h4>\n\n\n\n<h4 class=\"wp-block-heading\"><strong><span style=\"text-decoration: underline;\">Apontamentos de aulas<\/span>:<\/strong><\/h4>\n\n\n\n<ol class=\"wp-block-list\">\n<li><strong>Patog\u00eanese de sintomas ps\u00edquicos e de quadros cl\u00ednicos, em psiquiatria.<\/strong><\/li>\n\n\n\n<li><strong>Psicopatia, pelo aspecto patog\u00eanico.<\/strong><\/li>\n\n\n\n<li><strong>Neuroses. Formas cl\u00ednicas pela patog\u00eanese.<\/strong><\/li>\n\n\n\n<li><strong>Conflu\u00eancia de fatores patog\u00eanicos na epilepsia.<\/strong><\/li>\n\n\n\n<li><strong>Configura\u00e7\u00f5es cl\u00ednico-patog\u00eanica nas psicoses do grupo man\u00edaco-depressivo e nas doen\u00e7as correlatas.<\/strong><\/li>\n\n\n\n<li><strong>Psicoses progressivas, na acep\u00e7\u00e3o de Kleist: patog\u00eanese nos grupos hebefr\u00eanico e catat\u00f4nico.<\/strong><\/li>\n\n\n\n<li><strong>Dinamismo patogen\u00e9tico nas formas paranoides e nas confusionais.<\/strong><\/li>\n\n\n\n<li><strong>Patog\u00eanese da parafrenia e da paran\u00f3ia, em sentido estrito.<\/strong><\/li>\n\n\n\n<li><strong>Oligofrenia. Defici\u00eancia mental n\u00e3o end\u00f3gena. Patog\u00eanese dos quadros.<\/strong><\/li>\n\n\n\n<li><strong>Din\u00e2mica patog\u00eanica nas psicoses mistas, e nas psicoses diat\u00e9ticas de Kleist.<\/strong><\/li>\n\n\n\n<li><strong>Grupo paranoide das psicoses diat\u00e9ticas: patog\u00eanese.<\/strong><\/li>\n\n\n\n<li><strong>Dinamismo patogen\u00e9tico nas doen\u00e7as de Pick, de Alzheimer, e na presbiofrenia.<\/strong><\/li>\n\n\n\n<li><strong>Processos desmielinizantes, e les\u00f5es traum\u00e1ticas, do enc\u00e9falo. Sistemas cerebrais como substrato da psicopatog\u00eanese.<\/strong><\/li>\n<\/ol>","protected":false},"excerpt":{"rendered":"<p>Organizadores:Fl\u00e1vio VivacquaFrancisco Drumond Marcondes de MouraPaulo PalladiniRoberto Fasano Neto Esta colet\u00e2nea de textos foi organizada e sistematizada tendo como ponto de partida o material compilado de aulas que An\u00edbal Silveira proferiu sobre esse tema, no per\u00edodo de 1935 a 1979. No caso de ter sido poss\u00edvel identificar a data e o local de cada aula [&hellip;]<\/p>\n","protected":false},"author":8,"featured_media":0,"parent":0,"menu_order":0,"comment_status":"closed","ping_status":"closed","template":"","meta":{"footnotes":""},"categories":[],"tags":[],"class_list":["post-2923","page","type-page","status-publish","hentry"],"_links":{"self":[{"href":"https:\/\/anibalsilveira.org\/en\/wp-json\/wp\/v2\/pages\/2923","targetHints":{"allow":["GET"]}}],"collection":[{"href":"https:\/\/anibalsilveira.org\/en\/wp-json\/wp\/v2\/pages"}],"about":[{"href":"https:\/\/anibalsilveira.org\/en\/wp-json\/wp\/v2\/types\/page"}],"author":[{"embeddable":true,"href":"https:\/\/anibalsilveira.org\/en\/wp-json\/wp\/v2\/users\/8"}],"replies":[{"embeddable":true,"href":"https:\/\/anibalsilveira.org\/en\/wp-json\/wp\/v2\/comments?post=2923"}],"version-history":[{"count":2,"href":"https:\/\/anibalsilveira.org\/en\/wp-json\/wp\/v2\/pages\/2923\/revisions"}],"predecessor-version":[{"id":2929,"href":"https:\/\/anibalsilveira.org\/en\/wp-json\/wp\/v2\/pages\/2923\/revisions\/2929"}],"wp:attachment":[{"href":"https:\/\/anibalsilveira.org\/en\/wp-json\/wp\/v2\/media?parent=2923"}],"wp:term":[{"taxonomy":"category","embeddable":true,"href":"https:\/\/anibalsilveira.org\/en\/wp-json\/wp\/v2\/categories?post=2923"},{"taxonomy":"post_tag","embeddable":true,"href":"https:\/\/anibalsilveira.org\/en\/wp-json\/wp\/v2\/tags?post=2923"}],"curies":[{"name":"wp","href":"https:\/\/api.w.org\/{rel}","templated":true}]}}