{"id":2951,"date":"2024-07-16T19:04:44","date_gmt":"2024-07-16T22:04:44","guid":{"rendered":"https:\/\/anibalsilveira.org\/?page_id=2951"},"modified":"2024-07-16T19:04:44","modified_gmt":"2024-07-16T22:04:44","slug":"as-grandes-sindromes-psiquiatricas","status":"publish","type":"page","link":"https:\/\/anibalsilveira.org\/en\/as-grandes-sindromes-psiquiatricas\/","title":{"rendered":"AS GRANDES S\u00cdNDROMES PSIQUI\u00c1TRICAS"},"content":{"rendered":"<p class=\"has-text-align-center\"><strong>AS GRANDES S\u00cdNDROMES PSIQUI\u00c1TRICAS<\/strong><sup data-fn=\"26e2a79c-7e24-47dc-9041-7df2b85e6074\" class=\"fn\"><a href=\"#26e2a79c-7e24-47dc-9041-7df2b85e6074\" id=\"26e2a79c-7e24-47dc-9041-7df2b85e6074-link\">1<\/a><\/sup><\/p>\n\n\n\n<p>H\u00e1 dois conceitos bem distintos sobre S\u00edndrome Psiqui\u00e1trica. Um que a denomina como o conjunto de sinais que permitem avaliar qual a esfera ps\u00edquica atingida: \u00e9 o conceito mais razo\u00e1vel e an\u00e1logo ao que chamamos s\u00edndrome na Cl\u00ednica M\u00e9dica e na Cl\u00ednica Neurol\u00f3gica.\u00a0<\/p>\n\n\n\n<p>Outro conceito \u00e9 aquele admitido por alguns psiquiatras que identificam a s\u00edndrome psiqui\u00e1trica com o diagn\u00f3stico de doen\u00e7a mental. Esse ponto de vista parece indefens\u00e1vel. Por exemplo, quando mencionamos s\u00edndrome esquizofr\u00eanica n\u00e3o podemos dizer que se trata de esquizofrenia. Caso contr\u00e1rio ter\u00edamos esquizofrenias de todos os tipos, inclusive nos Paral\u00edticos Gerais, onde aquela \u201cs\u00edndrome\u201d pode ser observada. A mesma coisa poder\u00edamos dizer com refer\u00eancia \u00e0 mania.<\/p>\n\n\n\n<p>H\u00e1 uma s\u00e9rie de s\u00edndromes psiqui\u00e1tricas. S\u00e3o elas comuns a v\u00e1rias doen\u00e7as mentais. A doen\u00e7a mental \u00e9 tamb\u00e9m um conceito abstrato. Podemos considerar s\u00edndrome psiqui\u00e1trica num conceito mais restrito, como apenas fazendo refer\u00eancia ao c\u00e9rebro. \u00c9 um conceito puramente din\u00e2mico, se bem que em alguns casos possa corresponder a um quadro org\u00e2nico.\u00a0<\/p>\n\n\n\n<p>Retomando a caracteriza\u00e7\u00e3o de s\u00edndrome psiqui\u00e1trica como relacionada com o setor ps\u00edquico afetado, na pr\u00e1tica cumpre ponderar:\u00a0\u00a0<\/p>\n\n\n\n<ol class=\"wp-block-list\">\n<li>A s\u00edndrome psiqui\u00e1trica que o doente apresenta \u00e9 uma parte do quadro mental. Assim, quais s\u00e3o os elementos pelos quais podemos chegar ao quadro mental partindo da s\u00edndrome psiqui\u00e1trica?<\/li>\n\n\n\n<li>Nesse sentido, o exame cl\u00ednico \u00e9 fundamental.<\/li>\n\n\n\n<li>Necessidade de exames complementares: ningu\u00e9m diagnostica febre tifoide s\u00f3 pelo aumento do volume do ba\u00e7o, os exames complementares s\u00e3o indispens\u00e1veis.<\/li>\n\n\n\n<li>Realiza\u00e7\u00e3o da Anamnese. Aqui devemos considerar dois aspectos: (a) como apareceu e como se desenvolveu a mol\u00e9stia; (b) dados heredol\u00f3gicos. Por exemplo, um paciente com psicose f\u00e1sica enquadr\u00e1vel na Psicose Man\u00edaco-depressiva, pode ter contra\u00eddo s\u00edfilis e se tornar precocemente neuro-lu\u00e9tico. O quadro apresentado n\u00e3o est\u00e1 ligado \u00e0 s\u00edfilis, mas \u00e0s tend\u00eancias heredol\u00f3gicas. De nada adiantaria um tratamento unilateral. Estamos diagnosticando o conjunto da pessoa.<\/li>\n<\/ol>\n\n\n\n<p>A s\u00edndrome psiqui\u00e1trica deve ser compreendida como um elemento para iniciar o racioc\u00ednio cl\u00ednico. Porque a no\u00e7\u00e3o de doen\u00e7a mental \u00e9 uma abstra\u00e7\u00e3o: o que vamos tratar n\u00e3o \u00e9 a doen\u00e7a, mas sim o paciente.<\/p>\n\n\n\n<p>Como aproveitar, no plano semiol\u00f3gico, os v\u00e1rios elementos para o diagn\u00f3stico? No exame cl\u00ednico devemos incluir como rotina o exame otorrinolaringol\u00f3gico, o exame oftalmol\u00f3gico etc. Nos exames complementares podemos considerar a necessidade: l\u00edquor, bioqu\u00edmica do sangue, exames outros hematol\u00f3gicos.<\/p>\n\n\n\n<p>Na anamnese, procuramos nos antecedentes familiares, esclarecer os casos de doen\u00e7a mental, segundo a forma cl\u00ednica e o decurso.\u00a0<\/p>\n\n\n\n<p>Podemos organizar em nove grupos as s\u00edndromes psiqui\u00e1tricas:<\/p>\n\n\n\n<ol class=\"wp-block-list\">\n<li><strong>S\u00edndrome de Confus\u00e3o Mental<\/strong>:<\/li>\n\n\n\n<li>Confus\u00e3o mental propriamente dita<\/li>\n<\/ol>\n\n\n\n<ul class=\"wp-block-list\">\n<li>Am\u00eancia<\/li>\n\n\n\n<li>Confus\u00e3o mental alucinat\u00f3ria<\/li>\n<\/ul>\n\n\n\n<ol class=\"wp-block-list\" start=\"2\">\n<li>Del\u00edrio on\u00edrico<\/li>\n\n\n\n<li>Del\u00edrio agudo<\/li>\n<\/ol>\n\n\n\n<ul class=\"wp-block-list\">\n<li>Hipercin\u00e9tico<\/li>\n\n\n\n<li>Acin\u00e9tico<\/li>\n<\/ul>\n\n\n\n<p>Entre esses quadros podemos ter varia\u00e7\u00f5es, no que respeita \u00e0s rela\u00e7\u00f5es do paciente para com o ambiente. Assim ter\u00edamos uma desagrega\u00e7\u00e3o (am\u00eancia) ou uma produ\u00e7\u00e3o acentuada do trabalho mental. Da\u00ed temos tamb\u00e9m confus\u00e3o mental estuporosa e alucinat\u00f3ria. E dentro da atividade mental delirante, temos que fazer distin\u00e7\u00e3o entre o del\u00edrio agudo com grave altera\u00e7\u00e3o cerebral, e o del\u00edrio febril como repercuss\u00e3o do estado geral. Podemos ter os dois fen\u00f4menos ao mesmo tempo.<\/p>\n\n\n\n<p>Em qualquer dos casos, o caracter\u00edstico \u00e9 a ruptura do contato com o ambiente. Um tumor cerebral, a neuross\u00edfilis, a encefalite, as infec\u00e7\u00f5es org\u00e2nicas, podem dar este quadro de confus\u00e3o mental. Entretanto, todas as formas podem ser de origem end\u00f3gena: \u00e9 o caso das formas degenerativas de Kleist. S\u00f3 podemos evidenci\u00e1-las perante os dados heredol\u00f3gicos.<\/p>\n\n\n\n<ol class=\"wp-block-list\" start=\"2\">\n<li><strong>S\u00edndrome de Desagrega\u00e7\u00e3o Ps\u00edquica<\/strong>:<\/li>\n<\/ol>\n\n\n\n<p>Temos aqui uma ruptura dos processos intraps\u00edquicos. Essa ruptura atinge os dois n\u00edveis de contato com o mundo exterior: a senso-percep\u00e7\u00e3o e a elabora\u00e7\u00e3o. Assim, vamos encontrar as alucina\u00e7\u00f5es, os fen\u00f4menos de automatismo mental e os del\u00edrios. O del\u00edrio \u00e9 um desvio m\u00f3rbido do ju\u00edzo, sem confus\u00e3o. Alucina\u00e7\u00f5es e del\u00edrios podem ocorrer em qualquer entidade psiqui\u00e1trica. As s\u00edndromes psiqui\u00e1tricas est\u00e3o ligadas mais \u00e0 disposi\u00e7\u00e3o pr\u00e9-psic\u00f3tica do que \u00e0 doen\u00e7a mental em si mesma.<\/p>\n\n\n\n<ol class=\"wp-block-list\" start=\"3\">\n<li><strong>S\u00edndrome de Car\u00eancia de Iniciativa<\/strong>:<\/li>\n<\/ol>\n\n\n\n<p>\u00c9 uma ruptura que se faz ao n\u00edvel dos componentes conativos. O prot\u00f3tipo dessa s\u00edndrome \u00e9 observado na esquizofrenia. Entre outras manifesta\u00e7\u00f5es a\u00ed se observa falta de interesse pelo ambiente, e em casos mais avan\u00e7ados, falta de interesse pela pr\u00f3pria situa\u00e7\u00e3o. Pode haver tamb\u00e9m uma incapacidade de aplica\u00e7\u00e3o pr\u00e1tica do trabalho mental, absorvido pelos dist\u00farbios sensoriais.<\/p>\n\n\n\n<ol class=\"wp-block-list\" start=\"4\">\n<li><strong>S\u00edndrome de Excita\u00e7\u00e3o Ps\u00edquica<\/strong>:\u00a0<\/li>\n<\/ol>\n\n\n\n<p>Est\u00e1 mais ligada \u00e0s psicoses infecciosas, \u00e0 Psicose Man\u00edaco-depressiva, bem como com as psicoses f\u00e1sicas de Kleist, sendo necess\u00e1rio proceder ao diagn\u00f3stico diferencial.<\/p>\n\n\n\n<ol class=\"wp-block-list\" start=\"5\">\n<li><strong>S\u00edndrome depressiva<\/strong>:<\/li>\n<\/ol>\n\n\n\n<p>Temos aqui o inverso do que se passa na excita\u00e7\u00e3o ps\u00edquica.<\/p>\n\n\n\n<ol class=\"wp-block-list\" start=\"6\">\n<li><strong>S\u00edndrome de defici\u00eancia mental<\/strong>:<\/li>\n<\/ol>\n\n\n\n<p>Pode ser puramente intelectual, ligado a uma deficiente evolu\u00e7\u00e3o. \u00c9 o que se observa nos quadros oligofr\u00eanicos, nas encefalopatias. Tem muita import\u00e2ncia, nesses casos, a \u00e9poca do aparecimento dessas. Por exemplo, aquelas surgidas tardiamente podem estar ligadas \u00e0 esclerose centro-lobar desmielinizante de Schilder, ou de Jakob-Creutzfeldt. Ou ainda \u00e0s formas de Pick e de Alzheimer.\u00a0<\/p>\n\n\n\n<ol class=\"wp-block-list\" start=\"7\">\n<li><strong>S\u00edndrome de Pervers\u00e3o Instintiva<\/strong>:\u00a0<\/li>\n<\/ol>\n\n\n\n<p>Caracteriza-se pela falta de polariza\u00e7\u00e3o do comportamento no sentido social. H\u00e1 dois tipos:\u00a0<\/p>\n\n\n\n<ol class=\"wp-block-list\">\n<li>Sequela de encefalite epid\u00eamica na inf\u00e2ncia<\/li>\n\n\n\n<li>Personalidade psicop\u00e1tica<\/li>\n<\/ol>\n\n\n\n<p>Tanto numa, como na outra, pode estar em causa a pervers\u00e3o instintiva, que pode permanecer no estado latente e ser desencadeada por conflitos ambienciais, embora na primeira hip\u00f3tese haja um processo toxi-infeccioso. Podemos ter uma incapacidade de autodom\u00ednio, por impulsividade m\u00f3rbida. A realiza\u00e7\u00e3o do exame neuro oftalmol\u00f3gico \u00e9 b\u00e1sico para o diagn\u00f3stico diferencial.<\/p>\n\n\n\n<ol class=\"wp-block-list\" start=\"8\">\n<li><strong>S\u00edndrome convulsiva<\/strong>:<\/li>\n<\/ol>\n\n\n\n<p>Pode ser express\u00e3o da epilepsia, como condi\u00e7\u00e3o end\u00f3gena, ou simples rea\u00e7\u00e3o cerebral sintom\u00e1tica (tumor, processos vasculares ou t\u00f3xicos, como na eclampsia), a qual, entretanto, n\u00e3o exclui a primeira. Essas rea\u00e7\u00f5es s\u00e3o chamadas erroneamente de \u201cepilepsia sintom\u00e1tica\u201d ou levam a rotular o paciente como oligofr\u00eanico epil\u00e9ptico. Muitas vezes n\u00e3o se trata nem de oligofr\u00eanico, nem de epil\u00e9ptico, mas de doente com encefalopatia difusa. Qualquer processo infeccioso pode levar \u00e0 convuls\u00e3o. Temos a\u00ed que lan\u00e7ar m\u00e3o da anamnese heredol\u00f3gica para o diagn\u00f3stico diferencial. O EEG n\u00e3o imp\u00f5e diagn\u00f3stico nem o confirma, quanto \u00e0 epilepsia.<\/p>\n\n\n\n<ol class=\"wp-block-list\" start=\"9\">\n<li><strong>S\u00edndrome de comprometimento parcial da personalidade<\/strong>:<\/li>\n<\/ol>\n\n\n\n<p>\u00c9 o que se observa na estrutura ps\u00edquica da neurose. N\u00e3o h\u00e1 ruptura dos processos ps\u00edquicos, mas interfer\u00eancia emocional n\u00e3o consciente, portanto, essa s\u00edndrome se situa fora do campo da psiquiatria.<\/p>\n\n\n<ol class=\"wp-block-footnotes\"><li id=\"26e2a79c-7e24-47dc-9041-7df2b85e6074\">\u00a0Texto organizado por Roberto Fasano, em 2003, a partir de aula de An\u00edbal Silveira, proferida no curso de Semiologia Psiqui\u00e1trica no Hospital de Juqueri, Franco da Rocha SP no dia 27 de julho de 1946, aula compilada pelo Dr. Jos\u00e9 Maria Cabral de Vasconcelos. Revisto em 20\/09\/22 por integrantes da Comiss\u00e3o de Revis\u00e3o do CEPAS: Flavio Vivacqua, Francisco Drumond de Moura, Paulo Palladini e Roberto Fasano. <a href=\"#26e2a79c-7e24-47dc-9041-7df2b85e6074-link\" aria-label=\"Jump to footnote reference 1\">\u21a9\ufe0e<\/a><\/li><\/ol>","protected":false},"excerpt":{"rendered":"<p>AS GRANDES S\u00cdNDROMES PSIQUI\u00c1TRICAS H\u00e1 dois conceitos bem distintos sobre S\u00edndrome Psiqui\u00e1trica. Um que a denomina como o conjunto de sinais que permitem avaliar qual a esfera ps\u00edquica atingida: \u00e9 o conceito mais razo\u00e1vel e an\u00e1logo ao que chamamos s\u00edndrome na Cl\u00ednica M\u00e9dica e na Cl\u00ednica Neurol\u00f3gica.\u00a0 Outro conceito \u00e9 aquele admitido por alguns psiquiatras [&hellip;]<\/p>\n","protected":false},"author":8,"featured_media":0,"parent":0,"menu_order":0,"comment_status":"closed","ping_status":"closed","template":"","meta":{"footnotes":"[{\"content\":\"\u00a0Texto organizado por Roberto Fasano, em 2003, a partir de aula de An\u00edbal Silveira, proferida no curso de Semiologia Psiqui\u00e1trica no Hospital de Juqueri, Franco da Rocha SP no dia 27 de julho de 1946, aula compilada pelo Dr. Jos\u00e9 Maria Cabral de Vasconcelos. Revisto em 20\/09\/22 por integrantes da Comiss\u00e3o de Revis\u00e3o do CEPAS: Flavio Vivacqua, Francisco Drumond de Moura, Paulo Palladini e Roberto Fasano.\",\"id\":\"26e2a79c-7e24-47dc-9041-7df2b85e6074\"}]"},"categories":[],"tags":[],"class_list":["post-2951","page","type-page","status-publish","hentry"],"_links":{"self":[{"href":"https:\/\/anibalsilveira.org\/en\/wp-json\/wp\/v2\/pages\/2951","targetHints":{"allow":["GET"]}}],"collection":[{"href":"https:\/\/anibalsilveira.org\/en\/wp-json\/wp\/v2\/pages"}],"about":[{"href":"https:\/\/anibalsilveira.org\/en\/wp-json\/wp\/v2\/types\/page"}],"author":[{"embeddable":true,"href":"https:\/\/anibalsilveira.org\/en\/wp-json\/wp\/v2\/users\/8"}],"replies":[{"embeddable":true,"href":"https:\/\/anibalsilveira.org\/en\/wp-json\/wp\/v2\/comments?post=2951"}],"version-history":[{"count":1,"href":"https:\/\/anibalsilveira.org\/en\/wp-json\/wp\/v2\/pages\/2951\/revisions"}],"predecessor-version":[{"id":2954,"href":"https:\/\/anibalsilveira.org\/en\/wp-json\/wp\/v2\/pages\/2951\/revisions\/2954"}],"wp:attachment":[{"href":"https:\/\/anibalsilveira.org\/en\/wp-json\/wp\/v2\/media?parent=2951"}],"wp:term":[{"taxonomy":"category","embeddable":true,"href":"https:\/\/anibalsilveira.org\/en\/wp-json\/wp\/v2\/categories?post=2951"},{"taxonomy":"post_tag","embeddable":true,"href":"https:\/\/anibalsilveira.org\/en\/wp-json\/wp\/v2\/tags?post=2951"}],"curies":[{"name":"wp","href":"https:\/\/api.w.org\/{rel}","templated":true}]}}