{"id":2991,"date":"2024-07-18T17:58:07","date_gmt":"2024-07-18T20:58:07","guid":{"rendered":"https:\/\/anibalsilveira.org\/?page_id=2991"},"modified":"2024-07-18T17:58:07","modified_gmt":"2024-07-18T20:58:07","slug":"hereditariedade-e-catamnese-heredologica","status":"publish","type":"page","link":"https:\/\/anibalsilveira.org\/en\/hereditariedade-e-catamnese-heredologica\/","title":{"rendered":"Hereditariedade e catamnese heredol\u00f3gica\u00a0\u00a0"},"content":{"rendered":"<p class=\"has-text-align-center\"><strong>HEREDITARIEDADE E CATAMNESE HEREDOL\u00d3GICA<\/strong><sup data-fn=\"f1385ff4-7456-45cf-980c-d9cf2b6a611c\" class=\"fn\"><a href=\"#f1385ff4-7456-45cf-980c-d9cf2b6a611c\" id=\"f1385ff4-7456-45cf-980c-d9cf2b6a611c-link\">1<\/a><\/sup><\/p>\n\n\n\n<ol class=\"wp-block-list\">\n<li><strong>Normas para verifica\u00e7\u00e3o\u00a0<\/strong><\/li>\n<\/ol>\n\n\n\n<p>(Todos os dados devem ser assinalados por nomes. Tempo aproximado)<\/p>\n\n\n\n<ol class=\"wp-block-list\">\n<li>Nome do pai e da m\u00e3e. H\u00e1 parentesco? Qual.<\/li>\n<\/ol>\n\n\n\n<p>Est\u00e3o vivos: Sofrem doen\u00e7a mental ou nervosa: Sofreram em alguma \u00e9poca: Como \u00e9 essa doen\u00e7a? Quem sabe informar? Esteve internado? Quando? Onde? Quem sabe informar?<\/p>\n\n\n\n<ol class=\"wp-block-list\" start=\"2\">\n<li>Nome dos irm\u00e3os, pela ordem de idade (inclusive falecidos). Se houve abortos ou natimortos, indicar o lugar na sequ\u00eancia do nascimento. Algum deles sofre doen\u00e7a nervosa ou mental? Sofreu? Como? Algum \u00e9 bobo, retardado mental ou custava para aprender as coisas? Quem sabe informar com precis\u00e3o? Houve algum com anormalidade som\u00e1tica? Indicar o tipo. Com que idade mais ou menos faleceram? Quem sabe informar?<\/li>\n<\/ol>\n\n\n\n<ol class=\"wp-block-list\" start=\"3\">\n<li>H\u00e1 meios-irm\u00e3os? De que lado? Algum sofre ou sofreu doen\u00e7a mental ou nervosa? Dar os nomes pela ordem. O segundo c\u00f4njuge era parente do primeiro? E do falecido? Qual o parentesco? (nome dos pais). H\u00e1 irm\u00e3os naturais? Informar nomes, etc.<\/li>\n<\/ol>\n\n\n\n<ol class=\"wp-block-list\" start=\"4\">\n<li>Quais dos irm\u00e3os s\u00e3o casados? Nome do outro c\u00f4njuge. Nome dos pais, etc., Quem sabe informar? Casado pela segunda vez? Filhos de cada um desses casais. Nome pela ordem, etc. Enteados idem.<\/li>\n<\/ol>\n\n\n\n<ol class=\"wp-block-list\" start=\"5\">\n<li>Tios pelo lado materno. Nome pela ordem de idade, etc. Filhos de cada um pela ordem de idade, etc.<\/li>\n<\/ol>\n\n\n\n<ol class=\"wp-block-list\" start=\"6\">\n<li>Tios pelo lado paterno. Idem. Idem.<\/li>\n<\/ol>\n\n\n\n<ol class=\"wp-block-list\" start=\"7\">\n<li>Nome dos av\u00f3s pelo lado materno. Parentesco, etc.<\/li>\n<\/ol>\n\n\n\n<ol class=\"wp-block-list\" start=\"8\">\n<li>Idem idem pelo lado paterno.<\/li>\n<\/ol>\n\n\n\n<ol class=\"wp-block-list\" start=\"9\">\n<li>Primos do pai, etc. Primos da m\u00e3e, etc.<\/li>\n<\/ol>\n\n\n\n<ol class=\"wp-block-list\" start=\"2\">\n<li><strong>Antecedentes<\/strong><\/li>\n<\/ol>\n\n\n\n<ol class=\"wp-block-list\">\n<li>Na inf\u00e2ncia. Doen\u00e7as comuns. Estado nervoso. Houve convuls\u00f5es? Como? Quando? Em que circunst\u00e2ncias. Houve crises de nervos? Houve per\u00edodos de esquisitice? Como, quando? Houve doen\u00e7a mental? De que tipo?<\/li>\n\n\n\n<li>Entre os irm\u00e3os \u2013 mesmo inqu\u00e9rito. Suic\u00eddio?<\/li>\n\n\n\n<li>Entre primos \u2013 Mesmo inqu\u00e9rito. Fuga do lar?<\/li>\n\n\n\n<li>Entre os tios maternos e paternos: mesmo inqu\u00e9rito. Abandono da fam\u00edlia?<\/li>\n\n\n\n<li>Entre av\u00f3s paternos e maternos.<\/li>\n<\/ol>\n\n\n\n<ol class=\"wp-block-list\" start=\"3\">\n<li><strong>Catamnese heredol\u00f3gica<\/strong><\/li>\n<\/ol>\n\n\n\n<ol class=\"wp-block-list\">\n<li>Fichar os irm\u00e3os, primos, tios, etc. (datas, endere\u00e7os, etc.).<\/li>\n\n\n\n<li>Fichar o c\u00f4njuge, os descendentes diretos.<\/li>\n\n\n\n<li>Manter em revis\u00e3o heredol\u00f3gica peri\u00f3dica dos descendentes e colaterais.<\/li>\n<\/ol>\n\n\n\n<p><strong>A PESQUISAR SISTEM\u00c1TICAMENTE<\/strong>:<\/p>\n\n\n\n<ol class=\"wp-block-list\">\n<li>Nos tempos anteriores \u00e0 doen\u00e7a;<\/li>\n\n\n\n<li>Entre os normais da fam\u00edlia.<\/li>\n<\/ol>\n\n\n\n<ol class=\"wp-block-list\">\n<li>Modo de rea\u00e7\u00e3o ante acontecimentos desagrad\u00e1veis: C\u00f3lera \u2013 Impulso para agredir \u2013 Desabafo verbal \u2013 Lamento \u2013 Choro \u2013 Arrependimento \u2013 Remorso \u2013 Culpar a si e a outrem \u2013 Amea\u00e7a de suic\u00eddio ou de fuga \u2013 N\u00e3o pensar no fato \u2013 Pensar em outra coisa \u2013 Desculpar-se \u2013 N\u00e3o se importar com o fato.<\/li>\n\n\n\n<li>Modo de executar as coisas: Repentino \u2013 Sem reflex\u00e3o \u2013 Com entusiasmo \u2013 Coagido pelas circunst\u00e2ncias \u2013 Moroso \u2013 v\u00e1rias coisas ao mesmo tempo \u2013 Sem ultimar \u2013 Com entusiasmo passageiro \u2013 Com afinco \u2013 Uma coisa s\u00f3 \u2013 Nunca satisfeito com o que fez ou com o modo por que fez \u2013 Com muita perfei\u00e7\u00e3o ou de qualquer modo.<\/li>\n\n\n\n<li>Interesse principal: Coisas precisas \u2013 coisas vagas \u2013 fantasias, coisas raras \u2013 emo\u00e7\u00f5es fortes, dram\u00e1ticas \u2013 alegres \u2013 variadas \u2013 Trabalhos que exigem const\u00e2ncia \u2013 M\u00e9todo \u2013 Movimenta\u00e7\u00e3o \u2013 Esfor\u00e7o intelectual \u2013 Leituras \u2013 Viagens \u2013 Esportes.<\/li>\n\n\n\n<li>Comportamento em casa e na sociedade: uniforme \u2013 r\u00edspido \u2013 acolhedor \u2013 suscept\u00edvel \u2013 severo \u2013 teimoso \u2013 sugestion\u00e1vel \u2013 discordante \u2013 antagonismo ou indiferen\u00e7a por fase apenas \u2013 Impreciso \u2013 Dif\u00edcil de prever-se.<\/li>\n\n\n\n<li>Afetividade: Afetuoso \u2013 Frio \u2013 Vari\u00e1vel (inconstante) \u2013 col\u00e9rico \u2013 tolerante \u2013 d\u00f3cil \u2013 vaidoso \u2013 ego\u00edsta \u2013 ciumento \u2013 hip\u00f3crita (facilidade para bajular ou mentir).\u00a0<\/li>\n<\/ol>\n\n\n<ol class=\"wp-block-footnotes\"><li id=\"f1385ff4-7456-45cf-980c-d9cf2b6a611c\">\u00a0Trata-se de um roteiro de perguntas e de dados a serem investigados nas anamnese heredol\u00f3gica e na catamnese heredol\u00f3gica, utilizado na Resid\u00eancia em Psiquiatria, Complexo Hospitalar de Juqueri. <a href=\"#f1385ff4-7456-45cf-980c-d9cf2b6a611c-link\" aria-label=\"Jump to footnote reference 1\">\u21a9\ufe0e<\/a><\/li><\/ol>","protected":false},"excerpt":{"rendered":"<p>HEREDITARIEDADE E CATAMNESE HEREDOL\u00d3GICA (Todos os dados devem ser assinalados por nomes. Tempo aproximado) Est\u00e3o vivos: Sofrem doen\u00e7a mental ou nervosa: Sofreram em alguma \u00e9poca: Como \u00e9 essa doen\u00e7a? Quem sabe informar? Esteve internado? Quando? Onde? Quem sabe informar? A PESQUISAR SISTEM\u00c1TICAMENTE:<\/p>","protected":false},"author":8,"featured_media":0,"parent":0,"menu_order":0,"comment_status":"closed","ping_status":"closed","template":"","meta":{"footnotes":"[{\"content\":\"\u00a0Trata-se de um roteiro de perguntas e de dados a serem investigados nas anamnese heredol\u00f3gica e na catamnese heredol\u00f3gica, utilizado na Resid\u00eancia em Psiquiatria, Complexo Hospitalar de Juqueri.\",\"id\":\"f1385ff4-7456-45cf-980c-d9cf2b6a611c\"}]"},"categories":[],"tags":[],"class_list":["post-2991","page","type-page","status-publish","hentry"],"_links":{"self":[{"href":"https:\/\/anibalsilveira.org\/en\/wp-json\/wp\/v2\/pages\/2991","targetHints":{"allow":["GET"]}}],"collection":[{"href":"https:\/\/anibalsilveira.org\/en\/wp-json\/wp\/v2\/pages"}],"about":[{"href":"https:\/\/anibalsilveira.org\/en\/wp-json\/wp\/v2\/types\/page"}],"author":[{"embeddable":true,"href":"https:\/\/anibalsilveira.org\/en\/wp-json\/wp\/v2\/users\/8"}],"replies":[{"embeddable":true,"href":"https:\/\/anibalsilveira.org\/en\/wp-json\/wp\/v2\/comments?post=2991"}],"version-history":[{"count":1,"href":"https:\/\/anibalsilveira.org\/en\/wp-json\/wp\/v2\/pages\/2991\/revisions"}],"predecessor-version":[{"id":2994,"href":"https:\/\/anibalsilveira.org\/en\/wp-json\/wp\/v2\/pages\/2991\/revisions\/2994"}],"wp:attachment":[{"href":"https:\/\/anibalsilveira.org\/en\/wp-json\/wp\/v2\/media?parent=2991"}],"wp:term":[{"taxonomy":"category","embeddable":true,"href":"https:\/\/anibalsilveira.org\/en\/wp-json\/wp\/v2\/categories?post=2991"},{"taxonomy":"post_tag","embeddable":true,"href":"https:\/\/anibalsilveira.org\/en\/wp-json\/wp\/v2\/tags?post=2991"}],"curies":[{"name":"wp","href":"https:\/\/api.w.org\/{rel}","templated":true}]}}