{"id":3063,"date":"2024-08-05T20:51:15","date_gmt":"2024-08-05T23:51:15","guid":{"rendered":"https:\/\/anibalsilveira.org\/?page_id=3063"},"modified":"2024-08-19T19:47:07","modified_gmt":"2024-08-19T22:47:07","slug":"referencias-de-autores-mencionados-por-anibal-silveira","status":"publish","type":"page","link":"https:\/\/anibalsilveira.org\/en\/referencias-de-autores-mencionados-por-anibal-silveira\/","title":{"rendered":"Refer\u00eancias de Autores e Assuntos Mencionados por An\u00edbal Silveira"},"content":{"rendered":"<p>Este conjunto de refer\u00eancias de autores e assuntos relacionados nas aulas de An\u00edbal Silveira \u00e9 o resultado de um trabalho permanente de pesquisa realizado por Roberto Fasano desde 2023. Est\u00e1 sendo revisto, na medida que as refer\u00eancias forem sendo elaboradas, pela Comiss\u00e3o de Revis\u00e3o do CEPAS: Francisco Drumond de Moura, Joacyr Salles Barros, Paulo Palladini e Roberto Fasano.<\/p>\n\n\n\n<p>Os autores e assuntos destacados s\u00e3o arrolados por ordem alfab\u00e9tica.&nbsp;<\/p>\n\n\n\n<ul class=\"wp-block-list\">\n<li><strong><a href=\"https:\/\/anibalsilveira.org\/anamnese-heredologica\/\">Anamnese heredol\u00f3gica<\/a><\/strong><\/li>\n\n\n\n<li><a href=\"https:\/\/anibalsilveira.org\/paranoia-abortiva\/\"><strong>Bipolaridade<\/strong><\/a><\/li>\n\n\n\n<li><strong><a href=\"https:\/\/anibalsilveira.org\/bumke\/\">Bumke<\/a><\/strong><\/li>\n\n\n\n<li><strong><a href=\"https:\/\/anibalsilveira.org\/carl-wernicke\/\">Carl Wernicke<\/a><\/strong><\/li>\n\n\n\n<li><strong><a href=\"https:\/\/anibalsilveira.org\/comparacao-entre-os-processos-de-atencao-memoria-e-consciencia\/\">Compara\u00e7\u00e3o entre os processos de aten\u00e7\u00e3o, mem\u00f3ria e consci\u00eancia<\/a><\/strong><\/li>\n\n\n\n<li><strong><a href=\"https:\/\/anibalsilveira.org\/constituicao-hipoparanoica\/\">Constitui\u00e7\u00e3o hipoparan\u00f3ica<\/a><\/strong><\/li>\n\n\n\n<li><strong><a href=\"https:\/\/anibalsilveira.org\/delirio-alucinatorio-cronico-de-roxo\/\">Del\u00edrio Alucinat\u00f3rio Cr\u00f4nico de Roxo<\/a><\/strong><\/li>\n\n\n\n<li><strong><a href=\"https:\/\/anibalsilveira.org\/demencia-precoce\/\">Dem\u00eancia Precoce<\/a><\/strong><\/li>\n\n\n\n<li><a href=\"https:\/\/anibalsilveira.org\/georges-schaltenbrand\/\"><strong>Georges Schaltenbrand<\/strong>\u00a0<\/a><\/li>\n\n\n\n<li><strong><a href=\"https:\/\/anibalsilveira.org\/grupo-das-psicoses-benignas\/\">Grupo das psicoses benignas<\/a><\/strong><\/li>\n\n\n\n<li><strong><a href=\"https:\/\/anibalsilveira.org\/henrique-belford-roxo\/\">Henrique Belford Roxo<\/a><\/strong><\/li>\n\n\n\n<li><strong><a href=\"https:\/\/anibalsilveira.org\/jules-baillarger\/\">Jules Baillarger<\/a><\/strong><\/li>\n\n\n\n<li><strong>Lei dos Tr\u00eas Estados de Comte<\/strong><\/li>\n\n\n\n<li><strong><a href=\"https:\/\/anibalsilveira.org\/lipidoses\/\">Lipidoses<\/a><\/strong><\/li>\n\n\n\n<li><strong><a href=\"https:\/\/anibalsilveira.org\/lucia-coelho\/\">L\u00facia Coelho<\/a><\/strong><\/li>\n\n\n\n<li><a href=\"https:\/\/anibalsilveira.org\/mogens-schou\/\"><strong>Mogens Schou<\/strong>\u00a0<\/a><\/li>\n\n\n\n<li><strong><a href=\"https:\/\/anibalsilveira.org\/neuroglia\/\">Neuroglia<\/a><\/strong><\/li>\n\n\n\n<li><a href=\"https:\/\/anibalsilveira.org\/noemio-weniger\/\"><strong>Noemio Weniger<\/strong>\u00a0<\/a><\/li>\n\n\n\n<li><a href=\"https:\/\/anibalsilveira.org\/otmar-freiherr-von-verschuer\/\"><strong>Otmar Freiherr von Verschuer<\/strong>\u00a0<\/a><\/li>\n\n\n\n<li><a href=\"https:\/\/anibalsilveira.org\/paranoia-abortiva-2\/\"><strong>Paran\u00f3ia Abortiva<\/strong>\u00a0<\/a><\/li>\n\n\n\n<li><strong><a href=\"https:\/\/anibalsilveira.org\/psicoses-diateticas\/\">Psicoses diat\u00e9ticas<\/a><\/strong><\/li>\n\n\n\n<li><strong><a href=\"https:\/\/anibalsilveira.org\/psicoses-da-individualidade\/\">Psicoses da Individualidade<\/a><\/strong><\/li>\n\n\n\n<li><strong><a href=\"https:\/\/anibalsilveira.org\/pneumoencefalograma\/\">Pneumoencefalograma<\/a><\/strong><\/li>\n\n\n\n<li><strong><a href=\"https:\/\/anibalsilveira.org\/pocao-de-todd\/\">Po\u00e7\u00e3o de Todd<\/a><\/strong><\/li>\n\n\n\n<li><strong><a href=\"https:\/\/anibalsilveira.org\/quadros-clinicos-que-aparecem-por-fases\/\">Quadros cl\u00ednicos que aparecem por fases<\/a><\/strong><\/li>\n\n\n\n<li><strong><a href=\"https:\/\/anibalsilveira.org\/reacoes-em-curto-circuito\/\">Rea\u00e7\u00f5es em curto-circuito<\/a><\/strong><\/li>\n\n\n\n<li><strong><a href=\"https:\/\/anibalsilveira.org\/rudin\/\">Rudin<\/a><\/strong><\/li>\n\n\n\n<li><strong><a href=\"https:\/\/anibalsilveira.org\/spartaco-vizzoto\/\">Spartaco Vizzoto<\/a><\/strong><\/li>\n\n\n\n<li><a href=\"https:\/\/anibalsilveira.org\/theodor-hermann-meynert\/\"><strong>Theodor Hermann Meynert<\/strong>\u00a0<\/a><\/li>\n\n\n\n<li><strong><a href=\"https:\/\/anibalsilveira.org\/vaidade\/\">Vaidade<\/a><\/strong><\/li>\n\n\n\n<li><strong><a href=\"https:\/\/anibalsilveira.org\/valentin-magnan\/\">Valentin Magnan<\/a><\/strong><\/li>\n\n\n\n<li><strong><a href=\"https:\/\/anibalsilveira.org\/walther-spielmeyer\/\">Walther Spielmeyer<\/a><\/strong><\/li>\n\n\n\n<li><strong><a href=\"https:\/\/anibalsilveira.org\/wilhelm-griesinger\/\">Wilhelm Griesinger<\/a><\/strong><\/li>\n<\/ul>","protected":false},"excerpt":{"rendered":"<p>Este conjunto de refer\u00eancias de autores e assuntos relacionados nas aulas de An\u00edbal Silveira \u00e9 o resultado de um trabalho permanente de pesquisa realizado por Roberto Fasano desde 2023. Est\u00e1 sendo revisto, na medida que as refer\u00eancias forem sendo elaboradas, pela Comiss\u00e3o de Revis\u00e3o do CEPAS: Francisco Drumond de Moura, Joacyr Salles Barros, Paulo Palladini [&hellip;]<\/p>\n","protected":false},"author":8,"featured_media":0,"parent":0,"menu_order":0,"comment_status":"closed","ping_status":"closed","template":"","meta":{"footnotes":""},"categories":[],"tags":[],"class_list":["post-3063","page","type-page","status-publish","hentry"],"_links":{"self":[{"href":"https:\/\/anibalsilveira.org\/en\/wp-json\/wp\/v2\/pages\/3063","targetHints":{"allow":["GET"]}}],"collection":[{"href":"https:\/\/anibalsilveira.org\/en\/wp-json\/wp\/v2\/pages"}],"about":[{"href":"https:\/\/anibalsilveira.org\/en\/wp-json\/wp\/v2\/types\/page"}],"author":[{"embeddable":true,"href":"https:\/\/anibalsilveira.org\/en\/wp-json\/wp\/v2\/users\/8"}],"replies":[{"embeddable":true,"href":"https:\/\/anibalsilveira.org\/en\/wp-json\/wp\/v2\/comments?post=3063"}],"version-history":[{"count":29,"href":"https:\/\/anibalsilveira.org\/en\/wp-json\/wp\/v2\/pages\/3063\/revisions"}],"predecessor-version":[{"id":3233,"href":"https:\/\/anibalsilveira.org\/en\/wp-json\/wp\/v2\/pages\/3063\/revisions\/3233"}],"wp:attachment":[{"href":"https:\/\/anibalsilveira.org\/en\/wp-json\/wp\/v2\/media?parent=3063"}],"wp:term":[{"taxonomy":"category","embeddable":true,"href":"https:\/\/anibalsilveira.org\/en\/wp-json\/wp\/v2\/categories?post=3063"},{"taxonomy":"post_tag","embeddable":true,"href":"https:\/\/anibalsilveira.org\/en\/wp-json\/wp\/v2\/tags?post=3063"}],"curies":[{"name":"wp","href":"https:\/\/api.w.org\/{rel}","templated":true}]}}