{"id":3089,"date":"2024-08-19T19:32:42","date_gmt":"2024-08-19T22:32:42","guid":{"rendered":"https:\/\/anibalsilveira.org\/?page_id=3089"},"modified":"2024-08-19T19:32:42","modified_gmt":"2024-08-19T22:32:42","slug":"bumke","status":"publish","type":"page","link":"https:\/\/anibalsilveira.org\/en\/bumke\/","title":{"rendered":"Bumke"},"content":{"rendered":"<p>Foi um eminente neurologista e psiquiatra alem\u00e3o que desenvolveu uma intensa carreira cient\u00edfica. Substituiu a Kraepelin na cadeira da Universidade de Munique. Divergia deste em suas concep\u00e7\u00f5es muito sint\u00e9ticas. Suas concep\u00e7\u00f5es aproximavam-se mais \u00e0s de Adolph Meyer. Bumke foi m\u00e9dico de Lenin na Uni\u00e3o Sovi\u00e9tica, quando este adoeceu.<\/p>","protected":false},"excerpt":{"rendered":"<p>Foi um eminente neurologista e psiquiatra alem\u00e3o que desenvolveu uma intensa carreira cient\u00edfica. Substituiu a Kraepelin na cadeira da Universidade de Munique. Divergia deste em suas concep\u00e7\u00f5es muito sint\u00e9ticas. Suas concep\u00e7\u00f5es aproximavam-se mais \u00e0s de Adolph Meyer. Bumke foi m\u00e9dico de Lenin na Uni\u00e3o Sovi\u00e9tica, quando este adoeceu.<\/p>","protected":false},"author":8,"featured_media":0,"parent":0,"menu_order":0,"comment_status":"closed","ping_status":"closed","template":"","meta":{"footnotes":""},"categories":[],"tags":[],"class_list":["post-3089","page","type-page","status-publish","hentry"],"_links":{"self":[{"href":"https:\/\/anibalsilveira.org\/en\/wp-json\/wp\/v2\/pages\/3089","targetHints":{"allow":["GET"]}}],"collection":[{"href":"https:\/\/anibalsilveira.org\/en\/wp-json\/wp\/v2\/pages"}],"about":[{"href":"https:\/\/anibalsilveira.org\/en\/wp-json\/wp\/v2\/types\/page"}],"author":[{"embeddable":true,"href":"https:\/\/anibalsilveira.org\/en\/wp-json\/wp\/v2\/users\/8"}],"replies":[{"embeddable":true,"href":"https:\/\/anibalsilveira.org\/en\/wp-json\/wp\/v2\/comments?post=3089"}],"version-history":[{"count":1,"href":"https:\/\/anibalsilveira.org\/en\/wp-json\/wp\/v2\/pages\/3089\/revisions"}],"predecessor-version":[{"id":3093,"href":"https:\/\/anibalsilveira.org\/en\/wp-json\/wp\/v2\/pages\/3089\/revisions\/3093"}],"wp:attachment":[{"href":"https:\/\/anibalsilveira.org\/en\/wp-json\/wp\/v2\/media?parent=3089"}],"wp:term":[{"taxonomy":"category","embeddable":true,"href":"https:\/\/anibalsilveira.org\/en\/wp-json\/wp\/v2\/categories?post=3089"},{"taxonomy":"post_tag","embeddable":true,"href":"https:\/\/anibalsilveira.org\/en\/wp-json\/wp\/v2\/tags?post=3089"}],"curies":[{"name":"wp","href":"https:\/\/api.w.org\/{rel}","templated":true}]}}