{"id":3114,"date":"2024-08-19T19:35:33","date_gmt":"2024-08-19T22:35:33","guid":{"rendered":"https:\/\/anibalsilveira.org\/?page_id=3114"},"modified":"2024-08-19T19:35:33","modified_gmt":"2024-08-19T22:35:33","slug":"demencia-precoce","status":"publish","type":"page","link":"https:\/\/anibalsilveira.org\/en\/demencia-precoce\/","title":{"rendered":"Dem\u00eancia Precoce"},"content":{"rendered":"<p>Caracteriza\u00e7\u00e3o devida a Kraepelin.<\/p>","protected":false},"excerpt":{"rendered":"<p>Caracteriza\u00e7\u00e3o devida a Kraepelin.<\/p>","protected":false},"author":8,"featured_media":0,"parent":0,"menu_order":0,"comment_status":"closed","ping_status":"closed","template":"","meta":{"footnotes":""},"categories":[],"tags":[],"class_list":["post-3114","page","type-page","status-publish","hentry"],"_links":{"self":[{"href":"https:\/\/anibalsilveira.org\/en\/wp-json\/wp\/v2\/pages\/3114","targetHints":{"allow":["GET"]}}],"collection":[{"href":"https:\/\/anibalsilveira.org\/en\/wp-json\/wp\/v2\/pages"}],"about":[{"href":"https:\/\/anibalsilveira.org\/en\/wp-json\/wp\/v2\/types\/page"}],"author":[{"embeddable":true,"href":"https:\/\/anibalsilveira.org\/en\/wp-json\/wp\/v2\/users\/8"}],"replies":[{"embeddable":true,"href":"https:\/\/anibalsilveira.org\/en\/wp-json\/wp\/v2\/comments?post=3114"}],"version-history":[{"count":1,"href":"https:\/\/anibalsilveira.org\/en\/wp-json\/wp\/v2\/pages\/3114\/revisions"}],"predecessor-version":[{"id":3117,"href":"https:\/\/anibalsilveira.org\/en\/wp-json\/wp\/v2\/pages\/3114\/revisions\/3117"}],"wp:attachment":[{"href":"https:\/\/anibalsilveira.org\/en\/wp-json\/wp\/v2\/media?parent=3114"}],"wp:term":[{"taxonomy":"category","embeddable":true,"href":"https:\/\/anibalsilveira.org\/en\/wp-json\/wp\/v2\/categories?post=3114"},{"taxonomy":"post_tag","embeddable":true,"href":"https:\/\/anibalsilveira.org\/en\/wp-json\/wp\/v2\/tags?post=3114"}],"curies":[{"name":"wp","href":"https:\/\/api.w.org\/{rel}","templated":true}]}}