{"id":3134,"date":"2024-08-19T19:37:58","date_gmt":"2024-08-19T22:37:58","guid":{"rendered":"https:\/\/anibalsilveira.org\/?page_id=3134"},"modified":"2024-08-19T19:37:58","modified_gmt":"2024-08-19T22:37:58","slug":"jules-baillarger","status":"publish","type":"page","link":"https:\/\/anibalsilveira.org\/en\/jules-baillarger\/","title":{"rendered":"Jules Baillarger"},"content":{"rendered":"<p>Jules Gabriel Fran\u00e7ois Baillarger (25 de mar\u00e7o de 1809 \u2013 31 de dezembro de 1890), foi um neurologista e psiquiatra franc\u00eas. Ele estudou medicina na Universidade de Paris com Jean-\u00c9tienne Dominique Esquirol (1772\u20131840) e, enquanto estudante, trabalhou como estagi\u00e1rio na institui\u00e7\u00e3o mental de Charenton. Com Jacques-Joseph Moreau (1804\u20131884) e outros, ele fundou os influentes Annales m\u00e9dico-psychologiques (Anais M\u00e9dicos-Psicol\u00f3gicos). Em 1840, Baillarger foi o primeiro m\u00e9dico a descobrir que o c\u00f3rtex cerebral era dividido em seis camadas de l\u00e2minas brancas e cinzas alternadas. Seu nome est\u00e1 associado \u00e0s bandas interna e externa de Baillarger, que s\u00e3o duas camadas de fibras brancas do c\u00f3rtex cerebral. Eles s\u00e3o proeminentes nas \u00e1reas corticais sensoriais devido \u00e0s altas densidades das termina\u00e7\u00f5es das fibras t\u00e1lamo-corticais. A banda externa de Baillarger \u00e9 especialmente proeminente no c\u00f3rtex visual e \u00e0s vezes \u00e9 chamada de banda de Gennari. No campo da psiquiatria, Baillarger pesquisou a natureza involunt\u00e1ria das alucina\u00e7\u00f5es e a din\u00e2mica do estado hipnag\u00f3gico (est\u00e1gio intermedi\u00e1rio entre o sono e a vig\u00edlia). Em 1854, ele forneceu uma descri\u00e7\u00e3o de um dist\u00farbio psiqui\u00e1trico envolvendo epis\u00f3dios man\u00edacos e depressivos no mesmo indiv\u00edduo, uma condi\u00e7\u00e3o que ele chamou de folie \u00e0 double forme (insanidade de forma dupla). Sem que ele soubesse na \u00e9poca, outro psiquiatra franc\u00eas, Jean-Pierre Falret (1794-1870), havia descrito fundamentalmente a mesma condi\u00e7\u00e3o (com v\u00e1rias diferen\u00e7as marcantes) em um artigo anterior \u00e0s descobertas de Baillarger. Falret referiu-se ao dist\u00farbio como folie circulaire (loucura circular).<\/p>","protected":false},"excerpt":{"rendered":"<p>Jules Gabriel Fran\u00e7ois Baillarger (25 de mar\u00e7o de 1809 \u2013 31 de dezembro de 1890), foi um neurologista e psiquiatra franc\u00eas. Ele estudou medicina na Universidade de Paris com Jean-\u00c9tienne Dominique Esquirol (1772\u20131840) e, enquanto estudante, trabalhou como estagi\u00e1rio na institui\u00e7\u00e3o mental de Charenton. Com Jacques-Joseph Moreau (1804\u20131884) e outros, ele fundou os influentes Annales [&hellip;]<\/p>\n","protected":false},"author":8,"featured_media":0,"parent":0,"menu_order":0,"comment_status":"closed","ping_status":"closed","template":"","meta":{"footnotes":""},"categories":[],"tags":[],"class_list":["post-3134","page","type-page","status-publish","hentry"],"_links":{"self":[{"href":"https:\/\/anibalsilveira.org\/en\/wp-json\/wp\/v2\/pages\/3134","targetHints":{"allow":["GET"]}}],"collection":[{"href":"https:\/\/anibalsilveira.org\/en\/wp-json\/wp\/v2\/pages"}],"about":[{"href":"https:\/\/anibalsilveira.org\/en\/wp-json\/wp\/v2\/types\/page"}],"author":[{"embeddable":true,"href":"https:\/\/anibalsilveira.org\/en\/wp-json\/wp\/v2\/users\/8"}],"replies":[{"embeddable":true,"href":"https:\/\/anibalsilveira.org\/en\/wp-json\/wp\/v2\/comments?post=3134"}],"version-history":[{"count":1,"href":"https:\/\/anibalsilveira.org\/en\/wp-json\/wp\/v2\/pages\/3134\/revisions"}],"predecessor-version":[{"id":3137,"href":"https:\/\/anibalsilveira.org\/en\/wp-json\/wp\/v2\/pages\/3134\/revisions\/3137"}],"wp:attachment":[{"href":"https:\/\/anibalsilveira.org\/en\/wp-json\/wp\/v2\/media?parent=3134"}],"wp:term":[{"taxonomy":"category","embeddable":true,"href":"https:\/\/anibalsilveira.org\/en\/wp-json\/wp\/v2\/categories?post=3134"},{"taxonomy":"post_tag","embeddable":true,"href":"https:\/\/anibalsilveira.org\/en\/wp-json\/wp\/v2\/tags?post=3134"}],"curies":[{"name":"wp","href":"https:\/\/api.w.org\/{rel}","templated":true}]}}