{"id":3143,"date":"2024-08-19T19:39:19","date_gmt":"2024-08-19T22:39:19","guid":{"rendered":"https:\/\/anibalsilveira.org\/?page_id=3143"},"modified":"2024-08-19T19:39:19","modified_gmt":"2024-08-19T22:39:19","slug":"lucia-coelho","status":"publish","type":"page","link":"https:\/\/anibalsilveira.org\/en\/lucia-coelho\/","title":{"rendered":"L\u00facia Coelho"},"content":{"rendered":"<p>Epilepsia e Personalidade (Psicodiagn\u00f3stico de Rorschach, entrevistas e anamnese heredol\u00f3gica em 102 examinandos). 2.\u00aa ed. rev. e aum. (1.\u00aa ed. em 1975). S\u00e3o Paulo, Editora \u00c1tica, 1980.<\/p>","protected":false},"excerpt":{"rendered":"<p>Epilepsia e Personalidade (Psicodiagn\u00f3stico de Rorschach, entrevistas e anamnese heredol\u00f3gica em 102 examinandos). 2.\u00aa ed. rev. e aum. (1.\u00aa ed. em 1975). S\u00e3o Paulo, Editora \u00c1tica, 1980.<\/p>","protected":false},"author":8,"featured_media":0,"parent":0,"menu_order":0,"comment_status":"closed","ping_status":"closed","template":"","meta":{"footnotes":""},"categories":[],"tags":[],"class_list":["post-3143","page","type-page","status-publish","hentry"],"_links":{"self":[{"href":"https:\/\/anibalsilveira.org\/en\/wp-json\/wp\/v2\/pages\/3143","targetHints":{"allow":["GET"]}}],"collection":[{"href":"https:\/\/anibalsilveira.org\/en\/wp-json\/wp\/v2\/pages"}],"about":[{"href":"https:\/\/anibalsilveira.org\/en\/wp-json\/wp\/v2\/types\/page"}],"author":[{"embeddable":true,"href":"https:\/\/anibalsilveira.org\/en\/wp-json\/wp\/v2\/users\/8"}],"replies":[{"embeddable":true,"href":"https:\/\/anibalsilveira.org\/en\/wp-json\/wp\/v2\/comments?post=3143"}],"version-history":[{"count":1,"href":"https:\/\/anibalsilveira.org\/en\/wp-json\/wp\/v2\/pages\/3143\/revisions"}],"predecessor-version":[{"id":3146,"href":"https:\/\/anibalsilveira.org\/en\/wp-json\/wp\/v2\/pages\/3143\/revisions\/3146"}],"wp:attachment":[{"href":"https:\/\/anibalsilveira.org\/en\/wp-json\/wp\/v2\/media?parent=3143"}],"wp:term":[{"taxonomy":"category","embeddable":true,"href":"https:\/\/anibalsilveira.org\/en\/wp-json\/wp\/v2\/categories?post=3143"},{"taxonomy":"post_tag","embeddable":true,"href":"https:\/\/anibalsilveira.org\/en\/wp-json\/wp\/v2\/tags?post=3143"}],"curies":[{"name":"wp","href":"https:\/\/api.w.org\/{rel}","templated":true}]}}