{"id":3147,"date":"2024-08-19T19:40:06","date_gmt":"2024-08-19T22:40:06","guid":{"rendered":"https:\/\/anibalsilveira.org\/?page_id=3147"},"modified":"2024-08-19T19:40:06","modified_gmt":"2024-08-19T22:40:06","slug":"mogens-schou","status":"publish","type":"page","link":"https:\/\/anibalsilveira.org\/en\/mogens-schou\/","title":{"rendered":"Mogens Schou\u00a0"},"content":{"rendered":"<p>(24\/11\/1918 \u2013 29\/09\/2005). Psiquiatra dinamarqu\u00eas cujas pesquisas com o lithium levou a sua utiliza\u00e7\u00e3o como um tratamento para a doen\u00e7a bipolar. Seu pai foi um psiquiatra e diretor m\u00e9dico de um grande hospital psiqui\u00e1trico. Schou finalizou o curso de Medicina com uma vis\u00e3o espec\u00edfica de fazer investiga\u00e7\u00f5es no campo da doen\u00e7a man\u00edaco depressiva. Ele graduou-se como m\u00e9dico na Universidade de Copenhagem em 1944. Os interesses de pesquisas de Schou se focaram no uso terap\u00eautico do l\u00edtio para pacientes com desordens do humor. A era da psicofarmacologia come\u00e7ou em 1949, com um artigo publicado por John Cade sobre a a\u00e7\u00e3o anti-man\u00edaca observada pelo l\u00edtio, na Austr\u00e1lia. Schou confirmou esses achados num estudo duplo cego com controle de placebo, juntamente com seus colaboradores. No in\u00edcio da d\u00e9cada de 60, G. P. Hartigan, Paul C. Baastrup e Schou fizeram, independentemente, observa\u00e7\u00f5es que sugeriam que o l\u00edtio tamb\u00e9m possu\u00eda propriedades profil\u00e1ticas na doen\u00e7a man\u00edaco-depressiva. Os resultados de v\u00e1rias pesquisas validaram esse fato. Os resultados foram t\u00e3o significativos que conclu\u00edram ser o \u201cl\u00edtio a primeira droga demonstrada como sendo um agente profil\u00e1tico claro contra uma das principais psicoses\u201d. Contudo a hip\u00f3tese da a\u00e7\u00e3o profil\u00e1tica de Schou-Baastrup encontrou grande resist\u00eancia na Psiquiatria Brit\u00e2nica. Para Aubrey Lewis e Michael Shepherd, o l\u00edtio era um perigoso contrassenso. Sheperd, secundado por Harry Blackwell, simplesmente o caracterizaram como \u2018um mito terap\u00eautico\u201d, considerando que o trabalho de Schou e Baastrup era baseado em graves defici\u00eancias metodol\u00f3gicas e afirma\u00e7\u00f5es esp\u00farias. Ap\u00f3s a considera\u00e7\u00e3o dos aspectos \u00e9ticos invocados, Schou e Baastrup empreenderam um estudo duplo-cego de desenho prospectivo-descont\u00ednuo e com distribui\u00e7\u00e3o aleat\u00f3ria dos pacientes man\u00edaco-depressivos (que j\u00e1 faziam uso de l\u00edtio) ao l\u00edtio ou placebo. Ele confirmou sua hip\u00f3tese, o que foi publicado em 1970 no The Lancet. Ele foi um autor com mais de 500 publica\u00e7\u00f5es, incluindo textos, relat\u00f3rios de pesquisas, artigos e cap\u00edtulos de livros. Foi agraciado com diversos pr\u00eamios: 1974 \u2013 International Scientific Kitty Foundation Award (compartilhado com Cade), 1982 \u2013 Pr\u00eamio John Cade Memorial, 1987 \u2013 Pr\u00eamio de pesquisa do Albert Lasker Clinical Medical, 1995 \u2013 International Society of Lithium Research\u2019s Mogens Schou Prize for Lifetime Achievement, 2000 \u2013 C.I.N.P.\u2019s Pioneers in Psychopharmacology Award, 2001 \u2013 International Society for Bipolar\u2019s Mogens Schou, 2004 \u2013 NARSAD Lifetime Achievement Award. Ele recebeu o doutorado honoris causa da Universidade Charles de Praga. Em reconhecimento a suas realiza\u00e7\u00f5es no campo da medicina bipolar, foi feito presidente honor\u00e1rio da Sociedade Internacional de Transtornos Bipolares. (Nota elaborada pelo revisor Roberto Fasano)<\/p>","protected":false},"excerpt":{"rendered":"<p>(24\/11\/1918 \u2013 29\/09\/2005). Psiquiatra dinamarqu\u00eas cujas pesquisas com o lithium levou a sua utiliza\u00e7\u00e3o como um tratamento para a doen\u00e7a bipolar. Seu pai foi um psiquiatra e diretor m\u00e9dico de um grande hospital psiqui\u00e1trico. Schou finalizou o curso de Medicina com uma vis\u00e3o espec\u00edfica de fazer investiga\u00e7\u00f5es no campo da doen\u00e7a man\u00edaco depressiva. Ele graduou-se [&hellip;]<\/p>\n","protected":false},"author":8,"featured_media":0,"parent":0,"menu_order":0,"comment_status":"closed","ping_status":"closed","template":"","meta":{"footnotes":""},"categories":[],"tags":[],"class_list":["post-3147","page","type-page","status-publish","hentry"],"_links":{"self":[{"href":"https:\/\/anibalsilveira.org\/en\/wp-json\/wp\/v2\/pages\/3147","targetHints":{"allow":["GET"]}}],"collection":[{"href":"https:\/\/anibalsilveira.org\/en\/wp-json\/wp\/v2\/pages"}],"about":[{"href":"https:\/\/anibalsilveira.org\/en\/wp-json\/wp\/v2\/types\/page"}],"author":[{"embeddable":true,"href":"https:\/\/anibalsilveira.org\/en\/wp-json\/wp\/v2\/users\/8"}],"replies":[{"embeddable":true,"href":"https:\/\/anibalsilveira.org\/en\/wp-json\/wp\/v2\/comments?post=3147"}],"version-history":[{"count":1,"href":"https:\/\/anibalsilveira.org\/en\/wp-json\/wp\/v2\/pages\/3147\/revisions"}],"predecessor-version":[{"id":3150,"href":"https:\/\/anibalsilveira.org\/en\/wp-json\/wp\/v2\/pages\/3147\/revisions\/3150"}],"wp:attachment":[{"href":"https:\/\/anibalsilveira.org\/en\/wp-json\/wp\/v2\/media?parent=3147"}],"wp:term":[{"taxonomy":"category","embeddable":true,"href":"https:\/\/anibalsilveira.org\/en\/wp-json\/wp\/v2\/categories?post=3147"},{"taxonomy":"post_tag","embeddable":true,"href":"https:\/\/anibalsilveira.org\/en\/wp-json\/wp\/v2\/tags?post=3147"}],"curies":[{"name":"wp","href":"https:\/\/api.w.org\/{rel}","templated":true}]}}