{"id":3156,"date":"2024-08-19T19:40:49","date_gmt":"2024-08-19T22:40:49","guid":{"rendered":"https:\/\/anibalsilveira.org\/?page_id=3156"},"modified":"2024-08-19T19:40:49","modified_gmt":"2024-08-19T22:40:49","slug":"noemio-weniger","status":"publish","type":"page","link":"https:\/\/anibalsilveira.org\/en\/noemio-weniger\/","title":{"rendered":"Noemio Weniger\u00a0"},"content":{"rendered":"<p>(1959). Participa\u00e7\u00e3o do cerebelo na patogenia do c\u00e2ncer . S\u00e3o Paulo: Arquivos de Neuro-Psiquiatria. Comunica\u00e7\u00e3o (Nota pr\u00e9via) publicada nos Arquivos de Neuro-Psiquiatria, Vol.17, n. \u00ba2, 215-223 \u2013 junho de 1959 \u2013 Edi\u00e7\u00e3o comemorativa do anivers\u00e1rio de Kleist.<\/p>","protected":false},"excerpt":{"rendered":"<p>(1959). Participa\u00e7\u00e3o do cerebelo na patogenia do c\u00e2ncer . S\u00e3o Paulo: Arquivos de Neuro-Psiquiatria. Comunica\u00e7\u00e3o (Nota pr\u00e9via) publicada nos Arquivos de Neuro-Psiquiatria, Vol.17, n. \u00ba2, 215-223 \u2013 junho de 1959 \u2013 Edi\u00e7\u00e3o comemorativa do anivers\u00e1rio de Kleist.<\/p>","protected":false},"author":8,"featured_media":0,"parent":0,"menu_order":0,"comment_status":"closed","ping_status":"closed","template":"","meta":{"footnotes":""},"categories":[],"tags":[],"class_list":["post-3156","page","type-page","status-publish","hentry"],"_links":{"self":[{"href":"https:\/\/anibalsilveira.org\/en\/wp-json\/wp\/v2\/pages\/3156","targetHints":{"allow":["GET"]}}],"collection":[{"href":"https:\/\/anibalsilveira.org\/en\/wp-json\/wp\/v2\/pages"}],"about":[{"href":"https:\/\/anibalsilveira.org\/en\/wp-json\/wp\/v2\/types\/page"}],"author":[{"embeddable":true,"href":"https:\/\/anibalsilveira.org\/en\/wp-json\/wp\/v2\/users\/8"}],"replies":[{"embeddable":true,"href":"https:\/\/anibalsilveira.org\/en\/wp-json\/wp\/v2\/comments?post=3156"}],"version-history":[{"count":1,"href":"https:\/\/anibalsilveira.org\/en\/wp-json\/wp\/v2\/pages\/3156\/revisions"}],"predecessor-version":[{"id":3159,"href":"https:\/\/anibalsilveira.org\/en\/wp-json\/wp\/v2\/pages\/3156\/revisions\/3159"}],"wp:attachment":[{"href":"https:\/\/anibalsilveira.org\/en\/wp-json\/wp\/v2\/media?parent=3156"}],"wp:term":[{"taxonomy":"category","embeddable":true,"href":"https:\/\/anibalsilveira.org\/en\/wp-json\/wp\/v2\/categories?post=3156"},{"taxonomy":"post_tag","embeddable":true,"href":"https:\/\/anibalsilveira.org\/en\/wp-json\/wp\/v2\/tags?post=3156"}],"curies":[{"name":"wp","href":"https:\/\/api.w.org\/{rel}","templated":true}]}}