{"id":3161,"date":"2024-08-19T19:41:16","date_gmt":"2024-08-19T22:41:16","guid":{"rendered":"https:\/\/anibalsilveira.org\/?page_id=3161"},"modified":"2024-08-19T19:41:16","modified_gmt":"2024-08-19T22:41:16","slug":"otmar-freiherr-von-verschuer","status":"publish","type":"page","link":"https:\/\/anibalsilveira.org\/en\/otmar-freiherr-von-verschuer\/","title":{"rendered":"Otmar Freiherr von Verschuer\u00a0"},"content":{"rendered":"<p>(16 de julho de 1896 &#8211; 8 de agosto de 1969) foi um bi\u00f3logo humano e geneticista alem\u00e3o, professor de Gen\u00e9tica Humana na Universidade de M\u00fcnster at\u00e9 se aposentar em 1965. Membro da fam\u00edlia nobre holandesa Verschuer, seu t\u00edtulo Freiherr \u00e9 frequentemente traduzido como bar\u00e3o. Verschuer foi diretor do Instituto de Biologia Gen\u00e9tica e Higiene Racial de 1935 a 1942 e diretor do Instituto Kaiser Wilhelm de Antropologia, Hereditariedade Humana e Eugenia (KWI-A) de 1942 a 1948. De 1951 a 1965, foi professor de Gen\u00e9tica Humana na Universidade de M\u00fcnster, onde tamb\u00e9m atuou como Reitor da Faculdade de Medicina. Em M\u00fcnster, ele estabeleceu um dos maiores centros de pesquisa gen\u00e9tica na Alemanha Ocidental e permaneceu como um dos pesquisadores gen\u00e9ticos mais proeminentes do mundo at\u00e9 sua morte. Tornou-se professor em\u00e9rito em 1965; ele recebeu in\u00fameras participa\u00e7\u00f5es em sociedades eruditas. Em 1952 foi eleito Presidente da Associa\u00e7\u00e3o Antropol\u00f3gica Alem\u00e3. Seu filho Helmut von Verschuer era um alto funcion\u00e1rio da Comiss\u00e3o Europeia. Verschuer nunca foi julgado por crimes de guerra, apesar de muitas indica\u00e7\u00f5es de que n\u00e3o apenas ele estava totalmente ciente do trabalho de Mengele em Auschwitz, mas tamb\u00e9m encorajou e colaborou com Mengele. Em um relat\u00f3rio ao Conselho de Pesquisa Alem\u00e3o (Deutsche Forschungsgemeinschaft; DFG) de 1944, Verschuer falou sobre a assist\u00eancia de Mengele em fornecer ao KWI-A alguns &#8220;materiais cient\u00edficos&#8221; de Auschwitz. Estas informa\u00e7\u00f5es s\u00e3o muito desabonadoras. (informa\u00e7\u00f5es retiradas da Wikipedia)<\/p>","protected":false},"excerpt":{"rendered":"<p>(16 de julho de 1896 &#8211; 8 de agosto de 1969) foi um bi\u00f3logo humano e geneticista alem\u00e3o, professor de Gen\u00e9tica Humana na Universidade de M\u00fcnster at\u00e9 se aposentar em 1965. Membro da fam\u00edlia nobre holandesa Verschuer, seu t\u00edtulo Freiherr \u00e9 frequentemente traduzido como bar\u00e3o. Verschuer foi diretor do Instituto de Biologia Gen\u00e9tica e Higiene [&hellip;]<\/p>\n","protected":false},"author":8,"featured_media":0,"parent":0,"menu_order":0,"comment_status":"closed","ping_status":"closed","template":"","meta":{"footnotes":""},"categories":[],"tags":[],"class_list":["post-3161","page","type-page","status-publish","hentry"],"_links":{"self":[{"href":"https:\/\/anibalsilveira.org\/en\/wp-json\/wp\/v2\/pages\/3161","targetHints":{"allow":["GET"]}}],"collection":[{"href":"https:\/\/anibalsilveira.org\/en\/wp-json\/wp\/v2\/pages"}],"about":[{"href":"https:\/\/anibalsilveira.org\/en\/wp-json\/wp\/v2\/types\/page"}],"author":[{"embeddable":true,"href":"https:\/\/anibalsilveira.org\/en\/wp-json\/wp\/v2\/users\/8"}],"replies":[{"embeddable":true,"href":"https:\/\/anibalsilveira.org\/en\/wp-json\/wp\/v2\/comments?post=3161"}],"version-history":[{"count":1,"href":"https:\/\/anibalsilveira.org\/en\/wp-json\/wp\/v2\/pages\/3161\/revisions"}],"predecessor-version":[{"id":3164,"href":"https:\/\/anibalsilveira.org\/en\/wp-json\/wp\/v2\/pages\/3161\/revisions\/3164"}],"wp:attachment":[{"href":"https:\/\/anibalsilveira.org\/en\/wp-json\/wp\/v2\/media?parent=3161"}],"wp:term":[{"taxonomy":"category","embeddable":true,"href":"https:\/\/anibalsilveira.org\/en\/wp-json\/wp\/v2\/categories?post=3161"},{"taxonomy":"post_tag","embeddable":true,"href":"https:\/\/anibalsilveira.org\/en\/wp-json\/wp\/v2\/tags?post=3161"}],"curies":[{"name":"wp","href":"https:\/\/api.w.org\/{rel}","templated":true}]}}