{"id":3170,"date":"2024-08-19T19:42:12","date_gmt":"2024-08-19T22:42:12","guid":{"rendered":"https:\/\/anibalsilveira.org\/?page_id=3170"},"modified":"2024-08-19T19:42:12","modified_gmt":"2024-08-19T22:42:12","slug":"psicoses-diateticas","status":"publish","type":"page","link":"https:\/\/anibalsilveira.org\/en\/psicoses-diateticas\/","title":{"rendered":"Psicoses diat\u00e9ticas"},"content":{"rendered":"<p>O termo psicose diat\u00e9tica foi cunhado por An\u00edbal Silveira para substituir o termo kleistiano \u201cPsicoses degenerativas\u201d. A proposta foi aceita pelo pr\u00f3prio Karl Kleist.<\/p>","protected":false},"excerpt":{"rendered":"<p>O termo psicose diat\u00e9tica foi cunhado por An\u00edbal Silveira para substituir o termo kleistiano \u201cPsicoses degenerativas\u201d. A proposta foi aceita pelo pr\u00f3prio Karl Kleist.<\/p>","protected":false},"author":8,"featured_media":0,"parent":0,"menu_order":0,"comment_status":"closed","ping_status":"closed","template":"","meta":{"footnotes":""},"categories":[],"tags":[],"class_list":["post-3170","page","type-page","status-publish","hentry"],"_links":{"self":[{"href":"https:\/\/anibalsilveira.org\/en\/wp-json\/wp\/v2\/pages\/3170","targetHints":{"allow":["GET"]}}],"collection":[{"href":"https:\/\/anibalsilveira.org\/en\/wp-json\/wp\/v2\/pages"}],"about":[{"href":"https:\/\/anibalsilveira.org\/en\/wp-json\/wp\/v2\/types\/page"}],"author":[{"embeddable":true,"href":"https:\/\/anibalsilveira.org\/en\/wp-json\/wp\/v2\/users\/8"}],"replies":[{"embeddable":true,"href":"https:\/\/anibalsilveira.org\/en\/wp-json\/wp\/v2\/comments?post=3170"}],"version-history":[{"count":1,"href":"https:\/\/anibalsilveira.org\/en\/wp-json\/wp\/v2\/pages\/3170\/revisions"}],"predecessor-version":[{"id":3174,"href":"https:\/\/anibalsilveira.org\/en\/wp-json\/wp\/v2\/pages\/3170\/revisions\/3174"}],"wp:attachment":[{"href":"https:\/\/anibalsilveira.org\/en\/wp-json\/wp\/v2\/media?parent=3170"}],"wp:term":[{"taxonomy":"category","embeddable":true,"href":"https:\/\/anibalsilveira.org\/en\/wp-json\/wp\/v2\/categories?post=3170"},{"taxonomy":"post_tag","embeddable":true,"href":"https:\/\/anibalsilveira.org\/en\/wp-json\/wp\/v2\/tags?post=3170"}],"curies":[{"name":"wp","href":"https:\/\/api.w.org\/{rel}","templated":true}]}}