{"id":3181,"date":"2024-08-19T19:42:59","date_gmt":"2024-08-19T22:42:59","guid":{"rendered":"https:\/\/anibalsilveira.org\/?page_id=3181"},"modified":"2024-08-19T19:42:59","modified_gmt":"2024-08-19T22:42:59","slug":"pneumoencefalograma","status":"publish","type":"page","link":"https:\/\/anibalsilveira.org\/en\/pneumoencefalograma\/","title":{"rendered":"Pneumoencefalograma"},"content":{"rendered":"<p>Atualmente n\u00e3o se utiliza mais a Pneumoencefalografia j\u00e1 que dispomos de outros exames de imagens muito mais eficientes e precisos, tais como a Tomografia Computadorizada do Cr\u00e2nio ou a Resson\u00e2ncia Magn\u00e9tica do Enc\u00e9falo. (Nota dos revisores)<\/p>","protected":false},"excerpt":{"rendered":"<p>Atualmente n\u00e3o se utiliza mais a Pneumoencefalografia j\u00e1 que dispomos de outros exames de imagens muito mais eficientes e precisos, tais como a Tomografia Computadorizada do Cr\u00e2nio ou a Resson\u00e2ncia Magn\u00e9tica do Enc\u00e9falo. (Nota dos revisores)<\/p>","protected":false},"author":8,"featured_media":0,"parent":0,"menu_order":0,"comment_status":"closed","ping_status":"closed","template":"","meta":{"footnotes":""},"categories":[],"tags":[],"class_list":["post-3181","page","type-page","status-publish","hentry"],"_links":{"self":[{"href":"https:\/\/anibalsilveira.org\/en\/wp-json\/wp\/v2\/pages\/3181","targetHints":{"allow":["GET"]}}],"collection":[{"href":"https:\/\/anibalsilveira.org\/en\/wp-json\/wp\/v2\/pages"}],"about":[{"href":"https:\/\/anibalsilveira.org\/en\/wp-json\/wp\/v2\/types\/page"}],"author":[{"embeddable":true,"href":"https:\/\/anibalsilveira.org\/en\/wp-json\/wp\/v2\/users\/8"}],"replies":[{"embeddable":true,"href":"https:\/\/anibalsilveira.org\/en\/wp-json\/wp\/v2\/comments?post=3181"}],"version-history":[{"count":1,"href":"https:\/\/anibalsilveira.org\/en\/wp-json\/wp\/v2\/pages\/3181\/revisions"}],"predecessor-version":[{"id":3184,"href":"https:\/\/anibalsilveira.org\/en\/wp-json\/wp\/v2\/pages\/3181\/revisions\/3184"}],"wp:attachment":[{"href":"https:\/\/anibalsilveira.org\/en\/wp-json\/wp\/v2\/media?parent=3181"}],"wp:term":[{"taxonomy":"category","embeddable":true,"href":"https:\/\/anibalsilveira.org\/en\/wp-json\/wp\/v2\/categories?post=3181"},{"taxonomy":"post_tag","embeddable":true,"href":"https:\/\/anibalsilveira.org\/en\/wp-json\/wp\/v2\/tags?post=3181"}],"curies":[{"name":"wp","href":"https:\/\/api.w.org\/{rel}","templated":true}]}}