{"id":3186,"date":"2024-08-19T19:43:22","date_gmt":"2024-08-19T22:43:22","guid":{"rendered":"https:\/\/anibalsilveira.org\/?page_id=3186"},"modified":"2024-08-19T19:43:22","modified_gmt":"2024-08-19T22:43:22","slug":"pocao-de-todd","status":"publish","type":"page","link":"https:\/\/anibalsilveira.org\/en\/pocao-de-todd\/","title":{"rendered":"Po\u00e7\u00e3o de Todd"},"content":{"rendered":"<p>Po\u00e7\u00e3o t\u00f3nica que \u00e9 constitu\u00edda por uma mistura de 5 g de tintura de canela, 40 g de aguardente, 30 g de xarope simples e 75 g de \u00e1gua.<\/p>","protected":false},"excerpt":{"rendered":"<p>Po\u00e7\u00e3o t\u00f3nica que \u00e9 constitu\u00edda por uma mistura de 5 g de tintura de canela, 40 g de aguardente, 30 g de xarope simples e 75 g de \u00e1gua.<\/p>","protected":false},"author":8,"featured_media":0,"parent":0,"menu_order":0,"comment_status":"closed","ping_status":"closed","template":"","meta":{"footnotes":""},"categories":[],"tags":[],"class_list":["post-3186","page","type-page","status-publish","hentry"],"_links":{"self":[{"href":"https:\/\/anibalsilveira.org\/en\/wp-json\/wp\/v2\/pages\/3186","targetHints":{"allow":["GET"]}}],"collection":[{"href":"https:\/\/anibalsilveira.org\/en\/wp-json\/wp\/v2\/pages"}],"about":[{"href":"https:\/\/anibalsilveira.org\/en\/wp-json\/wp\/v2\/types\/page"}],"author":[{"embeddable":true,"href":"https:\/\/anibalsilveira.org\/en\/wp-json\/wp\/v2\/users\/8"}],"replies":[{"embeddable":true,"href":"https:\/\/anibalsilveira.org\/en\/wp-json\/wp\/v2\/comments?post=3186"}],"version-history":[{"count":1,"href":"https:\/\/anibalsilveira.org\/en\/wp-json\/wp\/v2\/pages\/3186\/revisions"}],"predecessor-version":[{"id":3189,"href":"https:\/\/anibalsilveira.org\/en\/wp-json\/wp\/v2\/pages\/3186\/revisions\/3189"}],"wp:attachment":[{"href":"https:\/\/anibalsilveira.org\/en\/wp-json\/wp\/v2\/media?parent=3186"}],"wp:term":[{"taxonomy":"category","embeddable":true,"href":"https:\/\/anibalsilveira.org\/en\/wp-json\/wp\/v2\/categories?post=3186"},{"taxonomy":"post_tag","embeddable":true,"href":"https:\/\/anibalsilveira.org\/en\/wp-json\/wp\/v2\/tags?post=3186"}],"curies":[{"name":"wp","href":"https:\/\/api.w.org\/{rel}","templated":true}]}}