{"id":3200,"date":"2024-08-19T19:44:38","date_gmt":"2024-08-19T22:44:38","guid":{"rendered":"https:\/\/anibalsilveira.org\/?page_id=3200"},"modified":"2024-08-19T19:44:38","modified_gmt":"2024-08-19T22:44:38","slug":"rudin","status":"publish","type":"page","link":"https:\/\/anibalsilveira.org\/en\/rudin\/","title":{"rendered":"Rudin"},"content":{"rendered":"<p>Citar R\u00fcdin \u00e9 uma situa\u00e7\u00e3o muito controversa j\u00e1 que este geneticista e psiquiatra foi filiado ao partido nazista e tamb\u00e9m respons\u00e1vel, n\u00e3o diretamente, mas ideologicamente pelas pol\u00edticas do Comit\u00ea de Especialistas em Quest\u00f5es de Popula\u00e7\u00e3o e Pol\u00edtica Racial sob o ministro do Interior do Reich, Wilhelm Frick.\u00a0 As ideias do comit\u00ea foram usadas como base cient\u00edfica para justificar a pol\u00edtica racial da Alemanha nazista e sua \u201cLei para Preven\u00e7\u00e3o de Filhos com Doen\u00e7as Heredit\u00e1rias\u201d que foi aprovada pelo governo alem\u00e3o em 1. \u00b0 de janeiro de 1934. R\u00fcdin era um defensor t\u00e3o \u00e1vido que seus colegas o apelidaram de \u201cReichsf\u00fchrer para esteriliza\u00e7\u00e3o\u201d. Essas conex\u00f5es de R\u00fcdin com os nazistas foram uma das principais raz\u00f5es para as cr\u00edticas \u00e0 gen\u00e9tica psiqui\u00e1trica na Alemanha depois de 1945. H\u00e1 muitos que afirmam que R\u00fcden n\u00e3o era tanto um nazista fan\u00e1tico, quanto um geneticista fan\u00e1tico. Ele dirigiu, ap\u00f3s a morte de Kraepelin a dire\u00e7\u00e3o de todo seu instituto, que logo ganhou reputa\u00e7\u00e3o internacional como o principal centro de pesquisa psiqui\u00e1trica, inclusive em gen\u00e9tica heredit\u00e1ria. Isto, na Sui\u00e7a, na Universidade de Basileia. Em 1928, com um or\u00e7amento expandido e com um novo pr\u00e9dio, retorna ao Instituto, financiado principalmente pela American Rockefeller Foundation. O Instituto logo ganhou reputa\u00e7\u00e3o internacional como o principal centro de pesquisa psiqui\u00e1trica, inclusive em gen\u00e9tica heredit\u00e1raia. A American Rockefeller Foudation financiou v\u00e1rios pesquisadores internacionais para visitar e trabalhar no departamento de gen\u00e9tica psiqui\u00e1trica de R\u00fcdin, at\u00e9 mesmo em 1939. Entre eles estava Eliot Slater e Erik Stromgren, reconhecidos como os pais fundadores da gen\u00e9tica psiqui\u00e1trica na Gr\u00e3-Bretanha e na Escandin\u00e1via, bem como Franz Josef Kallmann, que se tornou uma figura importante na pesquisa de g\u00eameos nos Estados Unidos depois de emigrar em 1936. Aqueles que escreveram sobre a gen\u00e9tica psiqui\u00e1trica alem\u00e3 no per\u00edodo nazista, mas n\u00e3o mencionam R\u00fcdin ou o colocam sob uma luz favor\u00e1vel, reconhecem que R\u00fcdin ajudou promover a esteriliza\u00e7\u00e3o eug\u00eanica e pode ter trabalhado com os nazistas, mas geralmente pintam um quadro positivo da pesquisa gen\u00e9tica de R\u00fcdin e, evitam mencionar sua participa\u00e7\u00e3o no programa de matan\u00e7a de \u201ceutan\u00e1sia\u201d e h\u00e1 aqueles que escreveram que R\u00fcdin cometeu e apoiou atos de indescrit\u00edveis atrocidades. Sem querer em momento algum justificar as suas posi\u00e7\u00f5es pol\u00edticas e op\u00e7\u00f5es eticamente critic\u00e1veis, julgamos importante tamb\u00e9m reconhecer as contribui\u00e7\u00f5es que sempre dever\u00e3o ser avaliadas com vis\u00e3o muito cr\u00edtica e expurgadas de concep\u00e7\u00f5es ideol\u00f3gicas. Ali\u00e1s, em 1945, R\u00fcdin perdeu a cidadania su\u00ed\u00e7a, que mantinha em conjunto com a alem\u00e3o desde 1912 e dois meses depois foi colocado em pris\u00e3o domiciliar pelo Governo Militar de Munique. No entanto, emigrado nos Estados Unidos, ele foi libertado em 1947 ap\u00f3s um julgamento de \u201cdesnazifica\u00e7\u00e3o\u201d, onde foi apoiado pelo ex-colega Kallmann (ele pr\u00f3prio um eugenista) e pelo famoso f\u00edsico qu\u00e2ntico Max Planck. Sua \u00fanica puni\u00e7\u00e3o foi uma multa de 500 R.M. A hist\u00f3ria \u00e9 sempre contada pelos vencedores e a verdade nunca \u00e9 preto no branco.<\/p>","protected":false},"excerpt":{"rendered":"<p>Citar R\u00fcdin \u00e9 uma situa\u00e7\u00e3o muito controversa j\u00e1 que este geneticista e psiquiatra foi filiado ao partido nazista e tamb\u00e9m respons\u00e1vel, n\u00e3o diretamente, mas ideologicamente pelas pol\u00edticas do Comit\u00ea de Especialistas em Quest\u00f5es de Popula\u00e7\u00e3o e Pol\u00edtica Racial sob o ministro do Interior do Reich, Wilhelm Frick.\u00a0 As ideias do comit\u00ea foram usadas como base [&hellip;]<\/p>\n","protected":false},"author":8,"featured_media":0,"parent":0,"menu_order":0,"comment_status":"closed","ping_status":"closed","template":"","meta":{"footnotes":""},"categories":[],"tags":[],"class_list":["post-3200","page","type-page","status-publish","hentry"],"_links":{"self":[{"href":"https:\/\/anibalsilveira.org\/en\/wp-json\/wp\/v2\/pages\/3200","targetHints":{"allow":["GET"]}}],"collection":[{"href":"https:\/\/anibalsilveira.org\/en\/wp-json\/wp\/v2\/pages"}],"about":[{"href":"https:\/\/anibalsilveira.org\/en\/wp-json\/wp\/v2\/types\/page"}],"author":[{"embeddable":true,"href":"https:\/\/anibalsilveira.org\/en\/wp-json\/wp\/v2\/users\/8"}],"replies":[{"embeddable":true,"href":"https:\/\/anibalsilveira.org\/en\/wp-json\/wp\/v2\/comments?post=3200"}],"version-history":[{"count":1,"href":"https:\/\/anibalsilveira.org\/en\/wp-json\/wp\/v2\/pages\/3200\/revisions"}],"predecessor-version":[{"id":3203,"href":"https:\/\/anibalsilveira.org\/en\/wp-json\/wp\/v2\/pages\/3200\/revisions\/3203"}],"wp:attachment":[{"href":"https:\/\/anibalsilveira.org\/en\/wp-json\/wp\/v2\/media?parent=3200"}],"wp:term":[{"taxonomy":"category","embeddable":true,"href":"https:\/\/anibalsilveira.org\/en\/wp-json\/wp\/v2\/categories?post=3200"},{"taxonomy":"post_tag","embeddable":true,"href":"https:\/\/anibalsilveira.org\/en\/wp-json\/wp\/v2\/tags?post=3200"}],"curies":[{"name":"wp","href":"https:\/\/api.w.org\/{rel}","templated":true}]}}