{"id":3205,"date":"2024-08-19T19:45:03","date_gmt":"2024-08-19T22:45:03","guid":{"rendered":"https:\/\/anibalsilveira.org\/?page_id=3205"},"modified":"2024-08-19T19:45:03","modified_gmt":"2024-08-19T22:45:03","slug":"spartaco-vizzoto","status":"publish","type":"page","link":"https:\/\/anibalsilveira.org\/en\/spartaco-vizzoto\/","title":{"rendered":"Spartaco Vizzoto"},"content":{"rendered":"<p>M\u00e9dico psiquiatra, um dos disc\u00edpulos de An\u00edbal Silveira com quem trabalhou no Hospital de Juquery em meados do s\u00e9culo passado.<\/p>","protected":false},"excerpt":{"rendered":"<p>M\u00e9dico psiquiatra, um dos disc\u00edpulos de An\u00edbal Silveira com quem trabalhou no Hospital de Juquery em meados do s\u00e9culo passado.<\/p>","protected":false},"author":8,"featured_media":0,"parent":0,"menu_order":0,"comment_status":"closed","ping_status":"closed","template":"","meta":{"footnotes":""},"categories":[],"tags":[],"class_list":["post-3205","page","type-page","status-publish","hentry"],"_links":{"self":[{"href":"https:\/\/anibalsilveira.org\/en\/wp-json\/wp\/v2\/pages\/3205","targetHints":{"allow":["GET"]}}],"collection":[{"href":"https:\/\/anibalsilveira.org\/en\/wp-json\/wp\/v2\/pages"}],"about":[{"href":"https:\/\/anibalsilveira.org\/en\/wp-json\/wp\/v2\/types\/page"}],"author":[{"embeddable":true,"href":"https:\/\/anibalsilveira.org\/en\/wp-json\/wp\/v2\/users\/8"}],"replies":[{"embeddable":true,"href":"https:\/\/anibalsilveira.org\/en\/wp-json\/wp\/v2\/comments?post=3205"}],"version-history":[{"count":1,"href":"https:\/\/anibalsilveira.org\/en\/wp-json\/wp\/v2\/pages\/3205\/revisions"}],"predecessor-version":[{"id":3208,"href":"https:\/\/anibalsilveira.org\/en\/wp-json\/wp\/v2\/pages\/3205\/revisions\/3208"}],"wp:attachment":[{"href":"https:\/\/anibalsilveira.org\/en\/wp-json\/wp\/v2\/media?parent=3205"}],"wp:term":[{"taxonomy":"category","embeddable":true,"href":"https:\/\/anibalsilveira.org\/en\/wp-json\/wp\/v2\/categories?post=3205"},{"taxonomy":"post_tag","embeddable":true,"href":"https:\/\/anibalsilveira.org\/en\/wp-json\/wp\/v2\/tags?post=3205"}],"curies":[{"name":"wp","href":"https:\/\/api.w.org\/{rel}","templated":true}]}}