{"id":3210,"date":"2024-08-19T19:45:26","date_gmt":"2024-08-19T22:45:26","guid":{"rendered":"https:\/\/anibalsilveira.org\/?page_id=3210"},"modified":"2024-08-19T19:45:26","modified_gmt":"2024-08-19T22:45:26","slug":"theodor-hermann-meynert","status":"publish","type":"page","link":"https:\/\/anibalsilveira.org\/en\/theodor-hermann-meynert\/","title":{"rendered":"Theodor Hermann Meynert\u00a0"},"content":{"rendered":"<p>(Dresden, 15 de junho de 1833 \u2013 Closterneuburg, 31 de maio de 1892) foi um psiquiatra austr\u00edaco do s\u00e9culo XIX. Grande anatomista do c\u00e9rebro, inspirou-se no modelo herbartiano para diferenciar o c\u00f3rtex superior, do qual fez uma inst\u00e2ncia socializada, do c\u00f3rtex inferior, de natureza primitiva ou arcaica. Essa descri\u00e7\u00e3o lhe possibilitou formular, depois de Wilhelm Griesinger (1817-1869), a hip\u00f3tese de um \u201ceu\u201d prim\u00e1rio de um \u201ceu\u201d secund\u00e1rio, que seria retomada por Freud em 1895, no seu \u201cProjeto para uma psicologia cient\u00edfica\u201d, e depois pelos fundadores da Ego Psychology. Segundo Meynert, o \u201ceu\u201d prim\u00e1rio era a parte geneticamente primeira e inconsciente da vida mental, que se manifestava no momento em que a crian\u00e7a tomava consci\u00eancia da separa\u00e7\u00e3o entre o seu corpo e o ambiente. O \u201ceu\u201d secund\u00e1rio era, ao contr\u00e1rio, o instrumento de um controle da percep\u00e7\u00e3o.<\/p>","protected":false},"excerpt":{"rendered":"<p>(Dresden, 15 de junho de 1833 \u2013 Closterneuburg, 31 de maio de 1892) foi um psiquiatra austr\u00edaco do s\u00e9culo XIX. Grande anatomista do c\u00e9rebro, inspirou-se no modelo herbartiano para diferenciar o c\u00f3rtex superior, do qual fez uma inst\u00e2ncia socializada, do c\u00f3rtex inferior, de natureza primitiva ou arcaica. Essa descri\u00e7\u00e3o lhe possibilitou formular, depois de Wilhelm [&hellip;]<\/p>\n","protected":false},"author":8,"featured_media":0,"parent":0,"menu_order":0,"comment_status":"closed","ping_status":"closed","template":"","meta":{"footnotes":""},"categories":[],"tags":[],"class_list":["post-3210","page","type-page","status-publish","hentry"],"_links":{"self":[{"href":"https:\/\/anibalsilveira.org\/en\/wp-json\/wp\/v2\/pages\/3210","targetHints":{"allow":["GET"]}}],"collection":[{"href":"https:\/\/anibalsilveira.org\/en\/wp-json\/wp\/v2\/pages"}],"about":[{"href":"https:\/\/anibalsilveira.org\/en\/wp-json\/wp\/v2\/types\/page"}],"author":[{"embeddable":true,"href":"https:\/\/anibalsilveira.org\/en\/wp-json\/wp\/v2\/users\/8"}],"replies":[{"embeddable":true,"href":"https:\/\/anibalsilveira.org\/en\/wp-json\/wp\/v2\/comments?post=3210"}],"version-history":[{"count":1,"href":"https:\/\/anibalsilveira.org\/en\/wp-json\/wp\/v2\/pages\/3210\/revisions"}],"predecessor-version":[{"id":3213,"href":"https:\/\/anibalsilveira.org\/en\/wp-json\/wp\/v2\/pages\/3210\/revisions\/3213"}],"wp:attachment":[{"href":"https:\/\/anibalsilveira.org\/en\/wp-json\/wp\/v2\/media?parent=3210"}],"wp:term":[{"taxonomy":"category","embeddable":true,"href":"https:\/\/anibalsilveira.org\/en\/wp-json\/wp\/v2\/categories?post=3210"},{"taxonomy":"post_tag","embeddable":true,"href":"https:\/\/anibalsilveira.org\/en\/wp-json\/wp\/v2\/tags?post=3210"}],"curies":[{"name":"wp","href":"https:\/\/api.w.org\/{rel}","templated":true}]}}