{"id":3224,"date":"2024-08-19T19:46:41","date_gmt":"2024-08-19T22:46:41","guid":{"rendered":"https:\/\/anibalsilveira.org\/?page_id=3224"},"modified":"2024-08-19T19:46:41","modified_gmt":"2024-08-19T22:46:41","slug":"walther-spielmeyer","status":"publish","type":"page","link":"https:\/\/anibalsilveira.org\/en\/walther-spielmeyer\/","title":{"rendered":"Walther Spielmeyer"},"content":{"rendered":"<p>(23 de abril de 1879 \u2013 6 de fevereiro de 1935) foi um neuropatologista alem\u00e3o natural de Dessau. Estudou medicina na Universidade de Hale onde foi influenciado pelo trabalho dos psiquiatras Karl Heilbronner (1869-1914), Gustav Aschaffenburg (1866-1944) e pelo patologista Karl Joseph Eberth (1835-1926). Foi assistente de Alfred Hoche (1865-1943 em Freiburg. Por sugest\u00e3o de Emil Kraepelin, sucedeu a Alois Alzheimer (1864-1915) como diretor do Anatomischs Laboratorium der Psychiatrischen Und Nervenklivik em Munique. L\u00e1 trabalhou com Franz Nissl (1860-1919) e com Felix Plaut (1877-1940). Em 1928 a Funda\u00e7\u00e3o Rockefeller financiou o Kaiser Wilherm Institute com Spielmeyer como diretor do Hirnpathologisches Institut. Morreu de tuberculose pulmonar em 6 de fevereiro de 1935.<\/p>","protected":false},"excerpt":{"rendered":"<p>(23 de abril de 1879 \u2013 6 de fevereiro de 1935) foi um neuropatologista alem\u00e3o natural de Dessau. Estudou medicina na Universidade de Hale onde foi influenciado pelo trabalho dos psiquiatras Karl Heilbronner (1869-1914), Gustav Aschaffenburg (1866-1944) e pelo patologista Karl Joseph Eberth (1835-1926). Foi assistente de Alfred Hoche (1865-1943 em Freiburg. Por sugest\u00e3o de [&hellip;]<\/p>\n","protected":false},"author":8,"featured_media":0,"parent":0,"menu_order":0,"comment_status":"closed","ping_status":"closed","template":"","meta":{"footnotes":""},"categories":[],"tags":[],"class_list":["post-3224","page","type-page","status-publish","hentry"],"_links":{"self":[{"href":"https:\/\/anibalsilveira.org\/en\/wp-json\/wp\/v2\/pages\/3224","targetHints":{"allow":["GET"]}}],"collection":[{"href":"https:\/\/anibalsilveira.org\/en\/wp-json\/wp\/v2\/pages"}],"about":[{"href":"https:\/\/anibalsilveira.org\/en\/wp-json\/wp\/v2\/types\/page"}],"author":[{"embeddable":true,"href":"https:\/\/anibalsilveira.org\/en\/wp-json\/wp\/v2\/users\/8"}],"replies":[{"embeddable":true,"href":"https:\/\/anibalsilveira.org\/en\/wp-json\/wp\/v2\/comments?post=3224"}],"version-history":[{"count":1,"href":"https:\/\/anibalsilveira.org\/en\/wp-json\/wp\/v2\/pages\/3224\/revisions"}],"predecessor-version":[{"id":3227,"href":"https:\/\/anibalsilveira.org\/en\/wp-json\/wp\/v2\/pages\/3224\/revisions\/3227"}],"wp:attachment":[{"href":"https:\/\/anibalsilveira.org\/en\/wp-json\/wp\/v2\/media?parent=3224"}],"wp:term":[{"taxonomy":"category","embeddable":true,"href":"https:\/\/anibalsilveira.org\/en\/wp-json\/wp\/v2\/categories?post=3224"},{"taxonomy":"post_tag","embeddable":true,"href":"https:\/\/anibalsilveira.org\/en\/wp-json\/wp\/v2\/tags?post=3224"}],"curies":[{"name":"wp","href":"https:\/\/api.w.org\/{rel}","templated":true}]}}