{"id":3229,"date":"2024-08-19T19:47:02","date_gmt":"2024-08-19T22:47:02","guid":{"rendered":"https:\/\/anibalsilveira.org\/?page_id=3229"},"modified":"2024-08-19T19:47:02","modified_gmt":"2024-08-19T22:47:02","slug":"wilhelm-griesinger","status":"publish","type":"page","link":"https:\/\/anibalsilveira.org\/en\/wilhelm-griesinger\/","title":{"rendered":"Wilhelm Griesinger"},"content":{"rendered":"<p>(29 de julho de 1817 \u2013 26 de outubro de 1868 foi um neurologista e psiquiatra alem\u00e3o nascido em Stuttgart. Ele estudou com Johann Lukas Sch\u00f6nlein na Universidade de Zurique como o fisiologista Fran\u00e7ois Magendie em Paris. Em 1845, Griesinger publicou seu influente livro Die Pathologie und Therapie der psychischen Krankheiten. Em 1865 mudou-se para Berlim, onde sucedeu a Moritz Heinrich Romberg (1795\u20131873) como diretor da policl\u00ednica da universidade Charit\u00e9. Em Berlim, fundou uma sociedade m\u00e9dico-psicol\u00f3gica, a Berliner Medicinisch-psychologische Gesellschaft, e estabeleceu um influente jornal psiqui\u00e1trico, o Archiv f\u00fcr Psychiatrie und Nervenkrankheiten. Em 1868, foi eleito membro estrangeiro da Real Academia Sueca de Ci\u00eancias. Ele morreu em Berlim.<\/p>","protected":false},"excerpt":{"rendered":"<p>(29 de julho de 1817 \u2013 26 de outubro de 1868 foi um neurologista e psiquiatra alem\u00e3o nascido em Stuttgart. Ele estudou com Johann Lukas Sch\u00f6nlein na Universidade de Zurique como o fisiologista Fran\u00e7ois Magendie em Paris. Em 1845, Griesinger publicou seu influente livro Die Pathologie und Therapie der psychischen Krankheiten. Em 1865 mudou-se para [&hellip;]<\/p>\n","protected":false},"author":8,"featured_media":0,"parent":0,"menu_order":0,"comment_status":"closed","ping_status":"closed","template":"","meta":{"footnotes":""},"categories":[],"tags":[],"class_list":["post-3229","page","type-page","status-publish","hentry"],"_links":{"self":[{"href":"https:\/\/anibalsilveira.org\/en\/wp-json\/wp\/v2\/pages\/3229","targetHints":{"allow":["GET"]}}],"collection":[{"href":"https:\/\/anibalsilveira.org\/en\/wp-json\/wp\/v2\/pages"}],"about":[{"href":"https:\/\/anibalsilveira.org\/en\/wp-json\/wp\/v2\/types\/page"}],"author":[{"embeddable":true,"href":"https:\/\/anibalsilveira.org\/en\/wp-json\/wp\/v2\/users\/8"}],"replies":[{"embeddable":true,"href":"https:\/\/anibalsilveira.org\/en\/wp-json\/wp\/v2\/comments?post=3229"}],"version-history":[{"count":1,"href":"https:\/\/anibalsilveira.org\/en\/wp-json\/wp\/v2\/pages\/3229\/revisions"}],"predecessor-version":[{"id":3232,"href":"https:\/\/anibalsilveira.org\/en\/wp-json\/wp\/v2\/pages\/3229\/revisions\/3232"}],"wp:attachment":[{"href":"https:\/\/anibalsilveira.org\/en\/wp-json\/wp\/v2\/media?parent=3229"}],"wp:term":[{"taxonomy":"category","embeddable":true,"href":"https:\/\/anibalsilveira.org\/en\/wp-json\/wp\/v2\/categories?post=3229"},{"taxonomy":"post_tag","embeddable":true,"href":"https:\/\/anibalsilveira.org\/en\/wp-json\/wp\/v2\/tags?post=3229"}],"curies":[{"name":"wp","href":"https:\/\/api.w.org\/{rel}","templated":true}]}}