{"id":3553,"date":"2026-04-08T20:37:26","date_gmt":"2026-04-08T23:37:26","guid":{"rendered":"https:\/\/anibalsilveira.org\/?page_id=3553"},"modified":"2026-04-08T20:37:26","modified_gmt":"2026-04-08T23:37:26","slug":"programa-de-cuidado-psicossocial-no-ambito-familiar","status":"publish","type":"page","link":"https:\/\/anibalsilveira.org\/en\/programa-de-cuidado-psicossocial-no-ambito-familiar\/","title":{"rendered":"Programa de cuidado psicossocial, no \u00e2mbito familiar"},"content":{"rendered":"<p>O Programa se desenvolve no \u00e2mbito domiciliar com supervis\u00e3o t\u00e9cnica e suporte psiqui\u00e1trico on-line. Do ponto de vista conceitual e t\u00e9cnico est\u00e1 fundamentado na experi\u00eancia inglesa, preconizada por Thornicroft, denominado de Interven\u00e7\u00e3o Assertiva Domiciliar e na experi\u00eancia escandinava denominada de Open Dialogue.<\/p>\n\n\n\n<ol class=\"wp-block-list\">\n<li>O Programa \u00e9 direcionado para pacientes com quadros psiqui\u00e1tricos graves, sobretudo, os de natureza psic\u00f3tica.<\/li>\n\n\n\n<li>Particularmente, os casos de primeiro surto psic\u00f3tico ou tentativas graves de suic\u00eddio podem se beneficiar muito desse tipo de abordagem: a maior parte desses casos decorrem de formas benignas e n\u00e3o progressivas de psicoses end\u00f3genas. Em sua grande maioria, esses surtos remitem em dias ou semanas, de forma que o cuidado no \u00e2mbito domiciliar contribui, fortemente, para a n\u00e3o estigmatiza\u00e7\u00e3o dessas pessoas, ou a sua exposi\u00e7\u00e3o social.<\/li>\n\n\n\n<li>No caso de reagudiza\u00e7\u00e3o de sintomas de doen\u00e7a mental progressiva (esquizofrenia) a estrat\u00e9gia do cuidado domiciliar humaniza e qualifica o tratamento, al\u00e9m de traduzir um custo muito menor do que o de uma interna\u00e7\u00e3o psiqui\u00e1trica convencional.<\/li>\n<\/ol>\n\n\n\n<ol start=\"4\" class=\"wp-block-list\">\n<li>O Programa subentende a integra\u00e7\u00e3o das seguintes atividades de suporte e de tratamento:<br>4.1 \u2013 supervis\u00e3o psiqui\u00e1trica on-line enquanto o paciente exigir um cuidado mais intensivo, isto \u00e9, at\u00e9 a remiss\u00e3o do surto, ameniza\u00e7\u00e3o dos sintomas psic\u00f3ticos ou redu\u00e7\u00e3o do risco de autoexterm\u00ednio.<br>4.2 \u2013 estabelecer uma estrat\u00e9gia de cuidado domiciliar, balizada pela avalia\u00e7\u00e3o in loco, quanto \u00e0 intensidade da resposta exigida para uma determinada situa\u00e7\u00e3o da crise:<br>\u00a0 \u00a0 \u00a0 \u00a0 4.2.1 &#8211; nos casos de confus\u00e3o mental, de natureza infecciosa ou metab\u00f3lica, a orienta\u00e7\u00e3o vai ser o seu encaminhamento para o hospital cl\u00ednico de refer\u00eancia;<br>\u00a0 \u00a0 \u00a0 \u00a0 4.2.3 &#8211; eventualmente, em alguns casos, o t\u00e9cnico de refer\u00eancia poder\u00e1 pernoitar no domic\u00edlio (24 hs);\u00a0<br>\u00a0 \u00a0 \u00a0 \u00a0 4.2.4 \u2013 nos demais casos, haver\u00e1 o tratamento em \u00e2mbito domiciliar at\u00e9 que seja poss\u00edvel o atendimento online;<br>\u00a0 \u00a0 \u00a0 \u00a0 4.2.5 \u2013 se for necess\u00e1rio, ser\u00e1 realizada consulta presencial com o psiquiatra, juntamente com o t\u00e9cnico de refer\u00eancia.<\/li>\n\n\n\n<li>O custo dos variados componentes do Programa, se apresenta abaixo:<\/li>\n<\/ol>\n\n\n\n<figure class=\"wp-block-table\"><table class=\"has-fixed-layout\"><tbody><tr><td><strong>Modalidade de cuidado<\/strong><\/td><td><strong>Descri\u00e7\u00e3o do cuidado<\/strong><\/td><td><strong>Descri\u00e7\u00e3o do custo<\/strong><\/td><\/tr><tr><td rowspan=\"4\"><br><strong>Interven\u00e7\u00e3o domiciliar<\/strong><\/td><td><strong>1 visita de 2 hs<\/strong><\/td><td><strong>400,00<\/strong><\/td><\/tr><tr><td><strong>2 visitas: segundas e quintas<\/strong><\/td><td><strong>700,00<\/strong><\/td><\/tr><tr><td><strong>3 visitas: segunda, quarta e sexta<\/strong><\/td><td><strong>900,00<\/strong><\/td><\/tr><tr><td><strong>Perman\u00eancia de at\u00e9 36 hs<\/strong><\/td><td><strong>2.000,00<\/strong><\/td><\/tr><tr><td><strong>Suporte on-line<\/strong><\/td><td><strong>Suporte 24 hs<\/strong><\/td><td><strong>Sem custo<\/strong><\/td><\/tr><\/tbody><\/table><\/figure>","protected":false},"excerpt":{"rendered":"<p>O Programa se desenvolve no \u00e2mbito domiciliar com supervis\u00e3o t\u00e9cnica e suporte psiqui\u00e1trico on-line. Do ponto de vista conceitual e t\u00e9cnico est\u00e1 fundamentado na experi\u00eancia inglesa, preconizada por Thornicroft, denominado de Interven\u00e7\u00e3o Assertiva Domiciliar e na experi\u00eancia escandinava denominada de Open Dialogue. Modalidade de cuidado Descri\u00e7\u00e3o do cuidado Descri\u00e7\u00e3o do custo Interven\u00e7\u00e3o domiciliar 1 visita [&hellip;]<\/p>\n","protected":false},"author":8,"featured_media":0,"parent":0,"menu_order":0,"comment_status":"closed","ping_status":"closed","template":"","meta":{"footnotes":""},"categories":[],"tags":[],"class_list":["post-3553","page","type-page","status-publish","hentry"],"_links":{"self":[{"href":"https:\/\/anibalsilveira.org\/en\/wp-json\/wp\/v2\/pages\/3553","targetHints":{"allow":["GET"]}}],"collection":[{"href":"https:\/\/anibalsilveira.org\/en\/wp-json\/wp\/v2\/pages"}],"about":[{"href":"https:\/\/anibalsilveira.org\/en\/wp-json\/wp\/v2\/types\/page"}],"author":[{"embeddable":true,"href":"https:\/\/anibalsilveira.org\/en\/wp-json\/wp\/v2\/users\/8"}],"replies":[{"embeddable":true,"href":"https:\/\/anibalsilveira.org\/en\/wp-json\/wp\/v2\/comments?post=3553"}],"version-history":[{"count":1,"href":"https:\/\/anibalsilveira.org\/en\/wp-json\/wp\/v2\/pages\/3553\/revisions"}],"predecessor-version":[{"id":3556,"href":"https:\/\/anibalsilveira.org\/en\/wp-json\/wp\/v2\/pages\/3553\/revisions\/3556"}],"wp:attachment":[{"href":"https:\/\/anibalsilveira.org\/en\/wp-json\/wp\/v2\/media?parent=3553"}],"wp:term":[{"taxonomy":"category","embeddable":true,"href":"https:\/\/anibalsilveira.org\/en\/wp-json\/wp\/v2\/categories?post=3553"},{"taxonomy":"post_tag","embeddable":true,"href":"https:\/\/anibalsilveira.org\/en\/wp-json\/wp\/v2\/tags?post=3553"}],"curies":[{"name":"wp","href":"https:\/\/api.w.org\/{rel}","templated":true}]}}