{"id":3583,"date":"2026-04-08T20:51:39","date_gmt":"2026-04-08T23:51:39","guid":{"rendered":"https:\/\/anibalsilveira.org\/?page_id=3583"},"modified":"2026-04-08T20:51:39","modified_gmt":"2026-04-08T23:51:39","slug":"instituto-anibal-silveira","status":"publish","type":"page","link":"https:\/\/anibalsilveira.org\/en\/instituto-anibal-silveira\/","title":{"rendered":"Instituto An\u00edbal Silveira"},"content":{"rendered":"<p>O Instituto An\u00edbal Silveira &#8211; IAS foi criado como um desdobramento do processo de constru\u00e7\u00e3o e de implementa\u00e7\u00e3o do Centro de Estudos e Pesquisas An\u00edbal Silveira \u2013 CEPAS, vinculado \u00e0 Associa\u00e7\u00e3o An\u00edbal Silveira. Essa entidade foi concebida para propiciar o acesso universal e gratuito para o legado te\u00f3rico e pr\u00e1tico do psic\u00f3logo e psiquiatra An\u00edbal Silveira, por meio de um site &#8211; <a href=\"http:\/\/www.anibalsilveira.org\">www.anibalsilveira.org<\/a> -, cabendo aos seus associados o custeio das despesas relacionadas com a sua manuten\u00e7\u00e3o e atualiza\u00e7\u00e3o.<\/p>\n\n\n\n<p>Em mar\u00e7o de 2026 foi decidida a cria\u00e7\u00e3o do IAS, como uma entidade com fins lucrativos visando patrocinar e financiar as atividades do CEPAS, garantindo dessa forma um mecanismo para viabilizar a sua perenidade.<\/p>\n\n\n\n<p>Nessa dire\u00e7\u00e3o, o IAS vai implementar tr\u00eas programas distintos: um Programa de Forma\u00e7\u00e3o, um Programa de Supervis\u00e3o e um Programa de Aten\u00e7\u00e3o Psicossocial, que s\u00e3o apresentados a seguir.<\/p>\n\n\n\n<div class=\"wp-block-columns is-layout-flex wp-container-core-columns-is-layout-9d6595d7 wp-block-columns-is-layout-flex\">\n<div class=\"wp-block-column text-center is-layout-flow wp-block-column-is-layout-flow\"><div class=\"wp-block-image\">\n<figure class=\"aligncenter size-full is-resized\"><img loading=\"lazy\" decoding=\"async\" width=\"256\" height=\"256\" src=\"https:\/\/anibalsilveira.org\/wp-content\/uploads\/2022\/06\/002-people.png\" alt=\"Saude Mental e Trabalho\" class=\"wp-image-346\" style=\"width:115px;height:auto\" srcset=\"https:\/\/anibalsilveira.org\/wp-content\/uploads\/2022\/06\/002-people.png 256w, https:\/\/anibalsilveira.org\/wp-content\/uploads\/2022\/06\/002-people-150x150.png 150w, https:\/\/anibalsilveira.org\/wp-content\/uploads\/2022\/06\/002-people-12x12.png 12w\" sizes=\"auto, (max-width: 256px) 100vw, 256px\" \/><figcaption class=\"wp-element-caption\"><a href=\"https:\/\/anibalsilveira.org\/programa-de-formacao\/\" data-type=\"link\" data-id=\"https:\/\/anibalsilveira.org\/programa-de-formacao\/\"><strong><mark style=\"background-color:rgba(0, 0, 0, 0)\" class=\"has-inline-color has-primary-color\">Programa de forma\u00e7\u00e3o<\/mark><\/strong><\/a><\/figcaption><\/figure>\n<\/div><\/div>\n\n\n\n<div class=\"wp-block-column is-layout-flow wp-block-column-is-layout-flow\"><div class=\"wp-block-image\">\n<figure class=\"aligncenter size-full is-resized\"><img loading=\"lazy\" decoding=\"async\" width=\"256\" height=\"256\" src=\"https:\/\/anibalsilveira.org\/wp-content\/uploads\/2022\/06\/002-people.png\" alt=\"Saude Mental e Trabalho\" class=\"wp-image-346\" style=\"width:115px;height:auto\" srcset=\"https:\/\/anibalsilveira.org\/wp-content\/uploads\/2022\/06\/002-people.png 256w, https:\/\/anibalsilveira.org\/wp-content\/uploads\/2022\/06\/002-people-150x150.png 150w, https:\/\/anibalsilveira.org\/wp-content\/uploads\/2022\/06\/002-people-12x12.png 12w\" sizes=\"auto, (max-width: 256px) 100vw, 256px\" \/><figcaption class=\"wp-element-caption\"><a href=\"https:\/\/anibalsilveira.org\/programa-de-atencao-psicossocial\/\"><strong><mark style=\"background-color:rgba(0, 0, 0, 0)\" class=\"has-inline-color has-primary-color\">Programa de Aten\u00e7\u00e3o Psicossocial<\/mark><\/strong><\/a><\/figcaption><\/figure>\n<\/div><\/div>\n\n\n\n<div class=\"wp-block-column is-layout-flow wp-block-column-is-layout-flow\"><div class=\"wp-block-image\">\n<figure class=\"aligncenter size-full is-resized\"><img loading=\"lazy\" decoding=\"async\" width=\"256\" height=\"256\" src=\"https:\/\/anibalsilveira.org\/wp-content\/uploads\/2022\/06\/001-presentation.png\" alt=\"\" class=\"wp-image-345\" style=\"width:112px;height:auto\" srcset=\"https:\/\/anibalsilveira.org\/wp-content\/uploads\/2022\/06\/001-presentation.png 256w, https:\/\/anibalsilveira.org\/wp-content\/uploads\/2022\/06\/001-presentation-150x150.png 150w, https:\/\/anibalsilveira.org\/wp-content\/uploads\/2022\/06\/001-presentation-12x12.png 12w\" sizes=\"auto, (max-width: 256px) 100vw, 256px\" \/><figcaption class=\"wp-element-caption\"><a href=\"https:\/\/anibalsilveira.org\/programa-de-supervisao\/\" data-type=\"link\" data-id=\"https:\/\/anibalsilveira.org\/programa-de-formacao-e-supervisao\/\"><strong><mark style=\"background-color:rgba(0, 0, 0, 0)\" class=\"has-inline-color has-primary-color\">Programa de Supervis\u00e3o<\/mark><\/strong><\/a><\/figcaption><\/figure>\n<\/div><\/div>\n<\/div>","protected":false},"excerpt":{"rendered":"<p>O Instituto An\u00edbal Silveira &#8211; IAS foi criado como um desdobramento do processo de constru\u00e7\u00e3o e de implementa\u00e7\u00e3o do Centro de Estudos e Pesquisas An\u00edbal Silveira \u2013 CEPAS, vinculado \u00e0 Associa\u00e7\u00e3o An\u00edbal Silveira. Essa entidade foi concebida para propiciar o acesso universal e gratuito para o legado te\u00f3rico e pr\u00e1tico do psic\u00f3logo e psiquiatra An\u00edbal [&hellip;]<\/p>\n","protected":false},"author":8,"featured_media":0,"parent":0,"menu_order":0,"comment_status":"closed","ping_status":"closed","template":"","meta":{"footnotes":""},"categories":[],"tags":[],"class_list":["post-3583","page","type-page","status-publish","hentry"],"_links":{"self":[{"href":"https:\/\/anibalsilveira.org\/en\/wp-json\/wp\/v2\/pages\/3583","targetHints":{"allow":["GET"]}}],"collection":[{"href":"https:\/\/anibalsilveira.org\/en\/wp-json\/wp\/v2\/pages"}],"about":[{"href":"https:\/\/anibalsilveira.org\/en\/wp-json\/wp\/v2\/types\/page"}],"author":[{"embeddable":true,"href":"https:\/\/anibalsilveira.org\/en\/wp-json\/wp\/v2\/users\/8"}],"replies":[{"embeddable":true,"href":"https:\/\/anibalsilveira.org\/en\/wp-json\/wp\/v2\/comments?post=3583"}],"version-history":[{"count":1,"href":"https:\/\/anibalsilveira.org\/en\/wp-json\/wp\/v2\/pages\/3583\/revisions"}],"predecessor-version":[{"id":3587,"href":"https:\/\/anibalsilveira.org\/en\/wp-json\/wp\/v2\/pages\/3583\/revisions\/3587"}],"wp:attachment":[{"href":"https:\/\/anibalsilveira.org\/en\/wp-json\/wp\/v2\/media?parent=3583"}],"wp:term":[{"taxonomy":"category","embeddable":true,"href":"https:\/\/anibalsilveira.org\/en\/wp-json\/wp\/v2\/categories?post=3583"},{"taxonomy":"post_tag","embeddable":true,"href":"https:\/\/anibalsilveira.org\/en\/wp-json\/wp\/v2\/tags?post=3583"}],"curies":[{"name":"wp","href":"https:\/\/api.w.org\/{rel}","templated":true}]}}