{"id":5,"date":"2022-06-20T13:01:23","date_gmt":"2022-06-20T16:01:23","guid":{"rendered":"http:\/\/anibalsilveira.org\/?page_id=5"},"modified":"2022-11-10T17:12:36","modified_gmt":"2022-11-10T20:12:36","slug":"biblioteca-virtual","status":"publish","type":"page","link":"https:\/\/anibalsilveira.org\/en\/biblioteca-virtual\/","title":{"rendered":"Biblioteca Virtual"},"content":{"rendered":"<div class=\"wp-block-columns is-layout-flex wp-container-core-columns-is-layout-9d6595d7 wp-block-columns-is-layout-flex\">\n<div class=\"wp-block-column is-layout-flow wp-block-column-is-layout-flow\" style=\"flex-basis:66.66%\">\n<h4 class=\"wp-block-heading\">Produ\u00e7\u00e3o intelectual de An\u00edbal Silveira<\/h4>\n\n\n\n<h4 class=\"wp-block-heading\">Psiquiatria<\/h4>\n\n\n\n<h4 class=\"wp-block-heading\">Psicopatologia<\/h4>\n\n\n\n<h4 class=\"wp-block-heading\">Semiologia psiqui\u00e1trica<\/h4>\n\n\n\n<h4 class=\"wp-block-heading\">Psicologia<\/h4>\n\n\n\n<h4 class=\"wp-block-heading\">Teoria da personalidade<\/h4>\n\n\n\n<h4 class=\"wp-block-heading\">C\u00e9rebro e psiquismo<\/h4>\n\n\n\n<h4 class=\"wp-block-heading\">Estrutura e funcionamento cerebral<\/h4>\n\n\n\n<h4 class=\"wp-block-heading\">Projeto Conectoma Humano<\/h4>\n\n\n\n<h4 class=\"wp-block-heading\">Projeto Genoma Humano<\/h4>\n\n\n\n<h4 class=\"wp-block-heading\">Sa\u00fade Mental e Trabalho<\/h4>\n\n\n\n<h4 class=\"wp-block-heading\">Aten\u00e7\u00e3o Psicossocial<\/h4>\n\n\n\n<h4 class=\"wp-block-heading\">Terapia Comunit\u00e1ria<\/h4>\n\n\n\n<h4 class=\"wp-block-heading\">Psychodiagnosis<\/h4>\n\n\n\n<h4 class=\"wp-block-heading\">Refer\u00eancias vinculadas a Comte<\/h4>\n\n\n\n<div class=\"wp-block-file\"><\/div>\n<\/div>\n\n\n\n<div class=\"wp-block-column is-layout-flow wp-block-column-is-layout-flow\" style=\"flex-basis:33.33%\"><div class=\"content-control-container jp-cc content-control-accessible jp-cc-accessible\"><\/p>\n\n\n\n<div class=\"wp-block-group has-background has-normal-font-size\" style=\"background-color:#eef0f0\"><div class=\"wp-block-group__inner-container is-layout-flow wp-block-group-is-layout-flow\">\n<h5 class=\"mt-0 wp-block-heading\">O acesso a esses arquivos \u00e9 restrito \u00e0 associados<\/h5>\n\n\n\n<div class=\"wp-block-buttons is-layout-flex wp-block-buttons-is-layout-flex\">\n<div class=\"wp-block-button\"><a class=\"wp-block-button__link\" href=\"https:\/\/anibalsilveira.org\/formulario-de-inscricao\/\">Associe-se<\/a><\/div>\n<\/div>\n\n\n\n<h5 class=\"wp-block-heading\">J\u00e1 \u00e9 associado?<\/h5>\n\n\n\n<div class=\"wp-block-buttons is-layout-flex wp-block-buttons-is-layout-flex\">\n<div class=\"wp-block-button\"><a class=\"wp-block-button__link has-secondary-background-color has-background\" href=\"\/wp-login.php?redirect_to=\/biblioteca-virtual\/\">Entrar<\/a><\/div>\n<\/div>\n<\/div><\/div>\n\n\n<p><\/div>\n<\/div>\n<\/div>","protected":false},"excerpt":{"rendered":"<p>Produ\u00e7\u00e3o intelectual de An\u00edbal Silveira Psiquiatria Psicopatologia Semiologia psiqui\u00e1trica Psicologia Teoria da personalidade C\u00e9rebro e psiquismo Estrutura e funcionamento cerebral Projeto Conectoma Humano Projeto Genoma Humano Sa\u00fade Mental e Trabalho Aten\u00e7\u00e3o Psicossocial Terapia Comunit\u00e1ria Psicodiagn\u00f3stico Refer\u00eancias vinculadas a Comte<\/p>","protected":false},"author":1,"featured_media":0,"parent":0,"menu_order":0,"comment_status":"closed","ping_status":"closed","template":"templates\/template-full-width.php","meta":{"footnotes":""},"categories":[],"tags":[],"class_list":["post-5","page","type-page","status-publish","hentry"],"_links":{"self":[{"href":"https:\/\/anibalsilveira.org\/en\/wp-json\/wp\/v2\/pages\/5","targetHints":{"allow":["GET"]}}],"collection":[{"href":"https:\/\/anibalsilveira.org\/en\/wp-json\/wp\/v2\/pages"}],"about":[{"href":"https:\/\/anibalsilveira.org\/en\/wp-json\/wp\/v2\/types\/page"}],"author":[{"embeddable":true,"href":"https:\/\/anibalsilveira.org\/en\/wp-json\/wp\/v2\/users\/1"}],"replies":[{"embeddable":true,"href":"https:\/\/anibalsilveira.org\/en\/wp-json\/wp\/v2\/comments?post=5"}],"version-history":[{"count":44,"href":"https:\/\/anibalsilveira.org\/en\/wp-json\/wp\/v2\/pages\/5\/revisions"}],"predecessor-version":[{"id":777,"href":"https:\/\/anibalsilveira.org\/en\/wp-json\/wp\/v2\/pages\/5\/revisions\/777"}],"wp:attachment":[{"href":"https:\/\/anibalsilveira.org\/en\/wp-json\/wp\/v2\/media?parent=5"}],"wp:term":[{"taxonomy":"category","embeddable":true,"href":"https:\/\/anibalsilveira.org\/en\/wp-json\/wp\/v2\/categories?post=5"},{"taxonomy":"post_tag","embeddable":true,"href":"https:\/\/anibalsilveira.org\/en\/wp-json\/wp\/v2\/tags?post=5"}],"curies":[{"name":"wp","href":"https:\/\/api.w.org\/{rel}","templated":true}]}}